{"id":150324,"date":"2026-03-11T12:32:00","date_gmt":"2026-03-11T11:32:00","guid":{"rendered":"https:\/\/pharmacima.com\/?post_type=product&#038;p=150324"},"modified":"2026-04-11T01:02:17","modified_gmt":"2026-04-11T00:02:17","slug":"cicatrisation-vaginale-cicatridine","status":"publish","type":"product","link":"https:\/\/pharmacima.com\/ar\/product\/cicatrisation-vaginale-cicatridine\/","title":{"rendered":"cicatrisation vaginale 10 Ovules Cicatridine"},"content":{"rendered":"<h1><strong>\u0648\u0635\u0641 :\u00a0<\/strong><\/h1>\n<h2>Cicatridine 10 Ovules Vaginaux est un dispositif m\u00e9dical aux propri\u00e9t\u00e9s r\u00e9paratrices, hydratantes et favorisant la cicatrisation.<\/h2>\n<p>C&rsquo;est un traitement adjuvant des processus de r\u00e9paration des \u00e9tats atrophiques et dystrophiques de la muqueuse vaginale. Il favorise la cicatrisation en post-partum, en chirurgie gyn\u00e9cologique, en cas de dystrophie cons\u00e9cutive \u00e0 la chimioth\u00e9rapie et aux radiations ionisantes. Il traite \u00e9galement la s\u00e9cheresse vaginale de nature diverse.<\/p>\n<p>\u00c0 l&rsquo;acide hyaluronique sel sodique 5 mg.<\/p>\n<p>Sans parab\u00e8nes. Sans hormones.<\/p>\n<ul class=\"a-unordered-list a-vertical a-spacing-mini\">\n<li class=\"a-spacing-mini\"><span class=\"a-list-item\">Traitement en compl\u00e9ment du processus de r\u00e9paration de la muqueuse vaginale. En cas d&rsquo;atrophie vaginale (ex : perte de souplesse, d&rsquo;\u00e9paisseur ou de lubrification au niveau du vagin) ou de dystrophie vaginale (\u00e9tat anormal de la muqueuse vaginale)<\/span><\/li>\n<li class=\"a-spacing-mini\"><span class=\"a-list-item\">Traitement de la s\u00e9cheresse vaginale de nature diverse. Propri\u00e9t\u00e9s hydratantes<\/span><\/li>\n<li class=\"a-spacing-mini\"><span class=\"a-list-item\">Favorise la cicatrisation en post-partum, en chirurgie gyn\u00e9cologique, en cas de dystrophie cons\u00e9cutive \u00e0 la chimioth\u00e9rapie et aux radiations ionisantes.<\/span><\/li>\n<li class=\"a-spacing-mini\"><span class=\"a-list-item\">Cicatridine ovules exercent leur activit\u00e9 gr\u00e2ce \u00e0 la pr\u00e9sence d\u2019acide hyaluronique. L\u2019acide hyaluronique, gr\u00e2ce \u00e0 sa capacit\u00e9 \u00e0 retenir l\u2019eau, forme un film qui hydrate, acc\u00e9l\u00e8re et favorise le processus de cicatrisation et la r\u00e9paration des tissus<\/span><\/li>\n<li class=\"a-spacing-mini\"><span class=\"a-list-item\">Formul\u00e9s sans ajout d&rsquo;hormones et de parab\u00e8nes<\/span><\/li>\n<\/ul>\n<h2><strong>\u0627\u0633\u062a\u062e\u062f\u0627\u0645 \u0627\u0644\u0645\u0634\u0648\u0631\u0629:\u00a0<\/strong><\/h2>\n<div id=\"type_info_prio_6_1\">\n<p>Dispositif m\u00e9dical Cicatridine.<br \/>\nLire les instructions d&rsquo;utilisation se trouvant dans la notice interne.<\/p>\n<p>\u00c0 conserver \u00e0 l&rsquo;abri de la lumi\u00e8re et de la chaleur, de pr\u00e9f\u00e9rence \u00e0 une temp\u00e9rature entre 4\u00b0C et 25\u00b0C. \u00c9viter les temp\u00e9ratures sup\u00e9rieures \u00e0 30\u00b0C.<br \/>\nLa date de p\u00e9remption fait r\u00e9f\u00e9rence au produit dans son emballage ferm\u00e9 et conserv\u00e9 correctement.<\/p>\n<p>\u064a\u062d\u0641\u0638 \u0628\u0639\u064a\u062f\u0627 \u0639\u0646 \u0645\u062a\u0646\u0627\u0648\u0644 \u0627\u0644\u0623\u0637\u0641\u0627\u0644.<\/p>\n<\/div>\n<div class=\"description_indication\"><span class=\"bold\">\u0625\u0634\u0627\u0631\u0629<\/span>\u00a0:\u00a0<span id=\"type_info_prio_6_2_1\">Cicatrisation des l\u00e9sions vulvovaginales de toute origine.<\/span><\/div>\n<h2>\u0627\u0644\u062a\u0631\u0643\u064a\u0628\u0629 :<\/h2>\n<div class=\"div_table_informations\">\n<div id=\"composition\" class=\"tab_content active\">\n<div class=\"longcompo\">\n<p>Acide hyaluronique sel sodique 5 mg, Extrait d&rsquo;huile de Centella Asiatica, Extrait d&rsquo;huile de Calendula, Extrait d&rsquo;huile d&rsquo;Aloe Vera, Huile essentielle de M\u00e9laleuque Glyc\u00e9rides semi-synth\u00e9tiques, BHT.<\/p>\n<\/div>\n<\/div>\n<\/div>","protected":false},"excerpt":{"rendered":"<p>DESCRIPTION :\u00a0 Cicatridine 10 Ovules Vaginaux est un dispositif m\u00e9dical aux propri\u00e9t\u00e9s r\u00e9paratrices, hydratantes et favorisant la cicatrisation. C&rsquo;est un traitement adjuvant des processus de r\u00e9paration des \u00e9tats atrophiques et dystrophiques de la muqueuse vaginale. Il favorise la cicatrisation en post-partum, en chirurgie gyn\u00e9cologique, en cas de dystrophie cons\u00e9cutive \u00e0 la chimioth\u00e9rapie et aux radiations [&hellip;]<\/p>\n","protected":false},"featured_media":150514,"comment_status":"open","ping_status":"closed","template":"","meta":{"_acf_changed":false},"product_brand":[1629],"product_cat":[102,139,96],"product_tag":[],"class_list":{"0":"post-150324","1":"product","2":"type-product","3":"status-publish","4":"has-post-thumbnail","6":"product_brand-hra-pharma","7":"product_cat-soin-et-bien-etre","8":"product_cat-corps_","9":"product_cat-hygiene-protection","11":"first","12":"outofstock","13":"taxable","14":"shipping-taxable","15":"purchasable","16":"product-type-simple"},"acf":[],"_links":{"self":[{"href":"https:\/\/pharmacima.com\/ar\/wp-json\/wp\/v2\/product\/150324","targetHints":{"allow":["GET"]}}],"collection":[{"href":"https:\/\/pharmacima.com\/ar\/wp-json\/wp\/v2\/product"}],"about":[{"href":"https:\/\/pharmacima.com\/ar\/wp-json\/wp\/v2\/types\/product"}],"replies":[{"embeddable":true,"href":"https:\/\/pharmacima.com\/ar\/wp-json\/wp\/v2\/comments?post=150324"}],"wp:featuredmedia":[{"embeddable":true,"href":"https:\/\/pharmacima.com\/ar\/wp-json\/wp\/v2\/media\/150514"}],"wp:attachment":[{"href":"https:\/\/pharmacima.com\/ar\/wp-json\/wp\/v2\/media?parent=150324"}],"wp:term":[{"taxonomy":"product_brand","embeddable":true,"href":"https:\/\/pharmacima.com\/ar\/wp-json\/wp\/v2\/product_brand?post=150324"},{"taxonomy":"product_cat","embeddable":true,"href":"https:\/\/pharmacima.com\/ar\/wp-json\/wp\/v2\/product_cat?post=150324"},{"taxonomy":"product_tag","embeddable":true,"href":"https:\/\/pharmacima.com\/ar\/wp-json\/wp\/v2\/product_tag?post=150324"}],"curies":[{"name":"wp","href":"https:\/\/api.w.org\/{rel}","templated":true}]}}