{"id":150484,"date":"2026-03-24T12:42:46","date_gmt":"2026-03-24T11:42:46","guid":{"rendered":"https:\/\/pharmacima.com\/?post_type=product&#038;p=150484"},"modified":"2026-04-30T20:05:27","modified_gmt":"2026-04-30T19:05:27","slug":"aftaclear-douleur-anti-aphtes-10ml-sunstar","status":"publish","type":"product","link":"https:\/\/pharmacima.com\/ar\/product\/aftaclear-douleur-anti-aphtes-10ml-sunstar\/","title":{"rendered":"AftaClear douleur Anti aphtes 10ml Sunstar"},"content":{"rendered":"<h1><strong>DESCRIPTION :\u00a0<\/strong><\/h1>\n<h2><span dir=\"auto\">La douleur caus\u00e9e par les aphtes ou les ulc\u00e8res buccaux peut limiter la vie de vos patients.<\/span><\/h2>\n<p><span dir=\"auto\">Aidez-les \u00e0 reprendre le contr\u00f4le gr\u00e2ce au gel GUM AftaClear pour un soulagement rapide et efficace d\u00e8s la premi\u00e8re application.<\/span><\/p>\n<p><span dir=\"auto\">Le gel GUM AftaClear est particuli\u00e8rement indiqu\u00e9 pour le traitement aigu des aphtes, des abrasions orthodontiques, des irritations dues aux proth\u00e8ses dentaires, des br\u00fblures l\u00e9g\u00e8res et autres petites l\u00e9sions buccales. Sa longue canule facilite grandement son application locale.<\/span><\/p>\n<h2><strong>CONSEIL D&rsquo;UTILISATION :\u00a0<\/strong><\/h2>\n<p>Appliquer 1\u00a0cm jusqu\u2019\u00e0 3\u00a0fois par jour, apr\u00e8s les repas, pendant une semaine. Il est recommand\u00e9 d\u2019\u00e9viter de manger ou de boire pendant au moins 30\u00a0minutes apr\u00e8s l\u2019application.<\/p>\n<h2>COMPOSITION :<\/h2>\n<div class=\"tabs panelcontainer aem-GridColumn aem-GridColumn--default--12\">\n<div id=\"tabs-b4e6de5f7a\" class=\"cmp-tabs\" data-cmp-data-layer=\"{&quot;tabs-b4e6de5f7a&quot;:{&quot;shownItems&quot;:[&quot;tabs-b4e6de5f7a-item-63cdc9241e&quot;],&quot;@type&quot;:&quot;gum\/components\/tabs&quot;}}\" data-placeholder-text=\"false\">\n<div id=\"tabs-b4e6de5f7a-item-63cdc9241e-tabpanel\" class=\"cmp-tabs__tabpanel cmp-tabs__tabpanel--active\" tabindex=\"0\" role=\"tabpanel\" aria-labelledby=\"tabs-b4e6de5f7a-item-63cdc9241e-tab\" data-cmp-hook-tabs=\"tabpanel\" data-cmp-data-layer=\"{&quot;tabs-b4e6de5f7a-item-63cdc9241e&quot;:{&quot;@type&quot;:&quot;gum\/components\/tabs\/item&quot;,&quot;dc:title&quot;:&quot;List of ingredients&quot;}}\">\n<div class=\"container responsivegrid\">\n<div id=\"container-63cdc9241e\" class=\"cmp-container\" data-carousel-accessibility-label=\"Carousel item\">\n<div class=\"aem-Grid aem-Grid--12 aem-Grid--default--12 \">\n<div class=\"text aem-GridColumn aem-GridColumn--default--12\">\n<div id=\"text-7bba6894b9\" class=\"cmp-text\" data-cmp-data-layer=\"{&quot;text-7bba6894b9&quot;:{&quot;@type&quot;:&quot;gum\/components\/text&quot;,&quot;repo:modifyDate&quot;:&quot;2026-01-14T10:59:16Z&quot;,&quot;xdm:text&quot;:&quot;&lt;p&gt;Hydrogenated Starch Hydrolysate, Aqua, Propanediol, Propylene Glycol, Polycarbophil, Sodium Hydroxide, Taurine, PVP, Xylitol, Maltodextrin, Gluconolactone, Opuntia Ficus-Indica Stem Extract, Sodium Hyaluronate, Olea Europaea Leaf Extract, Sodium Benzoate, Bisabolol, Sucralose, Aroma, Stevia Rebaudiana Extract, Calcium Gluconate, CI 19140, Zingiber Officinale Root Extract, CI 42090.&lt;\/p&gt;\\r\\n&quot;}}\" data-translation-show-phone-number=\"Show phone number\" data-translation-show-email-address=\"Show email\">\n<p><span dir=\"auto\">Hydrolysat d&rsquo;amidon hydrog\u00e9n\u00e9, Aqua, Propanediol, Propyl\u00e8ne Glycol, Polycarbophile, Hydroxyde de sodium, Taurine, PVP, Xylitol, Maltodextrine, Gluconolactone, Extrait de tige d&rsquo;Opuntia Ficus-Indica, Hyaluronate de sodium, Extrait de feuille d&rsquo;Olea Europaea, Benzoate de sodium, Bisabolol, Sucralose, Ar\u00f4me, Extrait de Stevia Rebaudiana, Gluconate de calcium, CI 19140, Extrait de racine de Zingiber Officinale, CI 42090.<\/span><\/p>\n<\/div>\n<\/div>\n<\/div>\n<\/div>\n<\/div>\n<\/div>\n<\/div>\n<\/div>\n","protected":false},"excerpt":{"rendered":"<p>DESCRIPTION :\u00a0 La douleur caus\u00e9e par les aphtes ou les ulc\u00e8res buccaux peut limiter la vie de vos patients. Aidez-les \u00e0 reprendre le contr\u00f4le gr\u00e2ce au gel GUM AftaClear pour un soulagement rapide et efficace d\u00e8s la premi\u00e8re application. Le gel GUM AftaClear est particuli\u00e8rement indiqu\u00e9 pour le traitement aigu des aphtes, des abrasions orthodontiques, [&hellip;]<\/p>\n","protected":false},"featured_media":150486,"comment_status":"open","ping_status":"closed","template":"","meta":{"_acf_changed":false},"product_brand":[1631],"product_cat":[1598],"product_tag":[],"class_list":{"0":"post-150484","1":"product","2":"type-product","3":"status-publish","4":"has-post-thumbnail","6":"product_brand-sunstar","7":"product_cat-hygiene-bucco-dentaire","9":"first","10":"instock","11":"sale","12":"taxable","13":"shipping-taxable","14":"purchasable","15":"product-type-simple"},"acf":[],"_links":{"self":[{"href":"https:\/\/pharmacima.com\/ar\/wp-json\/wp\/v2\/product\/150484","targetHints":{"allow":["GET"]}}],"collection":[{"href":"https:\/\/pharmacima.com\/ar\/wp-json\/wp\/v2\/product"}],"about":[{"href":"https:\/\/pharmacima.com\/ar\/wp-json\/wp\/v2\/types\/product"}],"replies":[{"embeddable":true,"href":"https:\/\/pharmacima.com\/ar\/wp-json\/wp\/v2\/comments?post=150484"}],"wp:featuredmedia":[{"embeddable":true,"href":"https:\/\/pharmacima.com\/ar\/wp-json\/wp\/v2\/media\/150486"}],"wp:attachment":[{"href":"https:\/\/pharmacima.com\/ar\/wp-json\/wp\/v2\/media?parent=150484"}],"wp:term":[{"taxonomy":"product_brand","embeddable":true,"href":"https:\/\/pharmacima.com\/ar\/wp-json\/wp\/v2\/product_brand?post=150484"},{"taxonomy":"product_cat","embeddable":true,"href":"https:\/\/pharmacima.com\/ar\/wp-json\/wp\/v2\/product_cat?post=150484"},{"taxonomy":"product_tag","embeddable":true,"href":"https:\/\/pharmacima.com\/ar\/wp-json\/wp\/v2\/product_tag?post=150484"}],"curies":[{"name":"wp","href":"https:\/\/api.w.org\/{rel}","templated":true}]}}