{"id":150487,"date":"2026-03-24T13:13:52","date_gmt":"2026-03-24T12:13:52","guid":{"rendered":"https:\/\/pharmacima.com\/?post_type=product&#038;p=150487"},"modified":"2026-03-25T12:07:38","modified_gmt":"2026-03-25T11:07:38","slug":"fil-dentaire-expanding-floss-sunstar","status":"publish","type":"product","link":"https:\/\/pharmacima.com\/ar\/product\/fil-dentaire-expanding-floss-sunstar\/","title":{"rendered":"Fil Dentaire Expanding Floss Sunstar"},"content":{"rendered":"<h1><strong>\u0648\u0635\u0641 :<\/strong><\/h1>\n<p><span dir=\"auto\">Notre fil dentaire tiss\u00e9 se pr\u00e9sente initialement sous forme de fil doux et textur\u00e9 qui se glisse facilement entre les dents. Une fois en place, il s&rsquo;\u00e9tend pour nettoyer une plus grande surface entre les dents et sous la gencive.<\/span><\/p>\n<p><span dir=\"auto\">Notre fil\u00a0 extensible sans saveur facilite l&rsquo;\u00e9limination de la plaque dentaire dans les zones difficiles d&rsquo;acc\u00e8s, m\u00eame pour les personnes ayant les dents serr\u00e9es. Deux fois plus efficace qu&rsquo;un fil classique. <\/span><\/p>\n<p><span dir=\"auto\">Il a \u00e9t\u00e9 d\u00e9montr\u00e9 que notre fil cir\u00e9 \u00e9limine deux fois plus de plaque dentaire que les principaux fils traditionnels.<\/span><\/p>\n<ul>\n<li><span dir=\"auto\">Le fil fin et souple se dilate pendant l&rsquo;utilisation pour un nettoyage plus en profondeur.<\/span><\/li>\n<li><span dir=\"auto\">Convient aux dents serr\u00e9es<\/span><\/li>\n<li><span dir=\"auto\">\u00c9limine 2 fois plus de plaque que le fil traditionnel*<\/span><\/li>\n<li><span dir=\"auto\">Sans saveur<\/span><\/li>\n<li><span dir=\"auto\">Distributeur pratique avec fen\u00eatre transparente<\/span><\/li>\n<li><span dir=\"auto\">Contribue \u00e0 pr\u00e9venir les caries, les maladies des gencives et la mauvaise haleine.<\/span><\/li>\n<\/ul>","protected":false},"excerpt":{"rendered":"<p>DESCRIPTION : Notre fil dentaire tiss\u00e9 se pr\u00e9sente initialement sous forme de fil doux et textur\u00e9 qui se glisse facilement entre les dents. Une fois en place, il s&rsquo;\u00e9tend pour nettoyer une plus grande surface entre les dents et sous la gencive. Notre fil\u00a0 extensible sans saveur facilite l&rsquo;\u00e9limination de la plaque dentaire dans les [&hellip;]<\/p>\n","protected":false},"featured_media":150488,"comment_status":"open","ping_status":"closed","template":"","meta":{"_acf_changed":false},"product_brand":[1631],"product_cat":[1598],"product_tag":[],"class_list":{"0":"post-150487","1":"product","2":"type-product","3":"status-publish","4":"has-post-thumbnail","6":"product_brand-sunstar","7":"product_cat-hygiene-bucco-dentaire","9":"first","10":"instock","11":"sale","12":"taxable","13":"shipping-taxable","14":"purchasable","15":"product-type-simple"},"acf":[],"_links":{"self":[{"href":"https:\/\/pharmacima.com\/ar\/wp-json\/wp\/v2\/product\/150487","targetHints":{"allow":["GET"]}}],"collection":[{"href":"https:\/\/pharmacima.com\/ar\/wp-json\/wp\/v2\/product"}],"about":[{"href":"https:\/\/pharmacima.com\/ar\/wp-json\/wp\/v2\/types\/product"}],"replies":[{"embeddable":true,"href":"https:\/\/pharmacima.com\/ar\/wp-json\/wp\/v2\/comments?post=150487"}],"wp:featuredmedia":[{"embeddable":true,"href":"https:\/\/pharmacima.com\/ar\/wp-json\/wp\/v2\/media\/150488"}],"wp:attachment":[{"href":"https:\/\/pharmacima.com\/ar\/wp-json\/wp\/v2\/media?parent=150487"}],"wp:term":[{"taxonomy":"product_brand","embeddable":true,"href":"https:\/\/pharmacima.com\/ar\/wp-json\/wp\/v2\/product_brand?post=150487"},{"taxonomy":"product_cat","embeddable":true,"href":"https:\/\/pharmacima.com\/ar\/wp-json\/wp\/v2\/product_cat?post=150487"},{"taxonomy":"product_tag","embeddable":true,"href":"https:\/\/pharmacima.com\/ar\/wp-json\/wp\/v2\/product_tag?post=150487"}],"curies":[{"name":"wp","href":"https:\/\/api.w.org\/{rel}","templated":true}]}}