{"id":150491,"date":"2026-03-24T13:35:16","date_gmt":"2026-03-24T12:35:16","guid":{"rendered":"https:\/\/pharmacima.com\/?post_type=product&#038;p=150491"},"modified":"2026-03-25T12:07:49","modified_gmt":"2026-03-25T11:07:49","slug":"dentifrice-acide-hyaluronique-75ml-cooper","status":"publish","type":"product","link":"https:\/\/pharmacima.com\/ar\/product\/dentifrice-acide-hyaluronique-75ml-cooper\/","title":{"rendered":"Dentifrice Acide Hyaluronique 75ml Cooper"},"content":{"rendered":"<h1><strong>\u0648\u0635\u0641 :\u00a0<\/strong><\/h1>\n<h1><strong>HYALUGEL DENTIFRICE \u00e0 l&rsquo;acide hyaluronique :\u00a0<\/strong><\/h1>\n<p>Forte de son expertise, la marque Hyalugel propose Hyalugel Dentifrice,\u00a0<strong>son premier dentifrice \u00e0 l&rsquo;acide hyaluronique<\/strong>.<\/p>\n<p>Hyalugel Dentifrice aide \u00e0<strong>\u00a0\u0635<\/strong><strong>\u00e9duire les signes d&rsquo;inflammation occasionnelle<\/strong>\u00a0des gencives (gonflement, rougeur, saignement occasionnel). Il aide \u00e0\u00a0<strong>pr\u00e9venir la s\u00e9cheresse buccale<\/strong>\u060c \u0627\u0644\u00a0<strong>aphtes<\/strong>\u00a0et l<strong>&lsquo;irritation buccale<\/strong>.<\/p>\n<p>Sa composition est caract\u00e9ris\u00e9e par la pr\u00e9sence d&rsquo;<strong>\u062d\u0645\u0636 \u0627\u0644\u0647\u064a\u0627\u0644\u0648\u0631\u0648\u0646\u064a\u0643<\/strong>\u00a0de haut poids mol\u00e9culaire,\u00a0<strong>similaire \u00e0 l&rsquo;acide hyaluronique naturellement pr\u00e9sent dans la muqueuse buccale<\/strong>. Sa formule, compos\u00e9e \u00e0\u00a0<strong>96% d&rsquo;ingr\u00e9dients d&rsquo;origine naturelle<\/strong>, est riche en\u00a0<strong>sels<\/strong>\u00a0et contient du<strong>\u00a0Fluor \u00e0 1450ppm<\/strong>.<\/p>\n<h2><strong>\u0627\u0633\u062a\u062e\u062f\u0627\u0645 \u0627\u0644\u0645\u0634\u0648\u0631\u0629:\u00a0<\/strong><\/h2>\n<p>\u0644\u064a\u0633\u062a\u062e\u062f\u0645\u00a0<strong>\u064a\u0648\u0645\u064a\u064b\u0627<\/strong>,\u00a0<strong>\u0645\u0631\u062a\u064a\u0646 \u0625\u0644\u0649 \u062b\u0644\u0627\u062b \u0645\u0631\u0627\u062a \u0641\u064a \u0627\u0644\u064a\u0648\u0645.<\/strong>, apr\u00e8s les\u00a0<strong>principaux repas<\/strong>, avec une brosse \u00e0 dents \u00e0\u00a0<strong>poils\u00a0souples.<\/strong><\/p>\n<h2><strong>\u0627\u0644\u062a\u0631\u0643\u064a\u0628\u0629 :\u00a0<\/strong><\/h2>\n<div class=\"single-product\">\n<div class=\"product\">\n<div class=\"col-12\">\n<div id=\"tab-1\" class=\"tabs clearfix mb-0 featureTab ui-tabs ui-corner-all ui-widget ui-widget-content\">\n<div class=\"tab-container\">\n<div id=\"tabs-3\" class=\"table_feature tab-content clearfix ui-tabs-panel ui-corner-bottom ui-widget-content\" role=\"tabpanel\" aria-labelledby=\"ui-id-3\" aria-hidden=\"false\">\n<p>Autres composants : eau, hydrogenated starch hydrolysate, hydrated silica, xylitol, sodium chloride, lauryl Glucoside, xanthan gum, glycerin, PVM\/MA copolymer, sodium carbonate, betaine, tetrasodium pyrophosphate, prunus amygdalus dulcis oil, aloe barbadensis leaf juice, sodium hyaluronate, bisabolol, carboxymethyl chitosan, lactoferrin, sodium fluoride, ascorbyl palmitate, tocopheryl acetate, hydroxyacetophenone, 1,2-hexanediol, capryl glycol, glycerophosphocholine, sodium saccharin, disodium EDTA, potassium sorbate, sodium benzoate, benzyl alcohol, titanium dioxide, aroma.<\/p>\n<\/div>\n<\/div>\n<\/div>\n<\/div>\n<\/div>\n<\/div>","protected":false},"excerpt":{"rendered":"<p>DESCRIPTION :\u00a0 HYALUGEL DENTIFRICE \u00e0 l&rsquo;acide hyaluronique :\u00a0 Forte de son expertise, la marque Hyalugel propose Hyalugel Dentifrice,\u00a0son premier dentifrice \u00e0 l&rsquo;acide hyaluronique. Hyalugel Dentifrice aide \u00e0\u00a0r\u00e9duire les signes d&rsquo;inflammation occasionnelle\u00a0des gencives (gonflement, rougeur, saignement occasionnel). Il aide \u00e0\u00a0pr\u00e9venir la s\u00e9cheresse buccale, les\u00a0aphtes\u00a0et l&lsquo;irritation buccale. Sa composition est caract\u00e9ris\u00e9e par la pr\u00e9sence d&rsquo;acide hyaluronique\u00a0de haut [&hellip;]<\/p>\n","protected":false},"featured_media":150493,"comment_status":"open","ping_status":"closed","template":"","meta":{"_acf_changed":false},"product_brand":[1531],"product_cat":[1598],"product_tag":[],"class_list":{"0":"post-150491","1":"product","2":"type-product","3":"status-publish","4":"has-post-thumbnail","6":"product_brand-laboratoire-cooper","7":"product_cat-hygiene-bucco-dentaire","9":"first","10":"instock","11":"sale","12":"taxable","13":"shipping-taxable","14":"purchasable","15":"product-type-simple"},"acf":[],"_links":{"self":[{"href":"https:\/\/pharmacima.com\/ar\/wp-json\/wp\/v2\/product\/150491","targetHints":{"allow":["GET"]}}],"collection":[{"href":"https:\/\/pharmacima.com\/ar\/wp-json\/wp\/v2\/product"}],"about":[{"href":"https:\/\/pharmacima.com\/ar\/wp-json\/wp\/v2\/types\/product"}],"replies":[{"embeddable":true,"href":"https:\/\/pharmacima.com\/ar\/wp-json\/wp\/v2\/comments?post=150491"}],"wp:featuredmedia":[{"embeddable":true,"href":"https:\/\/pharmacima.com\/ar\/wp-json\/wp\/v2\/media\/150493"}],"wp:attachment":[{"href":"https:\/\/pharmacima.com\/ar\/wp-json\/wp\/v2\/media?parent=150491"}],"wp:term":[{"taxonomy":"product_brand","embeddable":true,"href":"https:\/\/pharmacima.com\/ar\/wp-json\/wp\/v2\/product_brand?post=150491"},{"taxonomy":"product_cat","embeddable":true,"href":"https:\/\/pharmacima.com\/ar\/wp-json\/wp\/v2\/product_cat?post=150491"},{"taxonomy":"product_tag","embeddable":true,"href":"https:\/\/pharmacima.com\/ar\/wp-json\/wp\/v2\/product_tag?post=150491"}],"curies":[{"name":"wp","href":"https:\/\/api.w.org\/{rel}","templated":true}]}}