{"id":150521,"date":"2026-03-25T15:37:28","date_gmt":"2026-03-25T14:37:28","guid":{"rendered":"https:\/\/pharmacima.com\/?post_type=product&#038;p=150521"},"modified":"2026-05-03T00:47:04","modified_gmt":"2026-05-02T23:47:04","slug":"dermoliquide-soin-lavant-saugella","status":"publish","type":"product","link":"https:\/\/pharmacima.com\/ar\/product\/dermoliquide-soin-lavant-saugella\/","title":{"rendered":"Soin Lavant Intime 100ml Saugella"},"content":{"rendered":"<h1><strong>\u0648\u0635\u0641 :\u00a0<\/strong><\/h1>\n<h2><strong>Dermoliquide Soin Lavant Intime et Corps Saugella , est un soin lavant sp\u00e9cialement con\u00e7u pour l&rsquo;hygi\u00e8ne intime quotidienne des femmes en \u00e2ge de procr\u00e9er, contenant un extrait de salvia officinalis ( sauge ) ayant des vertus rafraichissantes et toniques afin d&rsquo;assurer un bien-\u00eatre quotidien.<\/strong><\/h2>\n<p>&nbsp;<\/p>\n<h2><strong>\u0627\u0644\u062a\u0631\u0643\u064a\u0628\u0629 :<\/strong><\/h2>\n<p>Aqua, Tea-Lauryl Sulfate, Ammonium Lauryl Sulfate, Peg-2 Stearate, Lac, Hydroxyethylcellulose, Hydrogenated Coconut oil, Lactic Acid, Glycol Stearate, Salvia officinalis Extract, Sodium Dehydroacetate, Ketoglutaric Acid, Cholesterol, Propylene Glycol, Parfum, Citronellol, Hexyl Cinnamal.<\/p>\n<p>&nbsp;<\/p>\n<h2><strong>\u0627\u0633\u062a\u062e\u062f\u0627\u0645 \u0627\u0644\u0645\u0634\u0648\u0631\u0629:\u00a0<\/strong><\/h2>\n<p>utiliser comme un soin lavant liquide 1 ou 2 fois par jour. Bien agiter avant emploi. Rincer soigneusement.<\/p>\n<p>&nbsp;<\/p>\n<p>&nbsp;<\/p>","protected":false},"excerpt":{"rendered":"<p>Saugella, \u00a0Hygi\u00e8ne de la zone intime<\/p>\n<ul class=\"details-container\">\n<li>Type de peaux : Sensibles<\/li>\n<li>\n<h5 data-section-id=\"1hlnq7p\" data-start=\"122\" data-end=\"150\">Principalement pour :<\/h5>\n<h5 data-start=\"151\" data-end=\"176\"><strong data-start=\"154\" data-end=\"176\">Les femmes adultes<\/strong><\/h5>\n<ul data-start=\"177\" data-end=\"285\">\n<li data-section-id=\"18k5k0e\" data-start=\"177\" data-end=\"209\">surtout en \u00e2ge de procr\u00e9er<\/li>\n<li data-section-id=\"zsvukt\" data-start=\"210\" data-end=\"285\">pour l\u2019hygi\u00e8ne intime quotidienne<\/li>\n<\/ul>\n<\/li>\n<\/ul>","protected":false},"featured_media":150523,"comment_status":"open","ping_status":"closed","template":"","meta":{"_acf_changed":false},"product_brand":[1589],"product_cat":[96],"product_tag":[],"class_list":{"0":"post-150521","1":"product","2":"type-product","3":"status-publish","4":"has-post-thumbnail","6":"product_brand-saugella","7":"product_cat-hygiene-protection","9":"first","10":"instock","11":"taxable","12":"shipping-taxable","13":"purchasable","14":"product-type-simple"},"acf":[],"_links":{"self":[{"href":"https:\/\/pharmacima.com\/ar\/wp-json\/wp\/v2\/product\/150521","targetHints":{"allow":["GET"]}}],"collection":[{"href":"https:\/\/pharmacima.com\/ar\/wp-json\/wp\/v2\/product"}],"about":[{"href":"https:\/\/pharmacima.com\/ar\/wp-json\/wp\/v2\/types\/product"}],"replies":[{"embeddable":true,"href":"https:\/\/pharmacima.com\/ar\/wp-json\/wp\/v2\/comments?post=150521"}],"wp:featuredmedia":[{"embeddable":true,"href":"https:\/\/pharmacima.com\/ar\/wp-json\/wp\/v2\/media\/150523"}],"wp:attachment":[{"href":"https:\/\/pharmacima.com\/ar\/wp-json\/wp\/v2\/media?parent=150521"}],"wp:term":[{"taxonomy":"product_brand","embeddable":true,"href":"https:\/\/pharmacima.com\/ar\/wp-json\/wp\/v2\/product_brand?post=150521"},{"taxonomy":"product_cat","embeddable":true,"href":"https:\/\/pharmacima.com\/ar\/wp-json\/wp\/v2\/product_cat?post=150521"},{"taxonomy":"product_tag","embeddable":true,"href":"https:\/\/pharmacima.com\/ar\/wp-json\/wp\/v2\/product_tag?post=150521"}],"curies":[{"name":"wp","href":"https:\/\/api.w.org\/{rel}","templated":true}]}}