{"id":150526,"date":"2026-03-25T16:12:49","date_gmt":"2026-03-25T15:12:49","guid":{"rendered":"https:\/\/pharmacima.com\/?post_type=product&#038;p=150526"},"modified":"2026-04-01T23:16:54","modified_gmt":"2026-04-01T22:16:54","slug":"creme-douceur-creme-intime-30ml-saugella","status":"publish","type":"product","link":"https:\/\/pharmacima.com\/ar\/product\/creme-douceur-creme-intime-30ml-saugella\/","title":{"rendered":"Creme Douceur Creme Intime 30ml Saugella"},"content":{"rendered":"<h1><strong>\u0648\u0635\u0641 :\u00a0<\/strong><\/h1>\n<h2 data-start=\"144\" data-end=\"421\"><strong>La Saugella Cr\u00e8me Douceur est un soin intime hydratant et apaisant sp\u00e9cialement con\u00e7u pour soulager la s\u00e9cheresse, les irritations et les d\u00e9mangeaisons de la zone intime externe. Sa formule douce aide \u00e0 restaurer le confort et prot\u00e9ger les muqueuses sensibles au quotidien.<\/strong><\/h2>\n<h2 data-start=\"423\" data-end=\"688\"><strong>Enrichie en extrait de calendula, reconnu pour ses propri\u00e9t\u00e9s apaisantes, ainsi qu\u2019en actifs hydratants comme l\u2019acide hyaluronique, elle procure une hydratation intense et un soulagement rapide des sensations d\u2019inconfort.<\/strong><\/h2>\n<p>&nbsp;<\/p>\n<h2><strong>\u0627\u0644\u062a\u0631\u0643\u064a\u0628\u0629 :\u00a0<\/strong><\/h2>\n<p>Aqua, Diglycerin, Octyldodecanol, Glyceryl Stearate, Laureth-9, Cetearyl Alcohol, Paraffinum Liquidum, Glycerin, Hydrogenated Starch Hydrolysate, Propylene Glycol, Calendula officinalis Flower Extract, Prunus armeniaca Kernel Oil, Sodium Hyaluronate, Lythrum salicaria Extract, Helichrysum italicum Extract, Biosaccharide Gum-1, Panthenol, Phenoxyethanol, Triethanolamine, Carbomer, Acrylates\/C10-30 Alkyl Acrylate Crosspolymer, Potassium Sorbate, Disodium EDTA, Parfum, Benzil Alcohol, Sodium Benzoate, Amyl Cinnamal, Citronellol, Geraniol, Hexyl Cinnamal, Linalool.<\/p>\n<p>&nbsp;<\/p>\n<h2><strong>\u0627\u0633\u062a\u062e\u062f\u0627\u0645 \u0627\u0644\u0645\u0634\u0648\u0631\u0629:\u00a0<\/strong><\/h2>\n<p>Appliquer la quantit\u00e9 n\u00e9cessaire de cr\u00e8me exclusivement sur la zone concern\u00e9e en massant doucement. Ne laisse pas de r\u00e9sidu, de graisse ou de tache.<\/p>\n<p>Ne pas utiliser sur le si\u00e8ge des enfants de 3ans ou moins<\/p>","protected":false},"excerpt":{"rendered":"<p><span style=\"color: #0000ff;\"><strong>Saugella,<\/strong><\/span> Cr\u00e8me intime adoucissante, \u00e9molliente et hydratante, formul\u00e9e \u00e0 base de calendula, qui\u00a0permet d\u2019apaiser les muqueuses sensibles, s\u00e8ches et irrit\u00e9es<strong>.<\/strong><\/p>","protected":false},"featured_media":150527,"comment_status":"open","ping_status":"closed","template":"","meta":{"_acf_changed":false},"product_brand":[1589],"product_cat":[96],"product_tag":[],"class_list":{"0":"post-150526","1":"product","2":"type-product","3":"status-publish","4":"has-post-thumbnail","6":"product_brand-saugella","7":"product_cat-hygiene-protection","9":"first","10":"instock","11":"taxable","12":"shipping-taxable","13":"purchasable","14":"product-type-simple"},"acf":[],"_links":{"self":[{"href":"https:\/\/pharmacima.com\/ar\/wp-json\/wp\/v2\/product\/150526","targetHints":{"allow":["GET"]}}],"collection":[{"href":"https:\/\/pharmacima.com\/ar\/wp-json\/wp\/v2\/product"}],"about":[{"href":"https:\/\/pharmacima.com\/ar\/wp-json\/wp\/v2\/types\/product"}],"replies":[{"embeddable":true,"href":"https:\/\/pharmacima.com\/ar\/wp-json\/wp\/v2\/comments?post=150526"}],"wp:featuredmedia":[{"embeddable":true,"href":"https:\/\/pharmacima.com\/ar\/wp-json\/wp\/v2\/media\/150527"}],"wp:attachment":[{"href":"https:\/\/pharmacima.com\/ar\/wp-json\/wp\/v2\/media?parent=150526"}],"wp:term":[{"taxonomy":"product_brand","embeddable":true,"href":"https:\/\/pharmacima.com\/ar\/wp-json\/wp\/v2\/product_brand?post=150526"},{"taxonomy":"product_cat","embeddable":true,"href":"https:\/\/pharmacima.com\/ar\/wp-json\/wp\/v2\/product_cat?post=150526"},{"taxonomy":"product_tag","embeddable":true,"href":"https:\/\/pharmacima.com\/ar\/wp-json\/wp\/v2\/product_tag?post=150526"}],"curies":[{"name":"wp","href":"https:\/\/api.w.org\/{rel}","templated":true}]}}