{"id":150620,"date":"2026-03-29T16:40:09","date_gmt":"2026-03-29T15:40:09","guid":{"rendered":"https:\/\/pharmacima.com\/?post_type=product&#038;p=150620"},"modified":"2026-03-31T18:37:28","modified_gmt":"2026-03-31T17:37:28","slug":"fortimel-protein-2kcl-vanille-200ml-nutricia","status":"publish","type":"product","link":"https:\/\/pharmacima.com\/ar\/product\/fortimel-protein-2kcl-vanille-200ml-nutricia\/","title":{"rendered":"Fortimel protein 2kcl Vanille 200ml Nutricia"},"content":{"rendered":"<h1><strong>\u0648\u0635\u0641 :\u00a0<\/strong><\/h1>\n<h2 data-start=\"32\" data-end=\"214\"><strong>Fortimel Nutricia Protein 2 kcal Vanille (20,2 g prot\u00e9ines) est un compl\u00e9ment nutritionnel oral hypercalorique et hyperprot\u00e9in\u00e9, d\u00e9velopp\u00e9 par <span class=\"hover:entity-accent entity-underline inline cursor-pointer align-baseline\"><span class=\"whitespace-normal\">Nutricia<\/span><\/span>.<\/strong><\/h2>\n<h2 data-start=\"216\" data-end=\"363\"><strong>Il se pr\u00e9sente sous forme de boisson lact\u00e9e pr\u00eate \u00e0 l\u2019emploi, destin\u00e9e aux personnes ayant des besoins \u00e9lev\u00e9s en \u00e9nergie et en prot\u00e9ines.<\/strong><\/h2>\n<p>&nbsp;<\/p>\n<h2><strong>CARACTERISTIQUES PRINCIPALES :\u00a0<\/strong><\/h2>\n<ul>\n<li data-section-id=\"1m20vev\" data-start=\"402\" data-end=\"519\">Apport \u00e9nerg\u00e9tique \u00e9lev\u00e9 : 2 kcal\/ml (400 kcal par bouteille de 200 ml)<\/li>\n<li data-section-id=\"gcy571\" data-start=\"520\" data-end=\"607\">Riche en prot\u00e9ines : 20,2 g par bouteille<\/li>\n<li data-section-id=\"idtkx9\" data-start=\"608\" data-end=\"655\">Formule compl\u00e8te avec vitamines et min\u00e9raux<\/li>\n<li data-section-id=\"k7598n\" data-start=\"656\" data-end=\"730\">Sans gluten et pauvre en lactose<\/li>\n<li data-section-id=\"f0t3kk\" data-start=\"731\" data-end=\"759\">Sans fibres alimentaires<\/li>\n<\/ul>\n<p>&nbsp;<\/p>\n<h2><strong>\u062f\u0648\u0627\u0639\u064a \u0627\u0644\u0625\u0633\u062a\u0639\u0645\u0627\u0644:\u00a0<\/strong><\/h2>\n<p>Pour les besoins nutritionnels en cas de malnutrition li\u00e9e \u00e0 une maladie, surtout en cas de besoins accrus en \u00e9nergie et en prot\u00e9ines ou de carence en prot\u00e9ines, par exemple apr\u00e8s une op\u00e9ration ou pendant la convalescence, en cas d&rsquo;escarres ou de fragilit\u00e9.<\/p>\n<p>&nbsp;<\/p>\n<h2><strong>\u0627\u0644\u062a\u0631\u0643\u064a\u0628\u0629 :\u00a0<\/strong><\/h2>\n<p data-start=\"996\" data-end=\"1026\"><strong data-start=\"996\" data-end=\"1024\">Ingr\u00e9dients principaux :<\/strong><\/p>\n<ul data-start=\"1027\" data-end=\"1187\">\n<li data-section-id=\"1a0ihs\" data-start=\"1027\" data-end=\"1057\">Prot\u00e9ines de lait de vache<\/li>\n<li data-section-id=\"171gro9\" data-start=\"1058\" data-end=\"1065\">\u0645\u0627\u0621<\/li>\n<li data-section-id=\"1oio1q2\" data-start=\"1066\" data-end=\"1086\">Sirop de glucose<\/li>\n<li data-section-id=\"njgy3\" data-start=\"1087\" data-end=\"1109\">Sucre (saccharose)<\/li>\n<li data-section-id=\"thphdg\" data-start=\"1110\" data-end=\"1187\">Huiles v\u00e9g\u00e9tales (colza, tournesol)<\/li>\n<\/ul>\n<p data-start=\"1189\" data-end=\"1217\"><strong data-start=\"1189\" data-end=\"1215\">Min\u00e9raux et additifs :<\/strong><\/p>\n<ul data-start=\"1218\" data-end=\"1453\">\n<li data-section-id=\"1r0lpjs\" data-start=\"1218\" data-end=\"1284\">Citrate de potassium, chlorure de potassium, citrate de sodium<\/li>\n<li data-section-id=\"wpgfq2\" data-start=\"1285\" data-end=\"1337\">Chlorure de choline, orthophosphate de magn\u00e9sium<\/li>\n<li data-section-id=\"1a1m6bq\" data-start=\"1338\" data-end=\"1373\">\u00c9mulsifiant : l\u00e9cithine de soja<\/li>\n<li data-section-id=\"g32jej\" data-start=\"1374\" data-end=\"1453\">Correcteur d\u2019acidit\u00e9 : acide citrique<\/li>\n<\/ul>\n<p data-start=\"1455\" data-end=\"1490\"><strong data-start=\"1455\" data-end=\"1488\">Vitamines et oligo-\u00e9l\u00e9ments :<\/strong><\/p>\n<ul data-start=\"1491\" data-end=\"1675\">\n<li data-section-id=\"100m9oo\" data-start=\"1491\" data-end=\"1558\">Vitamines : A, D, E, C, B1, B2, B6, B12, acide folique, biotine<\/li>\n<li data-section-id=\"1f34uk0\" data-start=\"1559\" data-end=\"1675\">Min\u00e9raux : fer, zinc, cuivre, mangan\u00e8se, iode, s\u00e9l\u00e9nium, chrome, molybd\u00e8ne<\/li>\n<\/ul>\n<p data-start=\"1677\" data-end=\"1702\"><strong data-start=\"1677\" data-end=\"1700\">Autres composants :<\/strong><\/p>\n<ul data-start=\"1703\" data-end=\"1783\">\n<li data-section-id=\"17go93m\" data-start=\"1703\" data-end=\"1720\">Ar\u00f4me vanille<\/li>\n<li data-section-id=\"16gyaj8\" data-start=\"1721\" data-end=\"1783\">Colorant : curcumine<\/li>\n<\/ul>\n<p>&nbsp;<\/p>","protected":false},"excerpt":{"rendered":"<p><span style=\"color: #0000ff;\">Nutricia Fortimel<\/span> 20.2 de protein &amp; 400kcal<\/p>","protected":false},"featured_media":150649,"comment_status":"open","ping_status":"closed","template":"","meta":{"_acf_changed":false},"product_brand":[1633],"product_cat":[207,135],"product_tag":[],"class_list":{"0":"post-150620","1":"product","2":"type-product","3":"status-publish","4":"has-post-thumbnail","6":"product_brand-nutricia","7":"product_cat-complement-alimentaire","8":"product_cat-sport-_sante","10":"first","11":"instock","12":"taxable","13":"shipping-taxable","14":"purchasable","15":"product-type-simple"},"acf":[],"_links":{"self":[{"href":"https:\/\/pharmacima.com\/ar\/wp-json\/wp\/v2\/product\/150620","targetHints":{"allow":["GET"]}}],"collection":[{"href":"https:\/\/pharmacima.com\/ar\/wp-json\/wp\/v2\/product"}],"about":[{"href":"https:\/\/pharmacima.com\/ar\/wp-json\/wp\/v2\/types\/product"}],"replies":[{"embeddable":true,"href":"https:\/\/pharmacima.com\/ar\/wp-json\/wp\/v2\/comments?post=150620"}],"wp:featuredmedia":[{"embeddable":true,"href":"https:\/\/pharmacima.com\/ar\/wp-json\/wp\/v2\/media\/150649"}],"wp:attachment":[{"href":"https:\/\/pharmacima.com\/ar\/wp-json\/wp\/v2\/media?parent=150620"}],"wp:term":[{"taxonomy":"product_brand","embeddable":true,"href":"https:\/\/pharmacima.com\/ar\/wp-json\/wp\/v2\/product_brand?post=150620"},{"taxonomy":"product_cat","embeddable":true,"href":"https:\/\/pharmacima.com\/ar\/wp-json\/wp\/v2\/product_cat?post=150620"},{"taxonomy":"product_tag","embeddable":true,"href":"https:\/\/pharmacima.com\/ar\/wp-json\/wp\/v2\/product_tag?post=150620"}],"curies":[{"name":"wp","href":"https:\/\/api.w.org\/{rel}","templated":true}]}}