{"id":150628,"date":"2026-03-29T16:57:12","date_gmt":"2026-03-29T15:57:12","guid":{"rendered":"https:\/\/pharmacima.com\/?post_type=product&#038;p=150628"},"modified":"2026-03-31T17:06:59","modified_gmt":"2026-03-31T16:06:59","slug":"fortimel-protein-2kcl-fraise-200ml-nutricia","status":"publish","type":"product","link":"https:\/\/pharmacima.com\/ar\/product\/fortimel-protein-2kcl-fraise-200ml-nutricia\/","title":{"rendered":"Fortimel protein 2kcl Fraise 200ml Nutricia"},"content":{"rendered":"<h1><strong>\u0648\u0635\u0641 :\u00a0<\/strong><\/h1>\n<h2><strong>Fortimel Protein Nutricia 2 kcal Fraise est un compl\u00e9ment nutritionnel oral sous forme de boisson lact\u00e9e pr\u00eate \u00e0 l\u2019emploi.<\/strong><\/h2>\n<h2><strong>CARACTERISTIQUES PRINCIPALES :\u00a0<\/strong><\/h2>\n<ul>\n<li data-section-id=\"90vv8h\" data-start=\"256\" data-end=\"360\">Hypercalorique : 2 kcal\/ml (soit 400 kcal pour 200 ml)<\/li>\n<li data-section-id=\"jhrxfh\" data-start=\"361\" data-end=\"468\">Hyperprot\u00e9in\u00e9 : environ 20,2 g de prot\u00e9ines par bouteille<\/li>\n<li data-section-id=\"ci0aqe\" data-start=\"469\" data-end=\"574\">Nutritionnellement complet (contient vitamines et min\u00e9raux)<\/li>\n<li data-section-id=\"vocu07\" data-start=\"575\" data-end=\"657\">Sans gluten et pauvre en lactose<\/li>\n<li data-section-id=\"nedt9l\" data-start=\"658\" data-end=\"728\">Sans fibres alimentaires<\/li>\n<\/ul>\n<p>&nbsp;<\/p>\n<h2><strong>\u062f\u0648\u0627\u0639\u064a \u0627\u0644\u0625\u0633\u062a\u0639\u0645\u0627\u0644:\u00a0<\/strong><\/h2>\n<p>Pour les besoins nutritionnels en cas de d\u00e9nutrition prot\u00e9ino-\u00e9nerg\u00e9tique.<\/p>\n<p>&nbsp;<\/p>\n<h2><strong>\u0627\u0644\u062a\u0631\u0643\u064a\u0628\u0629 :\u00a0<\/strong><\/h2>\n<ul data-start=\"1004\" data-end=\"1151\">\n<li data-section-id=\"171gro9\" data-start=\"1004\" data-end=\"1011\">\u0645\u0627\u0621<\/li>\n<li data-section-id=\"1a0ihs\" data-start=\"1012\" data-end=\"1042\">Prot\u00e9ines de lait de vache<\/li>\n<li data-section-id=\"1oio1q2\" data-start=\"1043\" data-end=\"1063\">Sirop de glucose<\/li>\n<li data-section-id=\"1l29gbe\" data-start=\"1064\" data-end=\"1073\">Sucre<\/li>\n<li data-section-id=\"14iz4dw\" data-start=\"1074\" data-end=\"1151\">Huiles v\u00e9g\u00e9tales (colza, tournesol)<\/li>\n<\/ul>\n<p data-start=\"1153\" data-end=\"1181\"><strong data-start=\"1153\" data-end=\"1179\">Min\u00e9raux et additifs :<\/strong><\/p>\n<ul data-start=\"1182\" data-end=\"1377\">\n<li data-section-id=\"p11fc0\" data-start=\"1182\" data-end=\"1229\">Citrate de potassium, chlorure de potassium<\/li>\n<li data-section-id=\"v74r51\" data-start=\"1230\" data-end=\"1261\">Orthophosphate de magn\u00e9sium<\/li>\n<li data-section-id=\"1a1m6bq\" data-start=\"1262\" data-end=\"1297\">\u00c9mulsifiant : l\u00e9cithine de soja<\/li>\n<li data-section-id=\"j9lkaj\" data-start=\"1298\" data-end=\"1377\">Correcteur d\u2019acidit\u00e9 : acide citrique<\/li>\n<\/ul>\n<p data-start=\"1379\" data-end=\"1414\"><strong data-start=\"1379\" data-end=\"1412\">Vitamines et oligo-\u00e9l\u00e9ments :<\/strong><\/p>\n<ul data-start=\"1415\" data-end=\"1542\">\n<li data-section-id=\"yu321x\" data-start=\"1415\" data-end=\"1449\">Vitamines A, D, E, C, groupe B<\/li>\n<li data-section-id=\"f5zstn\" data-start=\"1450\" data-end=\"1542\">Fer, zinc, cuivre, mangan\u00e8se, iode, s\u00e9l\u00e9nium, etc.<\/li>\n<\/ul>\n<p data-start=\"1544\" data-end=\"1558\"><strong data-start=\"1544\" data-end=\"1556\">Autres :<\/strong><\/p>\n<ul data-start=\"1559\" data-end=\"1646\">\n<li data-section-id=\"1gr2ua5\" data-start=\"1559\" data-end=\"1575\">Ar\u00f4me fraise<\/li>\n<li data-section-id=\"1gof3tu\" data-start=\"1576\" data-end=\"1646\">Colorant (selon la saveur)<\/li>\n<\/ul>\n<p>&nbsp;<\/p>","protected":false},"excerpt":{"rendered":"<p><span style=\"color: #0000ff;\"><strong>Nutricia Fortimel<\/strong><\/span>\u00a020.2 de protein &amp; 400kcal<\/p>","protected":false},"featured_media":150650,"comment_status":"open","ping_status":"closed","template":"","meta":{"_acf_changed":false},"product_brand":[1633],"product_cat":[15,207,135],"product_tag":[],"class_list":{"0":"post-150628","1":"product","2":"type-product","3":"status-publish","4":"has-post-thumbnail","6":"product_brand-nutricia","7":"product_cat-uncategorized","8":"product_cat-complement-alimentaire","9":"product_cat-sport-_sante","11":"first","12":"instock","13":"taxable","14":"shipping-taxable","15":"purchasable","16":"product-type-simple"},"acf":[],"_links":{"self":[{"href":"https:\/\/pharmacima.com\/ar\/wp-json\/wp\/v2\/product\/150628","targetHints":{"allow":["GET"]}}],"collection":[{"href":"https:\/\/pharmacima.com\/ar\/wp-json\/wp\/v2\/product"}],"about":[{"href":"https:\/\/pharmacima.com\/ar\/wp-json\/wp\/v2\/types\/product"}],"replies":[{"embeddable":true,"href":"https:\/\/pharmacima.com\/ar\/wp-json\/wp\/v2\/comments?post=150628"}],"wp:featuredmedia":[{"embeddable":true,"href":"https:\/\/pharmacima.com\/ar\/wp-json\/wp\/v2\/media\/150650"}],"wp:attachment":[{"href":"https:\/\/pharmacima.com\/ar\/wp-json\/wp\/v2\/media?parent=150628"}],"wp:term":[{"taxonomy":"product_brand","embeddable":true,"href":"https:\/\/pharmacima.com\/ar\/wp-json\/wp\/v2\/product_brand?post=150628"},{"taxonomy":"product_cat","embeddable":true,"href":"https:\/\/pharmacima.com\/ar\/wp-json\/wp\/v2\/product_cat?post=150628"},{"taxonomy":"product_tag","embeddable":true,"href":"https:\/\/pharmacima.com\/ar\/wp-json\/wp\/v2\/product_tag?post=150628"}],"curies":[{"name":"wp","href":"https:\/\/api.w.org\/{rel}","templated":true}]}}