{"id":150693,"date":"2026-04-01T14:59:10","date_gmt":"2026-04-01T13:59:10","guid":{"rendered":"https:\/\/pharmacima.com\/?post_type=product&#038;p=150693"},"modified":"2026-04-12T00:19:59","modified_gmt":"2026-04-11T23:19:59","slug":"mucogyne-gel-intime-non-hormonal-lubrifiant-40-ml-iprad","status":"publish","type":"product","link":"https:\/\/pharmacima.com\/ar\/product\/mucogyne-gel-intime-non-hormonal-lubrifiant-40-ml-iprad\/","title":{"rendered":"Mucogyne Gel intime Non Hormonal Lubrifiant 40ml iprad"},"content":{"rendered":"<h1><strong>\u0648\u0635\u0641 :\u00a0<\/strong><\/h1>\n<h2 data-start=\"181\" data-end=\"453\">Mucogyne est un <strong data-start=\"197\" data-end=\"224\">gel intime non hormonal<\/strong> iprad destin\u00e9 \u00e0 hydrater, lubrifier et r\u00e9parer la muqueuse vulvo-vaginale.<br data-start=\"293\" data-end=\"296\" \/>\u0635\u064a\u063a\u062a\u0647 \u0639\u0644\u0649 \u0623\u0633\u0627\u0633<strong data-start=\"316\" data-end=\"338\">\u062d\u0645\u0636 \u0627\u0644\u0647\u064a\u0627\u0644\u0648\u0631\u0648\u0646\u064a\u0643<\/strong> aide \u00e0 maintenir l\u2019hydratation naturelle et \u00e0 am\u00e9liorer le confort intime.Il est adapt\u00e9 \u00e0 toutes les femmes, quel que soit l\u2019\u00e2ge, notamment en cas de s\u00e9cheresse li\u00e9e \u00e0 la m\u00e9nopause, au post-accouchement ou \u00e0 des d\u00e9s\u00e9quilibres hormonaux.<\/h2>\n<p>&nbsp;<\/p>\n<h2><strong>\u0627\u0644\u062a\u0631\u0643\u064a\u0628\u0629 :\u00a0<\/strong><\/h2>\n<ul>\n<li data-section-id=\"1kcecx6\" data-start=\"710\" data-end=\"779\">Acide hyaluronique (Sodium Hyaluronate) : hydrate et r\u00e9g\u00e9n\u00e8re<\/li>\n<li data-section-id=\"1l3va0o\" data-start=\"780\" data-end=\"841\">Phospholipides v\u00e9g\u00e9taux : am\u00e9liorent la lubrification<\/li>\n<li data-section-id=\"1eicl7v\" data-start=\"842\" data-end=\"918\">Extraits de camomille et de mauve : apaisants et anti-inflammatoires<\/li>\n<li data-section-id=\"6jyjpy\" data-start=\"919\" data-end=\"968\">Glyc\u00e9rine \/ Propyl\u00e8ne glycol : hydratants<\/li>\n<li data-section-id=\"8r60vb\" data-start=\"969\" data-end=\"1014\">Vitamine E (Tocoph\u00e9rol) : antioxydant<\/li>\n<\/ul>\n<h2><strong>\u0645\u0644\u062d\u0648\u0638\u0629:\u00a0<\/strong><\/h2>\n<ul>\n<li data-section-id=\"1euldib\" data-start=\"1181\" data-end=\"1227\">La s\u00e9cheresse vaginale (toutes causes)<\/li>\n<li data-section-id=\"1gqg6sq\" data-start=\"1228\" data-end=\"1273\">Les irritations ou inconforts intimes<\/li>\n<li data-section-id=\"1ehm6wc\" data-start=\"1274\" data-end=\"1331\">La cicatrisation (post-accouchement, \u00e9pisiotomie)<\/li>\n<li data-section-id=\"i3iz32\" data-start=\"1332\" data-end=\"1386\">Am\u00e9liorer le confort lors des rapports sexuels<\/li>\n<li data-section-id=\"1jgt2w2\" data-start=\"1387\" data-end=\"1486\">Maintenir l\u2019hydratation et l\u2019\u00e9lasticit\u00e9 des muqueuses<\/li>\n<\/ul>\n<h2><strong>\u0646\u0635\u0627\u0626\u062d \u0627\u0644\u0627\u0633\u062a\u0639\u0645\u0627\u0644 :\u00a0<\/strong><\/h2>\n<p>Ce gel intime Mucogyne iprad peut aider \u00e0 pallier les probl\u00e8mes de s\u00e9cheresse vaginale, et ce, \u00e0 tout \u00e2ge. Pour cela, il est recommand\u00e9 de l\u2019utiliser deux \u00e0 trois fois par semaine. Son applicateur facilite son emploi et d\u00e9livre la juste dose. Apr\u00e8s une toilette intime, il s\u2019applique directement sur les parois vaginales et vulvaires. Il peut \u00e9galement servir de lubrifiant lors des rapports sexuels. Il est d\u2019ailleurs compatible avec l\u2019utilisation des pr\u00e9servatifs. Gr\u00e2ce \u00e0 son action longue dur\u00e9e, il peut \u00eatre appliqu\u00e9 \u00e0 distance de ces rapports.<\/p>","protected":false},"excerpt":{"rendered":"<p>S\u00e9cheresse intime ? Inconfort lors de rapports ?<br \/>\nD\u00e9couvrez, MUCOGYNE IPRAD, un gel intime non hormonal \u00e0 base d\u2019acide hyaluronique liposom\u00e9, qui hydrate, cicatrise et lubrifie la muqueuse vulvo-vaginale.<\/p>","protected":false},"featured_media":150696,"comment_status":"open","ping_status":"closed","template":"","meta":{"_acf_changed":false},"product_brand":[1634],"product_cat":[96],"product_tag":[],"class_list":{"0":"post-150693","1":"product","2":"type-product","3":"status-publish","4":"has-post-thumbnail","6":"product_brand-laboratoires-iprad","7":"product_cat-hygiene-protection","9":"first","10":"outofstock","11":"taxable","12":"shipping-taxable","13":"purchasable","14":"product-type-simple"},"acf":[],"_links":{"self":[{"href":"https:\/\/pharmacima.com\/ar\/wp-json\/wp\/v2\/product\/150693","targetHints":{"allow":["GET"]}}],"collection":[{"href":"https:\/\/pharmacima.com\/ar\/wp-json\/wp\/v2\/product"}],"about":[{"href":"https:\/\/pharmacima.com\/ar\/wp-json\/wp\/v2\/types\/product"}],"replies":[{"embeddable":true,"href":"https:\/\/pharmacima.com\/ar\/wp-json\/wp\/v2\/comments?post=150693"}],"wp:featuredmedia":[{"embeddable":true,"href":"https:\/\/pharmacima.com\/ar\/wp-json\/wp\/v2\/media\/150696"}],"wp:attachment":[{"href":"https:\/\/pharmacima.com\/ar\/wp-json\/wp\/v2\/media?parent=150693"}],"wp:term":[{"taxonomy":"product_brand","embeddable":true,"href":"https:\/\/pharmacima.com\/ar\/wp-json\/wp\/v2\/product_brand?post=150693"},{"taxonomy":"product_cat","embeddable":true,"href":"https:\/\/pharmacima.com\/ar\/wp-json\/wp\/v2\/product_cat?post=150693"},{"taxonomy":"product_tag","embeddable":true,"href":"https:\/\/pharmacima.com\/ar\/wp-json\/wp\/v2\/product_tag?post=150693"}],"curies":[{"name":"wp","href":"https:\/\/api.w.org\/{rel}","templated":true}]}}