{"id":150764,"date":"2026-04-05T12:12:19","date_gmt":"2026-04-05T11:12:19","guid":{"rendered":"https:\/\/pharmacima.com\/?post_type=product&#038;p=150764"},"modified":"2026-04-05T13:06:25","modified_gmt":"2026-04-05T12:06:25","slug":"anti-pelliculaire-cheveux-secs-200ml-vichy","status":"publish","type":"product","link":"https:\/\/pharmacima.com\/ar\/product\/anti-pelliculaire-cheveux-secs-200ml-vichy\/","title":{"rendered":"Dercos Anti pelliculaire Cheveux secs 200ml Vichy"},"content":{"rendered":"<h1><strong>\u0648\u0635\u0641 :<\/strong><\/h1>\n<h3>Shampooing Vichy anti-pelliculaire traitant qui r\u00e9gule le microbiome* et \u00e9limine 100% des pellicules visibles**.<br \/>\nAction anti-r\u00e9cidive 6 semaines***.<\/h3>\n<p><strong>\u0645\u0641\u062d\u0648\u0635\u0647 \u0645\u0646 \u0642\u0628\u0644 \u0627\u0637\u0628\u0627\u0621\u0627\u0644\u062c\u0644\u062f\u064a\u0647.<\/strong><\/p>\n<p>Pour les hommes et les femmes souffrant de pellicules et\/ou d\u00e9mangeaisons et ayant des cheveux secs.<\/p>\n<p>*\u062f\u0631\u0627\u0633\u0629 \u0639\u0644\u0649 \u0627\u0644\u062c\u0633\u0645 \u0627\u0644\u062d\u064a \u062a\u062d\u062a \u0625\u0634\u0631\u0627\u0641 \u0623\u0637\u0628\u0627\u0621 \u0627\u0644\u062c\u0644\u062f\u060c \u0639\u0644\u0649 56 \u0634\u062e\u0635\u064b\u0627 \u064a\u0639\u0627\u0646\u0648\u0646 \u0645\u0646 \u0645\u0631\u062d\u0644\u0629 \u0645\u062a\u0648\u0633\u0637\u0629 \u0625\u0644\u0649 \u0634\u062f\u064a\u062f\u0629 \u0645\u0646 \u0627\u0644\u0642\u0634\u0631\u0629. \u0645\u062f\u0629 \u0627\u0644\u0627\u0633\u062a\u062e\u062f\u0627\u0645 4 \u0623\u0633\u0627\u0628\u064a\u0639 \u0628\u0645\u0639\u062f\u0644 3 \u0634\u0627\u0645\u0628\u0648 \u0645\u0636\u0627\u062f \u0644\u0644\u0642\u0634\u0631\u0629 \u0623\u0633\u0628\u0648\u0639\u064a\u0627\u064b.<\/p>\n<p>** Etude in vivo sous contr\u00f4le dermatologique sur 32 sujets \u00e0 un stade pelliculaire notable \u00e0 tr\u00e8s important, vivant dans un environnement pollu\u00e9 en condition de stress et de fatigue. 4 semaines d\u2019utilisation \u00e0 raison de 3 shampooings antipelliculaires par semaine Vichy. 6 semaines de r\u00e9manence.<\/p>\n<h2>\u0627\u0633\u062a\u062e\u062f\u0627\u0645 \u0627\u0644\u0645\u0634\u0648\u0631\u0629:<\/h2>\n<p>Appliquez le shampoing sur cheveux mouill\u00e9s en massant votre cuir chevelu.<\/p>\n<p>Laissez agir 2 minutes, massez puis rincez.<\/p>\n<h2><strong>\u0627\u0644\u062a\u0631\u0643\u064a\u0628\u0629 :<\/strong><\/h2>\n<div class=\"product-nav-tab\">\n<div class=\"tabs\">\n<div id=\"tab-content\" class=\"tab-content\">\n<div id=\"compositions\" class=\"tab-pane fade in active\" role=\"tabpanel\" aria-expanded=\"true\">\n<div class=\"product_compositions mi-content\">\n<p>Aqua \/ Water, Sodium Laureth Sulfate, Glycol Distearate, Dimethicone, Coco-Betaine, Glycerin, Carbomer, Ci 19140 \/ Yellow 5, Citric Acid, Menthol, 2-Oleamido-1,3-Octadecanediol, Ppg-5-Ceteth-20, Salicylic Acid, Selenium Sulfide, Sodium Benzoate, Sodium Chloride, Sodium Hydroxide, Tocopheryl Acetate, Parfum \/ Fragrance.<\/p>\n<\/div>\n<\/div>\n<\/div>\n<\/div>\n<\/div>","protected":false},"excerpt":{"rendered":"<p>DESCRIPTION : Shampooing Vichy anti-pelliculaire traitant qui r\u00e9gule le microbiome* et \u00e9limine 100% des pellicules visibles**. Action anti-r\u00e9cidive 6 semaines***. Test\u00e9 sous contr\u00f4le dermatologique. Pour les hommes et les femmes souffrant de pellicules et\/ou d\u00e9mangeaisons et ayant des cheveux secs. *Etude in vivo sous contr\u00f4le dermatologique, sur 56 sujets pr\u00e9sentant un stade mod\u00e9r\u00e9 \u00e0 important [&hellip;]<\/p>\n","protected":false},"featured_media":150765,"comment_status":"open","ping_status":"closed","template":"","meta":{"_acf_changed":false},"product_brand":[1423],"product_cat":[102,138],"product_tag":[],"class_list":{"0":"post-150764","1":"product","2":"type-product","3":"status-publish","4":"has-post-thumbnail","6":"product_brand-vichy","7":"product_cat-soin-et-bien-etre","8":"product_cat-cheveux_","10":"first","11":"instock","12":"taxable","13":"shipping-taxable","14":"purchasable","15":"product-type-simple"},"acf":[],"_links":{"self":[{"href":"https:\/\/pharmacima.com\/ar\/wp-json\/wp\/v2\/product\/150764","targetHints":{"allow":["GET"]}}],"collection":[{"href":"https:\/\/pharmacima.com\/ar\/wp-json\/wp\/v2\/product"}],"about":[{"href":"https:\/\/pharmacima.com\/ar\/wp-json\/wp\/v2\/types\/product"}],"replies":[{"embeddable":true,"href":"https:\/\/pharmacima.com\/ar\/wp-json\/wp\/v2\/comments?post=150764"}],"wp:featuredmedia":[{"embeddable":true,"href":"https:\/\/pharmacima.com\/ar\/wp-json\/wp\/v2\/media\/150765"}],"wp:attachment":[{"href":"https:\/\/pharmacima.com\/ar\/wp-json\/wp\/v2\/media?parent=150764"}],"wp:term":[{"taxonomy":"product_brand","embeddable":true,"href":"https:\/\/pharmacima.com\/ar\/wp-json\/wp\/v2\/product_brand?post=150764"},{"taxonomy":"product_cat","embeddable":true,"href":"https:\/\/pharmacima.com\/ar\/wp-json\/wp\/v2\/product_cat?post=150764"},{"taxonomy":"product_tag","embeddable":true,"href":"https:\/\/pharmacima.com\/ar\/wp-json\/wp\/v2\/product_tag?post=150764"}],"curies":[{"name":"wp","href":"https:\/\/api.w.org\/{rel}","templated":true}]}}