{"id":150767,"date":"2026-04-05T12:28:51","date_gmt":"2026-04-05T11:28:51","guid":{"rendered":"https:\/\/pharmacima.com\/?post_type=product&#038;p=150767"},"modified":"2026-04-05T13:07:02","modified_gmt":"2026-04-05T12:07:02","slug":"anti-pelliculair-cheveux-normaux-gras-vichy","status":"publish","type":"product","link":"https:\/\/pharmacima.com\/ar\/product\/anti-pelliculair-cheveux-normaux-gras-vichy\/","title":{"rendered":"Dercos Anti pelliculaire Cheveux normaux a Gras 200ml Vichy"},"content":{"rendered":"<h1><strong>\u0648\u0635\u0641 :\u00a0<\/strong><\/h1>\n<h2>\u0627\u0644\u00a0<strong>shampooing anti-pelliculaire pour cheveux normaux \u00e0 gras Dercos<\/strong>\u00a0\u00e9labor\u00e9 par les laboratoires Vichy s\u2019adresse aux personnes qui sont sujettes aux\u00a0<strong>\u0642\u0634\u0631\u0629 \u0631\u0623\u0633<\/strong>\u00a0et aux\u00a0<strong>\u0645\u062b\u064a\u0631 \u0644\u0644\u062d\u0643\u0629<\/strong>\u00a0du cuir chevelu.<\/h2>\n<p>\u0647\u0630\u0627\u00a0<strong>shampooing traitant<\/strong>\u00a0contribue \u00e0 \u00e9liminer les pellicules visibles, qu\u2019elles soient grasses ou s\u00e8ches, et \u00e0 pr\u00e9venir leur r\u00e9apparition. Il permet \u00e9galement d\u2019att\u00e9nuer les d\u00e9mangeaisons qui accompagnent souvent les pellicules et de r\u00e9guler la production de s\u00e9bum au niveau du cuir chevelu.<\/p>\n<h2>Comment agit le shampoing antipelliculaire Dercos\u00a0?<\/h2>\n<p>L\u2019action anti-pelliculaire de ce\u00a0<strong>shampooing Vichy<\/strong>\u00a0s\u2019appuie sur l\u2019association de deux actifs phares : le sulfure de s\u00e9l\u00e9nium et l\u2019acide salicylique. Ces deux composants se retrouvent tr\u00e8s souvent dans les shampooings contre les pellicules pour leurs\u00a0<strong>propri\u00e9t\u00e9s antifongiques, antiprolif\u00e9ratives et anti-inflammatoires<\/strong>. Ils permettent d\u2019\u00e9liminer la bact\u00e9rie responsable du d\u00e9veloppement des\u00a0<strong>\u0642\u0634\u0631\u0629 \u0631\u0623\u0633<\/strong>, r\u00e9duisent l\u2019accumulation des cellules mortes et\u00a0<strong>apaisent les<\/strong>\u00a0<strong>\u0645\u062b\u064a\u0631 \u0644\u0644\u062d\u0643\u0629<\/strong>.<\/p>\n<h2><strong>CONSEIL DUTULISATION :<\/strong><\/h2>\n<p>Appliquer le shampooing anti-pelliculaire Dercos sur cheveux mouill\u00e9s.\u00a0Masser et laisser agir 2 minutes puis rincer.\u00a0Utiliser en cure\u00a0de 4\u00a0semaines.<\/p>\n<h2>\u0627\u0644\u062a\u0631\u0643\u064a\u0628\u0629 :<\/h2>\n<p>Aqua \/ water \/ eau, sodium laureth sulfate, glycol distearate, coco-betaine, glycerin, dimethicone, selenium sulfide, carbomer, CI 47005 \/ acid yellow 3, citric acid, menthol, 2-oleamido-1,3-octadecanediol, PPG-5-ceteth-20, salicylic acid, sodium benzoate, sodium chloride, sodium hydroxide, tocopheryl acetate, parfum \/ fragrance.<\/p>","protected":false},"excerpt":{"rendered":"<p>DESCRIPTION :\u00a0 Le\u00a0shampooing anti-pelliculaire pour cheveux normaux \u00e0 gras Dercos\u00a0\u00e9labor\u00e9 par les laboratoires Vichy s\u2019adresse aux personnes qui sont sujettes aux\u00a0pellicules\u00a0et aux\u00a0d\u00e9mangeaisons\u00a0du cuir chevelu. Ce\u00a0shampooing traitant\u00a0contribue \u00e0 \u00e9liminer les pellicules visibles, qu\u2019elles soient grasses ou s\u00e8ches, et \u00e0 pr\u00e9venir leur r\u00e9apparition. Il permet \u00e9galement d\u2019att\u00e9nuer les d\u00e9mangeaisons qui accompagnent souvent les pellicules et de r\u00e9guler [&hellip;]<\/p>\n","protected":false},"featured_media":150768,"comment_status":"open","ping_status":"closed","template":"","meta":{"_acf_changed":false},"product_brand":[1423],"product_cat":[102,138],"product_tag":[],"class_list":{"0":"post-150767","1":"product","2":"type-product","3":"status-publish","4":"has-post-thumbnail","6":"product_brand-vichy","7":"product_cat-soin-et-bien-etre","8":"product_cat-cheveux_","10":"first","11":"instock","12":"taxable","13":"shipping-taxable","14":"purchasable","15":"product-type-simple"},"acf":[],"_links":{"self":[{"href":"https:\/\/pharmacima.com\/ar\/wp-json\/wp\/v2\/product\/150767","targetHints":{"allow":["GET"]}}],"collection":[{"href":"https:\/\/pharmacima.com\/ar\/wp-json\/wp\/v2\/product"}],"about":[{"href":"https:\/\/pharmacima.com\/ar\/wp-json\/wp\/v2\/types\/product"}],"replies":[{"embeddable":true,"href":"https:\/\/pharmacima.com\/ar\/wp-json\/wp\/v2\/comments?post=150767"}],"wp:featuredmedia":[{"embeddable":true,"href":"https:\/\/pharmacima.com\/ar\/wp-json\/wp\/v2\/media\/150768"}],"wp:attachment":[{"href":"https:\/\/pharmacima.com\/ar\/wp-json\/wp\/v2\/media?parent=150767"}],"wp:term":[{"taxonomy":"product_brand","embeddable":true,"href":"https:\/\/pharmacima.com\/ar\/wp-json\/wp\/v2\/product_brand?post=150767"},{"taxonomy":"product_cat","embeddable":true,"href":"https:\/\/pharmacima.com\/ar\/wp-json\/wp\/v2\/product_cat?post=150767"},{"taxonomy":"product_tag","embeddable":true,"href":"https:\/\/pharmacima.com\/ar\/wp-json\/wp\/v2\/product_tag?post=150767"}],"curies":[{"name":"wp","href":"https:\/\/api.w.org\/{rel}","templated":true}]}}