{"id":150791,"date":"2026-04-06T13:03:08","date_gmt":"2026-04-06T12:03:08","guid":{"rendered":"https:\/\/pharmacima.com\/?post_type=product&#038;p=150791"},"modified":"2026-04-10T20:57:51","modified_gmt":"2026-04-10T19:57:51","slug":"preservatifs-intense-14pieces-intimy","status":"publish","type":"product","link":"https:\/\/pharmacima.com\/ar\/product\/preservatifs-intense-14pieces-intimy\/","title":{"rendered":"Preservatifs Intense 14pieces Intimy"},"content":{"rendered":"<h1><strong>\u0648\u0635\u0641 :\u00a0<\/strong><\/h1>\n<h2><strong><span dir=\"auto\">Les pr\u00e9servatifs Intimy Intense 14 sont des pr\u00e9servatifs sp\u00e9cialement con\u00e7us pour vous offrir une s\u00e9curit\u00e9 maximale sans alt\u00e9rer votre plaisir.<\/span><\/strong><\/h2>\n<p><span dir=\"auto\">Ces pr\u00e9servatifs sont lubrifi\u00e9s et poss\u00e8dent un r\u00e9servoir. Leur surface textur\u00e9e, au toucher nacr\u00e9 et vein\u00e9, multiplie les sensations pour les partenaires gr\u00e2ce aux micro-perles et aux veinures pr\u00e9sentes sur le pr\u00e9servatif.<\/span><\/p>\n<p><span dir=\"auto\">Couleur naturelle du latex.<\/span><\/p>\n<p><span dir=\"auto\">Parfum l\u00e9ger et agr\u00e9able.<\/span><\/p>\n<p><span dir=\"auto\">Longueur moyenne : 180 mm (+\/- 10 mm) (r\u00e9servoir exclu)<\/span><\/p>\n<p><span dir=\"auto\">Largeur moyenne : 53 mm (+\/- 2 mm)<\/span><\/p>\n<h2>\u0627\u0633\u062a\u062e\u062f\u0627\u0645 \u0627\u0644\u0645\u0634\u0648\u0631\u0629:<\/h2>\n<p>Lisez attentivement le mode d&#8217;emploi.<\/p>\n<h2>\u0627\u0644\u062a\u0631\u0643\u064a\u0628\u0629 :<\/h2>\n<div class=\"div_table_informations\">\n<div id=\"composition\" class=\"tab_content active\">\n<div class=\"longcompo\">\n<p><span dir=\"auto\">Latex de caoutchouc naturel pur.<\/span><\/p>\n<\/div>\n<\/div>\n<\/div>","protected":false},"excerpt":{"rendered":"<p>DESCRIPTION :\u00a0 Les pr\u00e9servatifs Intimy Intense 14 sont des pr\u00e9servatifs sp\u00e9cialement con\u00e7us pour vous offrir une s\u00e9curit\u00e9 maximale sans alt\u00e9rer votre plaisir. Ces pr\u00e9servatifs sont lubrifi\u00e9s et poss\u00e8dent un r\u00e9servoir. Leur surface textur\u00e9e, au toucher nacr\u00e9 et vein\u00e9, multiplie les sensations pour les partenaires gr\u00e2ce aux micro-perles et aux veinures pr\u00e9sentes sur le pr\u00e9servatif. Couleur [&hellip;]<\/p>\n","protected":false},"featured_media":150792,"comment_status":"open","ping_status":"closed","template":"","meta":{"_acf_changed":false},"product_brand":[1555],"product_cat":[96],"product_tag":[],"class_list":{"0":"post-150791","1":"product","2":"type-product","3":"status-publish","4":"has-post-thumbnail","6":"product_brand-intimy","7":"product_cat-hygiene-protection","9":"first","10":"instock","11":"taxable","12":"shipping-taxable","13":"purchasable","14":"product-type-simple"},"acf":[],"_links":{"self":[{"href":"https:\/\/pharmacima.com\/ar\/wp-json\/wp\/v2\/product\/150791","targetHints":{"allow":["GET"]}}],"collection":[{"href":"https:\/\/pharmacima.com\/ar\/wp-json\/wp\/v2\/product"}],"about":[{"href":"https:\/\/pharmacima.com\/ar\/wp-json\/wp\/v2\/types\/product"}],"replies":[{"embeddable":true,"href":"https:\/\/pharmacima.com\/ar\/wp-json\/wp\/v2\/comments?post=150791"}],"wp:featuredmedia":[{"embeddable":true,"href":"https:\/\/pharmacima.com\/ar\/wp-json\/wp\/v2\/media\/150792"}],"wp:attachment":[{"href":"https:\/\/pharmacima.com\/ar\/wp-json\/wp\/v2\/media?parent=150791"}],"wp:term":[{"taxonomy":"product_brand","embeddable":true,"href":"https:\/\/pharmacima.com\/ar\/wp-json\/wp\/v2\/product_brand?post=150791"},{"taxonomy":"product_cat","embeddable":true,"href":"https:\/\/pharmacima.com\/ar\/wp-json\/wp\/v2\/product_cat?post=150791"},{"taxonomy":"product_tag","embeddable":true,"href":"https:\/\/pharmacima.com\/ar\/wp-json\/wp\/v2\/product_tag?post=150791"}],"curies":[{"name":"wp","href":"https:\/\/api.w.org\/{rel}","templated":true}]}}