{"id":150794,"date":"2026-04-06T13:08:44","date_gmt":"2026-04-06T12:08:44","guid":{"rendered":"https:\/\/pharmacima.com\/?post_type=product&#038;p=150794"},"modified":"2026-04-15T17:57:05","modified_gmt":"2026-04-15T16:57:05","slug":"preservatifs-intense-28pieces-intimy","status":"publish","type":"product","link":"https:\/\/pharmacima.com\/ar\/product\/preservatifs-intense-28pieces-intimy\/","title":{"rendered":"Preservatifs Intense 28pieces Intimy"},"content":{"rendered":"<h1><strong>\u0648\u0635\u0641 :\u00a0<\/strong><\/h1>\n<h2>Les pr\u00e9servatifs Intense Intimy\u00a0sont con\u00e7us pour d\u00e9cupler les sensations des deux partenaires gr\u00e2ce aux\u00a0micro-perles\u00a0et aux\u00a0nervures\u00a0pr\u00e9sentes sur le pr\u00e9servatif.<\/h2>\n<p>Ils sont fabriqu\u00e9s \u00e0 partir de latex de caoutchouc naturel de qualit\u00e9 sup\u00e9rieure. Ils ont une odeur l\u00e9g\u00e8re et agr\u00e9able.<\/p>\n<p>Ces pr\u00e9servatifs respectent les normes fran\u00e7aises et europ\u00e9ennes en vigueur. Ils ont \u00e9t\u00e9 test\u00e9s \u00e9lectroniquement un par un pour vous offrir une qualit\u00e9 optimale.<\/p>\n<p>Ces nombreux atouts font de ces pr\u00e9servatifs une valeur s\u00fbre pour vos prochains \u00e9bats :<\/p>\n<ul>\n<li>Pr\u00e9servatifs masculins en latex de caoutchouc naturel avec r\u00e9servoir<\/li>\n<li>Surface textur\u00e9e : nervur\u00e9e et perl\u00e9e<\/li>\n<li>Profil\u00e9s<\/li>\n<\/ul>\n<h2><strong>\u0627\u0633\u062a\u062e\u062f\u0627\u0645 \u0627\u0644\u0645\u0634\u0648\u0631\u0629:\u00a0<\/strong><\/h2>\n<ol>\n<li>Poussez le pr\u00e9servatif du c\u00f4t\u00e9 oppos\u00e9 \u00e0 celui que vous souhaitez d\u00e9chirer pour l&rsquo;ouverture. Ouvrer d\u00e9licatement l&#8217;emballage et avec pr\u00e9caution pour ne pas abimer le pr\u00e9servatif. Veillez \u00e0 ne pas endommager le pr\u00e9servatif avec vos ongles, vos bagues, vos bijoux&#8230;et \u00e9vitez d&rsquo;utiliser des objets tranchants ou pointus (ciseaux, couteau, dents&#8230;).<\/li>\n<\/ol>\n<h2><strong>\u0627\u0644\u062a\u0631\u0643\u064a\u0628\u0629 :<\/strong><\/h2>\n<div class=\"relative mb-10\">\n<div class=\"tabs__heading\">\n<ul class=\"flex flex-col lg:justify-center\">\n<li id=\"composition-title\" class=\"flex flex-col justify-center cursor-pointer relative lg:mb-0 border-t border-neutral-80\">\n<div>\n<section class=\"tabs__content p-6 lg:p-8 pb-10 -mx-4 md:mx-0 bg-neutral-100\">\n<div>\n<p>100% latex.<\/p>\n<\/div>\n<\/section>\n<\/div>\n<\/li>\n<\/ul>\n<\/div>\n<\/div>\n<div id=\"review-list\" class=\"relative\"><\/div>","protected":false},"excerpt":{"rendered":"<p>DESCRIPTION :\u00a0 Les pr\u00e9servatifs Intense Intimy\u00a0sont con\u00e7us pour d\u00e9cupler les sensations des deux partenaires gr\u00e2ce aux\u00a0micro-perles\u00a0et aux\u00a0nervures\u00a0pr\u00e9sentes sur le pr\u00e9servatif. Ils sont fabriqu\u00e9s \u00e0 partir de latex de caoutchouc naturel de qualit\u00e9 sup\u00e9rieure. Ils ont une odeur l\u00e9g\u00e8re et agr\u00e9able. Ces pr\u00e9servatifs respectent les normes fran\u00e7aises et europ\u00e9ennes en vigueur. Ils ont \u00e9t\u00e9 test\u00e9s \u00e9lectroniquement [&hellip;]<\/p>\n","protected":false},"featured_media":150795,"comment_status":"open","ping_status":"closed","template":"","meta":{"_acf_changed":false},"product_brand":[1555],"product_cat":[1598],"product_tag":[],"class_list":{"0":"post-150794","1":"product","2":"type-product","3":"status-publish","4":"has-post-thumbnail","6":"product_brand-intimy","7":"product_cat-hygiene-bucco-dentaire","9":"first","10":"instock","11":"taxable","12":"shipping-taxable","13":"purchasable","14":"product-type-simple"},"acf":[],"_links":{"self":[{"href":"https:\/\/pharmacima.com\/ar\/wp-json\/wp\/v2\/product\/150794","targetHints":{"allow":["GET"]}}],"collection":[{"href":"https:\/\/pharmacima.com\/ar\/wp-json\/wp\/v2\/product"}],"about":[{"href":"https:\/\/pharmacima.com\/ar\/wp-json\/wp\/v2\/types\/product"}],"replies":[{"embeddable":true,"href":"https:\/\/pharmacima.com\/ar\/wp-json\/wp\/v2\/comments?post=150794"}],"wp:featuredmedia":[{"embeddable":true,"href":"https:\/\/pharmacima.com\/ar\/wp-json\/wp\/v2\/media\/150795"}],"wp:attachment":[{"href":"https:\/\/pharmacima.com\/ar\/wp-json\/wp\/v2\/media?parent=150794"}],"wp:term":[{"taxonomy":"product_brand","embeddable":true,"href":"https:\/\/pharmacima.com\/ar\/wp-json\/wp\/v2\/product_brand?post=150794"},{"taxonomy":"product_cat","embeddable":true,"href":"https:\/\/pharmacima.com\/ar\/wp-json\/wp\/v2\/product_cat?post=150794"},{"taxonomy":"product_tag","embeddable":true,"href":"https:\/\/pharmacima.com\/ar\/wp-json\/wp\/v2\/product_tag?post=150794"}],"curies":[{"name":"wp","href":"https:\/\/api.w.org\/{rel}","templated":true}]}}