{"id":150811,"date":"2026-04-06T17:26:14","date_gmt":"2026-04-06T16:26:14","guid":{"rendered":"https:\/\/pharmacima.com\/?post_type=product&#038;p=150811"},"modified":"2026-04-16T15:06:32","modified_gmt":"2026-04-16T14:06:32","slug":"preservatifs-12pieces-bubbelgum-durex","status":"publish","type":"product","link":"https:\/\/pharmacima.com\/ar\/product\/preservatifs-12pieces-bubbelgum-durex\/","title":{"rendered":"Preservatifs 12pieces BubbelGum Durex"},"content":{"rendered":"<h2><strong>\u0648\u0635\u0641 :\u00a0<\/strong><\/h2>\n<h2>\u0627\u0644\u00a0<strong data-start=\"108\" data-end=\"142\">pr\u00e9servatifs Durex\u00a0<em data-start=\"129\" data-end=\"140\">Bubblegum<\/em><\/strong>\u00a0en pack de\u00a0<strong data-start=\"154\" data-end=\"166\">3 pi\u00e8ces<\/strong>\u00a0sont des pr\u00e9servatifs masculins en\u00a0<strong data-start=\"202\" data-end=\"219\">latex naturel<\/strong>\u00a0con\u00e7us pour offrir\u00a0<strong data-start=\"239\" data-end=\"265\">protection et s\u00e9curit\u00e9<\/strong>\u00a0lors des rapports intimes tout en ajoutant une touche ludique.<\/h2>\n<p>Ils sont\u00a0<strong data-start=\"338\" data-end=\"352\">extra-fins<\/strong>\u00a0pour une sensation plus naturelle et plus proche, et sont\u00a0<strong data-start=\"411\" data-end=\"428\">pr\u00e9-lubrifi\u00e9s<\/strong>\u00a0pour faciliter la mise en place et am\u00e9liorer le confort.<\/p>\n<p>Chaque pr\u00e9servatif est\u00a0<strong data-start=\"548\" data-end=\"574\">\u00e9lectroniquement test\u00e9<\/strong>\u00a0pour garantir son int\u00e9grit\u00e9 et contribuer \u00e0 r\u00e9duire les risques de grossesse non d\u00e9sir\u00e9e et de transmission d\u2019infections sexuellement transmissibles (IST) lorsqu\u2019il est utilis\u00e9 correctement.<\/p>\n<p>\u0647\u0646\u0627\u0643\u00a0<strong data-start=\"769\" data-end=\"789\">saveur bubblegum<\/strong>\u00a0apporte une note sucr\u00e9e et originale, particuli\u00e8rement appr\u00e9ci\u00e9e pour les rapports oraux ou pour varier les sensations.<\/p>","protected":false},"excerpt":{"rendered":"<p>DESCRIPTION :\u00a0 Les\u00a0pr\u00e9servatifs Durex\u00a0Bubblegum\u00a0en pack de\u00a03 pi\u00e8ces\u00a0sont des pr\u00e9servatifs masculins en\u00a0latex naturel\u00a0con\u00e7us pour offrir\u00a0protection et s\u00e9curit\u00e9\u00a0lors des rapports intimes tout en ajoutant une touche ludique. Ils sont\u00a0extra-fins\u00a0pour une sensation plus naturelle et plus proche, et sont\u00a0pr\u00e9-lubrifi\u00e9s\u00a0pour faciliter la mise en place et am\u00e9liorer le confort. Chaque pr\u00e9servatif est\u00a0\u00e9lectroniquement test\u00e9\u00a0pour garantir son int\u00e9grit\u00e9 et contribuer \u00e0 [&hellip;]<\/p>\n","protected":false},"featured_media":150963,"comment_status":"open","ping_status":"closed","template":"","meta":{"_acf_changed":false},"product_brand":[1407],"product_cat":[96],"product_tag":[],"class_list":{"0":"post-150811","1":"product","2":"type-product","3":"status-publish","4":"has-post-thumbnail","6":"product_brand-durex","7":"product_cat-hygiene-protection","9":"first","10":"instock","11":"sale","12":"taxable","13":"shipping-taxable","14":"purchasable","15":"product-type-simple"},"acf":[],"_links":{"self":[{"href":"https:\/\/pharmacima.com\/ar\/wp-json\/wp\/v2\/product\/150811","targetHints":{"allow":["GET"]}}],"collection":[{"href":"https:\/\/pharmacima.com\/ar\/wp-json\/wp\/v2\/product"}],"about":[{"href":"https:\/\/pharmacima.com\/ar\/wp-json\/wp\/v2\/types\/product"}],"replies":[{"embeddable":true,"href":"https:\/\/pharmacima.com\/ar\/wp-json\/wp\/v2\/comments?post=150811"}],"wp:featuredmedia":[{"embeddable":true,"href":"https:\/\/pharmacima.com\/ar\/wp-json\/wp\/v2\/media\/150963"}],"wp:attachment":[{"href":"https:\/\/pharmacima.com\/ar\/wp-json\/wp\/v2\/media?parent=150811"}],"wp:term":[{"taxonomy":"product_brand","embeddable":true,"href":"https:\/\/pharmacima.com\/ar\/wp-json\/wp\/v2\/product_brand?post=150811"},{"taxonomy":"product_cat","embeddable":true,"href":"https:\/\/pharmacima.com\/ar\/wp-json\/wp\/v2\/product_cat?post=150811"},{"taxonomy":"product_tag","embeddable":true,"href":"https:\/\/pharmacima.com\/ar\/wp-json\/wp\/v2\/product_tag?post=150811"}],"curies":[{"name":"wp","href":"https:\/\/api.w.org\/{rel}","templated":true}]}}