{"id":150841,"date":"2026-04-08T11:41:45","date_gmt":"2026-04-08T10:41:45","guid":{"rendered":"https:\/\/pharmacima.com\/?post_type=product&#038;p=150841"},"modified":"2026-04-14T12:10:27","modified_gmt":"2026-04-14T11:10:27","slug":"gel-lubrifiant-skyn-silicone-80ml-manix","status":"publish","type":"product","link":"https:\/\/pharmacima.com\/ar\/product\/gel-lubrifiant-skyn-silicone-80ml-manix\/","title":{"rendered":"Gel Lubrifiant skyn Silicone 80ml Manix"},"content":{"rendered":"<h2><strong>\u0648\u0635\u0641 :\u00a0<\/strong><\/h2>\n<h2>Avec sa texture velout\u00e9e irr\u00e9sistible, le lubrifiant SKYN\u00ae All Night Long est une formule transparente \u00e0 base de silicone, sans parfum et sans parab\u00e8nes, qui offre une lubrification longue dur\u00e9e sans qu&rsquo;il soit n\u00e9cessaire de la r\u00e9appliquer<\/h2>\n<div class=\"format prodCntscroll prodCntscroll1\">\n<ul>\n<li><strong><b><span dir=\"auto\">Le lubrifiant personnel \u00e0 base de silicone SKYN\u00ae<\/span><\/b><span dir=\"auto\">\u00a0All Night Long<\/span><\/strong><span dir=\"auto\">\u00a0procure une sensation douce et velout\u00e9e longue dur\u00e9e qui am\u00e9liore la sensibilit\u00e9 et le confort intime.<\/span><\/li>\n<li><strong><span dir=\"auto\">Texture soyeuse :\u00a0<\/span><\/strong><span dir=\"auto\">sans parfum ni conservateur ; sans parab\u00e8nes ; laisse la peau douce et soyeuse.<\/span><\/li>\n<\/ul>\n<div class=\"accordion-content h-0 overflow-hidden\">\n<div class=\"p-15 format format-feature hidden\">\n<ul>\n<li><span dir=\"auto\">Un lubrifiant de qualit\u00e9 sup\u00e9rieure fabriqu\u00e9 \u00e0 partir d&rsquo;ingr\u00e9dients de la plus haute qualit\u00e9<\/span><\/li>\n<\/ul>\n<div class=\"accordion-content h-0 overflow-hidden\">\n<div class=\"p-15 format format-feature hidden\">\n<ul>\n<li><span dir=\"auto\">Compatible avec les pr\u00e9servatifs en latex de caoutchouc naturel, en polyur\u00e9thane et en polyisopr\u00e8ne<\/span><\/li>\n<\/ul>\n<\/div>\n<\/div>\n<\/div>\n<\/div>\n<\/div>","protected":false},"excerpt":{"rendered":"<p>DESCRIPTION :\u00a0 Avec sa texture velout\u00e9e irr\u00e9sistible, le lubrifiant SKYN\u00ae All Night Long est une formule transparente \u00e0 base de silicone, sans parfum et sans parab\u00e8nes, qui offre une lubrification longue dur\u00e9e sans qu&rsquo;il soit n\u00e9cessaire de la r\u00e9appliquer Le lubrifiant personnel \u00e0 base de silicone SKYN\u00ae\u00a0All Night Long\u00a0procure une sensation douce et velout\u00e9e longue [&hellip;]<\/p>\n","protected":false},"featured_media":150962,"comment_status":"open","ping_status":"closed","template":"","meta":{"_acf_changed":false},"product_brand":[1635],"product_cat":[96],"product_tag":[],"class_list":{"0":"post-150841","1":"product","2":"type-product","3":"status-publish","4":"has-post-thumbnail","6":"product_brand-manix","7":"product_cat-hygiene-protection","9":"first","10":"instock","11":"sale","12":"taxable","13":"shipping-taxable","14":"purchasable","15":"product-type-simple"},"acf":[],"_links":{"self":[{"href":"https:\/\/pharmacima.com\/ar\/wp-json\/wp\/v2\/product\/150841","targetHints":{"allow":["GET"]}}],"collection":[{"href":"https:\/\/pharmacima.com\/ar\/wp-json\/wp\/v2\/product"}],"about":[{"href":"https:\/\/pharmacima.com\/ar\/wp-json\/wp\/v2\/types\/product"}],"replies":[{"embeddable":true,"href":"https:\/\/pharmacima.com\/ar\/wp-json\/wp\/v2\/comments?post=150841"}],"wp:featuredmedia":[{"embeddable":true,"href":"https:\/\/pharmacima.com\/ar\/wp-json\/wp\/v2\/media\/150962"}],"wp:attachment":[{"href":"https:\/\/pharmacima.com\/ar\/wp-json\/wp\/v2\/media?parent=150841"}],"wp:term":[{"taxonomy":"product_brand","embeddable":true,"href":"https:\/\/pharmacima.com\/ar\/wp-json\/wp\/v2\/product_brand?post=150841"},{"taxonomy":"product_cat","embeddable":true,"href":"https:\/\/pharmacima.com\/ar\/wp-json\/wp\/v2\/product_cat?post=150841"},{"taxonomy":"product_tag","embeddable":true,"href":"https:\/\/pharmacima.com\/ar\/wp-json\/wp\/v2\/product_tag?post=150841"}],"curies":[{"name":"wp","href":"https:\/\/api.w.org\/{rel}","templated":true}]}}