{"id":150843,"date":"2026-04-08T11:56:30","date_gmt":"2026-04-08T10:56:30","guid":{"rendered":"https:\/\/pharmacima.com\/?post_type=product&#038;p=150843"},"modified":"2026-04-12T13:25:06","modified_gmt":"2026-04-12T12:25:06","slug":"gel-de-massage-skyn-oriental-touch-manix","status":"publish","type":"product","link":"https:\/\/pharmacima.com\/ar\/product\/gel-de-massage-skyn-oriental-touch-manix\/","title":{"rendered":"Gel de massage Skyn Oriental Touch 200ml Manix"},"content":{"rendered":"<h1><strong>\u0648\u0635\u0641 :<\/strong><\/h1>\n<div class=\"pb-30 lg:flex-1 lg:pr-100 lg:pt-0 format\" data-animation=\"reveal\">\n<h2><span dir=\"auto\">SKYN Oriental Touch est un gel de massage onctueux et velout\u00e9, l\u00e9g\u00e8rement parfum\u00e9 au jasmin et au th\u00e9 vert. Ultra-doux sur la peau, il favorise la sensibilit\u00e9 \u00e0 chaque mouvement tout en vous enveloppant d&rsquo;un parfum stimulant.<\/span><\/h2>\n<div class=\"accordion-content h-0 overflow-hidden\">\n<div class=\"p-15 format format-feature hidden\">\n<ul>\n<li><span dir=\"auto\">Une douce sensation de chaleur gr\u00e2ce au jasmin et au th\u00e9 vert.<\/span><\/li>\n<li>\n<div class=\"accordion-content h-0 overflow-hidden\">\n<div class=\"p-15 format format-feature hidden\">\n<p><span dir=\"auto\">Sa formule non collante laisse la peau douce, lisse et soyeuse au toucher.<\/span><\/p>\n<\/div>\n<\/div>\n<\/li>\n<\/ul>\n<\/div>\n<\/div>\n<p>&nbsp;<\/p>\n<\/div>","protected":false},"excerpt":{"rendered":"<p>DESCRIPTION : SKYN Oriental Touch est un gel de massage onctueux et velout\u00e9, l\u00e9g\u00e8rement parfum\u00e9 au jasmin et au th\u00e9 vert. Ultra-doux sur la peau, il favorise la sensibilit\u00e9 \u00e0 chaque mouvement tout en vous enveloppant d&rsquo;un parfum stimulant. Une douce sensation de chaleur gr\u00e2ce au jasmin et au th\u00e9 vert. Sa formule non collante [&hellip;]<\/p>\n","protected":false},"featured_media":150961,"comment_status":"open","ping_status":"closed","template":"","meta":{"_acf_changed":false},"product_brand":[1635],"product_cat":[96],"product_tag":[],"class_list":{"0":"post-150843","1":"product","2":"type-product","3":"status-publish","4":"has-post-thumbnail","6":"product_brand-manix","7":"product_cat-hygiene-protection","9":"first","10":"instock","11":"taxable","12":"shipping-taxable","13":"purchasable","14":"product-type-simple"},"acf":[],"_links":{"self":[{"href":"https:\/\/pharmacima.com\/ar\/wp-json\/wp\/v2\/product\/150843","targetHints":{"allow":["GET"]}}],"collection":[{"href":"https:\/\/pharmacima.com\/ar\/wp-json\/wp\/v2\/product"}],"about":[{"href":"https:\/\/pharmacima.com\/ar\/wp-json\/wp\/v2\/types\/product"}],"replies":[{"embeddable":true,"href":"https:\/\/pharmacima.com\/ar\/wp-json\/wp\/v2\/comments?post=150843"}],"wp:featuredmedia":[{"embeddable":true,"href":"https:\/\/pharmacima.com\/ar\/wp-json\/wp\/v2\/media\/150961"}],"wp:attachment":[{"href":"https:\/\/pharmacima.com\/ar\/wp-json\/wp\/v2\/media?parent=150843"}],"wp:term":[{"taxonomy":"product_brand","embeddable":true,"href":"https:\/\/pharmacima.com\/ar\/wp-json\/wp\/v2\/product_brand?post=150843"},{"taxonomy":"product_cat","embeddable":true,"href":"https:\/\/pharmacima.com\/ar\/wp-json\/wp\/v2\/product_cat?post=150843"},{"taxonomy":"product_tag","embeddable":true,"href":"https:\/\/pharmacima.com\/ar\/wp-json\/wp\/v2\/product_tag?post=150843"}],"curies":[{"name":"wp","href":"https:\/\/api.w.org\/{rel}","templated":true}]}}