{"id":150848,"date":"2026-04-08T12:01:42","date_gmt":"2026-04-08T11:01:42","guid":{"rendered":"https:\/\/pharmacima.com\/?post_type=product&#038;p=150848"},"modified":"2026-04-19T13:58:46","modified_gmt":"2026-04-19T12:58:46","slug":"gel-massage-sensation-intense-200ml-manix","status":"publish","type":"product","link":"https:\/\/pharmacima.com\/ar\/product\/gel-massage-sensation-intense-200ml-manix\/","title":{"rendered":"Gel massage Sensation intense 200ml Manix"},"content":{"rendered":"<h1><strong>\u0648\u0635\u0641 :\u00a0<\/strong><\/h1>\n<h2>Manix Massage Stimulant Sensations Intenses 200 ml est le partenaire id\u00e9al pour passer des moments sensuels et intenses.<\/h2>\n<p>Sa texture d&rsquo;une onctuosit\u00e9 extr\u00eame facilite tous vos mouvements et gestes pour un maximum de douceur. Sa formule offre une douce sensation de chaleur pour stimuler les sens.<\/p>\n<p>Le gel peut \u00eatre appliqu\u00e9 sur toutes les parties du corps, m\u00eame les plus intimes, et convient parfaitement aux rapports sexuels.<\/p>\n<p>Incolore, comestible, sans paraben, test\u00e9 dermatologiquement, pH neutre. Non collant.<\/p>","protected":false},"excerpt":{"rendered":"<p>DESCRIPTION :\u00a0 Manix Massage Stimulant Sensations Intenses 200 ml est le partenaire id\u00e9al pour passer des moments sensuels et intenses. Sa texture d&rsquo;une onctuosit\u00e9 extr\u00eame facilite tous vos mouvements et gestes pour un maximum de douceur. Sa formule offre une douce sensation de chaleur pour stimuler les sens. Le gel peut \u00eatre appliqu\u00e9 sur toutes [&hellip;]<\/p>\n","protected":false},"featured_media":150849,"comment_status":"open","ping_status":"closed","template":"","meta":{"_acf_changed":false},"product_brand":[1635],"product_cat":[96],"product_tag":[],"class_list":{"0":"post-150848","1":"product","2":"type-product","3":"status-publish","4":"has-post-thumbnail","6":"product_brand-manix","7":"product_cat-hygiene-protection","9":"first","10":"outofstock","11":"taxable","12":"shipping-taxable","13":"purchasable","14":"product-type-simple"},"acf":[],"_links":{"self":[{"href":"https:\/\/pharmacima.com\/ar\/wp-json\/wp\/v2\/product\/150848","targetHints":{"allow":["GET"]}}],"collection":[{"href":"https:\/\/pharmacima.com\/ar\/wp-json\/wp\/v2\/product"}],"about":[{"href":"https:\/\/pharmacima.com\/ar\/wp-json\/wp\/v2\/types\/product"}],"replies":[{"embeddable":true,"href":"https:\/\/pharmacima.com\/ar\/wp-json\/wp\/v2\/comments?post=150848"}],"wp:featuredmedia":[{"embeddable":true,"href":"https:\/\/pharmacima.com\/ar\/wp-json\/wp\/v2\/media\/150849"}],"wp:attachment":[{"href":"https:\/\/pharmacima.com\/ar\/wp-json\/wp\/v2\/media?parent=150848"}],"wp:term":[{"taxonomy":"product_brand","embeddable":true,"href":"https:\/\/pharmacima.com\/ar\/wp-json\/wp\/v2\/product_brand?post=150848"},{"taxonomy":"product_cat","embeddable":true,"href":"https:\/\/pharmacima.com\/ar\/wp-json\/wp\/v2\/product_cat?post=150848"},{"taxonomy":"product_tag","embeddable":true,"href":"https:\/\/pharmacima.com\/ar\/wp-json\/wp\/v2\/product_tag?post=150848"}],"curies":[{"name":"wp","href":"https:\/\/api.w.org\/{rel}","templated":true}]}}