{"id":150850,"date":"2026-04-08T12:11:54","date_gmt":"2026-04-08T11:11:54","guid":{"rendered":"https:\/\/pharmacima.com\/?post_type=product&#038;p=150850"},"modified":"2026-04-16T13:17:30","modified_gmt":"2026-04-16T12:17:30","slug":"preservatifs-xtra-pleasure-10pieces-manix","status":"publish","type":"product","link":"https:\/\/pharmacima.com\/ar\/product\/preservatifs-xtra-pleasure-10pieces-manix\/","title":{"rendered":"Preservatifs Xtra Pleasure 10pieces Manix"},"content":{"rendered":"<h1><strong>DESCRIOTION :\u00a0<\/strong><\/h1>\n<h2>Manix Xtra Pleasure 10 Pr\u00e9servatifs est un pr\u00e9servatif nervur\u00e9, lubrifi\u00e9 avec r\u00e9servoir et de couleur naturelle.<\/h2>\n<p>Sa forme stimulante fait onduler la mati\u00e8re pour procurer d&rsquo;exquises vibrations aux deux partenaires.Avec sa texture nervur\u00e9e, c&rsquo;est encore meilleur.<br \/>\nIl poss\u00e8de un parfum subtil de vanille.<\/p>\n<ul>\n<li>Largeur nominale : 52 mm.<\/li>\n<li>Test\u00e9 \u00e9lectroniquement.<\/li>\n<\/ul>","protected":false},"excerpt":{"rendered":"<p>DESCRIOTION :\u00a0 Manix Xtra Pleasure 10 Pr\u00e9servatifs est un pr\u00e9servatif nervur\u00e9, lubrifi\u00e9 avec r\u00e9servoir et de couleur naturelle. Sa forme stimulante fait onduler la mati\u00e8re pour procurer d&rsquo;exquises vibrations aux deux partenaires.Avec sa texture nervur\u00e9e, c&rsquo;est encore meilleur. Il poss\u00e8de un parfum subtil de vanille. Largeur nominale : 52 mm. Test\u00e9 \u00e9lectroniquement.<\/p>","protected":false},"featured_media":150960,"comment_status":"open","ping_status":"closed","template":"","meta":{"_acf_changed":false},"product_brand":[1635],"product_cat":[96],"product_tag":[],"class_list":{"0":"post-150850","1":"product","2":"type-product","3":"status-publish","4":"has-post-thumbnail","6":"product_brand-manix","7":"product_cat-hygiene-protection","9":"first","10":"outofstock","11":"taxable","12":"shipping-taxable","13":"purchasable","14":"product-type-simple"},"acf":[],"_links":{"self":[{"href":"https:\/\/pharmacima.com\/ar\/wp-json\/wp\/v2\/product\/150850","targetHints":{"allow":["GET"]}}],"collection":[{"href":"https:\/\/pharmacima.com\/ar\/wp-json\/wp\/v2\/product"}],"about":[{"href":"https:\/\/pharmacima.com\/ar\/wp-json\/wp\/v2\/types\/product"}],"replies":[{"embeddable":true,"href":"https:\/\/pharmacima.com\/ar\/wp-json\/wp\/v2\/comments?post=150850"}],"wp:featuredmedia":[{"embeddable":true,"href":"https:\/\/pharmacima.com\/ar\/wp-json\/wp\/v2\/media\/150960"}],"wp:attachment":[{"href":"https:\/\/pharmacima.com\/ar\/wp-json\/wp\/v2\/media?parent=150850"}],"wp:term":[{"taxonomy":"product_brand","embeddable":true,"href":"https:\/\/pharmacima.com\/ar\/wp-json\/wp\/v2\/product_brand?post=150850"},{"taxonomy":"product_cat","embeddable":true,"href":"https:\/\/pharmacima.com\/ar\/wp-json\/wp\/v2\/product_cat?post=150850"},{"taxonomy":"product_tag","embeddable":true,"href":"https:\/\/pharmacima.com\/ar\/wp-json\/wp\/v2\/product_tag?post=150850"}],"curies":[{"name":"wp","href":"https:\/\/api.w.org\/{rel}","templated":true}]}}