{"id":150856,"date":"2026-04-08T12:26:17","date_gmt":"2026-04-08T11:26:17","guid":{"rendered":"https:\/\/pharmacima.com\/?post_type=product&#038;p=150856"},"modified":"2026-04-12T13:22:47","modified_gmt":"2026-04-12T12:22:47","slug":"titan-xxl-creme-intime-developpante-60ml","status":"publish","type":"product","link":"https:\/\/pharmacima.com\/ar\/product\/titan-xxl-creme-intime-developpante-60ml\/","title":{"rendered":"Titan XXL Creme Intime Developpante 60ml Labophyto"},"content":{"rendered":"<h1>\u0648\u0635\u0641 :<\/h1>\n<h2><strong>La Cr\u00e8me D\u00e9veloppante Titan XXL Labophyto<\/strong>\u00a0est une cr\u00e8me intime d\u00e9veloppante.<\/h2>\n<ul>\n<li><strong>Pour qui :<\/strong>\u00a0Pour les hommes qui souhaitent augmenter la taille de leur p\u00e9nis<\/li>\n<li><strong>\u0646\u062a\u0627\u0626\u062c :<\/strong>\u00a0Le p\u00e9nis est plus grand<\/li>\n<li><strong>Les ingr\u00e9dients :\u00a0<\/strong>Aloe Vera, Ginkgo Biloba, Arnica<\/li>\n<li><strong>Le + :<\/strong>\u00a0Sa formule compos\u00e9e d&rsquo;ingr\u00e9dients d&rsquo;origine naturelle<\/li>\n<\/ul>\n<p>Elle est formul\u00e9e pour les hommes qui souhaitent\u00a0<strong>optimiser leurs \u00e9rections gr\u00e2ce \u00e0 des ingr\u00e9dients d&rsquo;origine naturelle.<\/strong><\/p>\n<p>Au c\u0153ur de sa formule, de\u00a0<strong>l&rsquo;Aloe Vera, Du Ginkgo Biloba et de l&rsquo;Arnica.<\/strong><\/p>\n<p>L\u2019Aloe Vera a une\u00a0<strong>action vasodilatatrice.<\/strong><\/p>\n<p>Le Ginkgo Biloba\u00a0<strong>augmente<\/strong>\u00a0le flux\u00a0<strong>sanguin<\/strong>\u00a0dans les\u00a0<strong>petits vaisseaux.<\/strong><\/p>\n<p>L\u2019Arnica agit sur la\u00a0<strong>circulation sanguine<\/strong>\u00a0sous cutan\u00e9e.<\/p>\n<p>Compatible avec le<strong>\u00a0sexe oral et avec les pr\u00e9servatifs.<\/strong><\/p>\n<h2>\u0627\u0633\u062a\u062e\u062f\u0627\u0645 \u0627\u0644\u0645\u0634\u0648\u0631\u0629:<\/h2>\n<p>Appliquez la cr\u00e8me chaque jour sur le p\u00e9nis pendant quelques semaines pour des r\u00e9sultats optimaux. Avant d\u2019utiliser la cr\u00e8me d\u00e9veloppante Titan XXL, testez une petite quantit\u00e9 de la cr\u00e8me sur l\u2019avant bras. Arr\u00eatez l\u2019utilisation en cas de r\u00e9action allergique. Usage externe. Tenir hors de port\u00e9e des enfants. Conservez dans un endroit frais et sec \u00e0 l\u2019abri de la lumi\u00e8re.<\/p>","protected":false},"excerpt":{"rendered":"<p>DESCRIPTION : La Cr\u00e8me D\u00e9veloppante Titan XXL Labophyto\u00a0est une cr\u00e8me intime d\u00e9veloppante. Pour qui :\u00a0Pour les hommes qui souhaitent augmenter la taille de leur p\u00e9nis R\u00e9sultats :\u00a0Le p\u00e9nis est plus grand Les ingr\u00e9dients :\u00a0Aloe Vera, Ginkgo Biloba, Arnica Le + :\u00a0Sa formule compos\u00e9e d&rsquo;ingr\u00e9dients d&rsquo;origine naturelle Elle est formul\u00e9e pour les hommes qui souhaitent\u00a0optimiser leurs [&hellip;]<\/p>\n","protected":false},"featured_media":150958,"comment_status":"open","ping_status":"closed","template":"","meta":{"_acf_changed":false},"product_brand":[1636],"product_cat":[96],"product_tag":[],"class_list":{"0":"post-150856","1":"product","2":"type-product","3":"status-publish","4":"has-post-thumbnail","6":"product_brand-labophyto","7":"product_cat-hygiene-protection","9":"first","10":"instock","11":"taxable","12":"shipping-taxable","13":"purchasable","14":"product-type-simple"},"acf":[],"_links":{"self":[{"href":"https:\/\/pharmacima.com\/ar\/wp-json\/wp\/v2\/product\/150856","targetHints":{"allow":["GET"]}}],"collection":[{"href":"https:\/\/pharmacima.com\/ar\/wp-json\/wp\/v2\/product"}],"about":[{"href":"https:\/\/pharmacima.com\/ar\/wp-json\/wp\/v2\/types\/product"}],"replies":[{"embeddable":true,"href":"https:\/\/pharmacima.com\/ar\/wp-json\/wp\/v2\/comments?post=150856"}],"wp:featuredmedia":[{"embeddable":true,"href":"https:\/\/pharmacima.com\/ar\/wp-json\/wp\/v2\/media\/150958"}],"wp:attachment":[{"href":"https:\/\/pharmacima.com\/ar\/wp-json\/wp\/v2\/media?parent=150856"}],"wp:term":[{"taxonomy":"product_brand","embeddable":true,"href":"https:\/\/pharmacima.com\/ar\/wp-json\/wp\/v2\/product_brand?post=150856"},{"taxonomy":"product_cat","embeddable":true,"href":"https:\/\/pharmacima.com\/ar\/wp-json\/wp\/v2\/product_cat?post=150856"},{"taxonomy":"product_tag","embeddable":true,"href":"https:\/\/pharmacima.com\/ar\/wp-json\/wp\/v2\/product_tag?post=150856"}],"curies":[{"name":"wp","href":"https:\/\/api.w.org\/{rel}","templated":true}]}}