{"id":150861,"date":"2026-04-08T12:40:27","date_gmt":"2026-04-08T11:40:27","guid":{"rendered":"https:\/\/pharmacima.com\/?post_type=product&#038;p=150861"},"modified":"2026-04-13T22:17:50","modified_gmt":"2026-04-13T21:17:50","slug":"lingette-retardante-maxi-control-6x25ml","status":"publish","type":"product","link":"https:\/\/pharmacima.com\/ar\/product\/lingette-retardante-maxi-control-6x25ml\/","title":{"rendered":"Lingette Retardante Maxi Control 6&#215;2,5ml Labophyto"},"content":{"rendered":"<h1><strong>\u0648\u0635\u0641 :\u00a0<\/strong><\/h1>\n<h2><strong>Les lingettes MaxiControl de Labophyto<\/strong>\u00a0permettent de prolonger la dur\u00e9e des rapports intimes.<\/h2>\n<ul>\n<li><strong>Pour qui :<\/strong>\u00a0Pour les hommes d\u00e9sireux de prolonger la dur\u00e9e de leurs rapports sexuels et pour ceux souffrant d&rsquo;\u00e9jaculation pr\u00e9coce<\/li>\n<li><strong>\u0646\u062a\u0627\u0626\u062c :<\/strong>\u00a0Aide \u00e0 retarder l&rsquo;\u00e9jaculation<\/li>\n<li><strong>Les ingr\u00e9dients :\u00a0<\/strong>Millepertuis, Avoine, Menthe Poivr\u00e9e<\/li>\n<li><strong>Le + :<\/strong>\u00a0Leur format compacte et discret<\/li>\n<\/ul>\n<p>Ces lingettes retardent l&rsquo;\u00e9jaculation gr\u00e2ce \u00e0 du Millepertuis, de l&rsquo;Avoine et de la Menthe Poivr\u00e9e.<\/p>\n<p>Le Millepertuis aide \u00e0<strong>\u00a0maintenir l&rsquo;\u00e9quilibre \u00e9motionnel<\/strong>\u00a0et favorise la relaxation.<\/p>\n<p>L\u2019Avoine diminue la tension nerveuse et<strong>\u00a0fortifie le syst\u00e8me nerveux en p\u00e9riode de stress.<\/strong><\/p>\n<p>La Menthe Poivr\u00e9e offre un<strong>\u00a0effet rafra\u00eechissant\u00a0<\/strong>et diminue les sensations au niveau du p\u00e9nis.<\/p>\n<p>Compatible avec le\u00a0<strong>sexe oral et avec les pr\u00e9servatifs<\/strong>.<\/p>","protected":false},"excerpt":{"rendered":"<p>DESCRIPTION :\u00a0 Les lingettes MaxiControl de Labophyto\u00a0permettent de prolonger la dur\u00e9e des rapports intimes. Pour qui :\u00a0Pour les hommes d\u00e9sireux de prolonger la dur\u00e9e de leurs rapports sexuels et pour ceux souffrant d&rsquo;\u00e9jaculation pr\u00e9coce R\u00e9sultats :\u00a0Aide \u00e0 retarder l&rsquo;\u00e9jaculation Les ingr\u00e9dients :\u00a0Millepertuis, Avoine, Menthe Poivr\u00e9e Le + :\u00a0Leur format compacte et discret Ces lingettes retardent [&hellip;]<\/p>\n","protected":false},"featured_media":150862,"comment_status":"open","ping_status":"closed","template":"","meta":{"_acf_changed":false},"product_brand":[1636],"product_cat":[96],"product_tag":[],"class_list":{"0":"post-150861","1":"product","2":"type-product","3":"status-publish","4":"has-post-thumbnail","6":"product_brand-labophyto","7":"product_cat-hygiene-protection","9":"first","10":"instock","11":"taxable","12":"shipping-taxable","13":"purchasable","14":"product-type-simple"},"acf":[],"_links":{"self":[{"href":"https:\/\/pharmacima.com\/ar\/wp-json\/wp\/v2\/product\/150861","targetHints":{"allow":["GET"]}}],"collection":[{"href":"https:\/\/pharmacima.com\/ar\/wp-json\/wp\/v2\/product"}],"about":[{"href":"https:\/\/pharmacima.com\/ar\/wp-json\/wp\/v2\/types\/product"}],"replies":[{"embeddable":true,"href":"https:\/\/pharmacima.com\/ar\/wp-json\/wp\/v2\/comments?post=150861"}],"wp:featuredmedia":[{"embeddable":true,"href":"https:\/\/pharmacima.com\/ar\/wp-json\/wp\/v2\/media\/150862"}],"wp:attachment":[{"href":"https:\/\/pharmacima.com\/ar\/wp-json\/wp\/v2\/media?parent=150861"}],"wp:term":[{"taxonomy":"product_brand","embeddable":true,"href":"https:\/\/pharmacima.com\/ar\/wp-json\/wp\/v2\/product_brand?post=150861"},{"taxonomy":"product_cat","embeddable":true,"href":"https:\/\/pharmacima.com\/ar\/wp-json\/wp\/v2\/product_cat?post=150861"},{"taxonomy":"product_tag","embeddable":true,"href":"https:\/\/pharmacima.com\/ar\/wp-json\/wp\/v2\/product_tag?post=150861"}],"curies":[{"name":"wp","href":"https:\/\/api.w.org\/{rel}","templated":true}]}}