{"id":150866,"date":"2026-04-08T13:09:27","date_gmt":"2026-04-08T12:09:27","guid":{"rendered":"https:\/\/pharmacima.com\/?post_type=product&#038;p=150866"},"modified":"2026-04-15T12:38:31","modified_gmt":"2026-04-15T11:38:31","slug":"skyn-excite-for-her-15ml-manix","status":"publish","type":"product","link":"https:\/\/pharmacima.com\/ar\/product\/skyn-excite-for-her-15ml-manix\/","title":{"rendered":"SKYN Excite For Her 15ml Manix"},"content":{"rendered":"<h1><strong>DESCRIPTION :<\/strong><\/h1>\n<h2 data-start=\"82\" data-end=\"581\"><strong>Le gel <span class=\"hover:entity-accent entity-underline inline cursor-pointer align-baseline\"><span class=\"whitespace-normal\">SKYN<\/span><\/span> Excite For Her 15 ml de <span class=\"hover:entity-accent entity-underline inline cursor-pointer align-baseline\"><span class=\"whitespace-normal\">Manix<\/span><\/span> est un gel stimulant intime sp\u00e9cialement con\u00e7u pour intensifier l\u2019excitation f\u00e9minine. Il s\u2019applique directement sur le clitoris par un l\u00e9ger massage afin de stimuler les zones sensibles et favoriser une mont\u00e9e rapide du plaisir. Ce produit est destin\u00e9 \u00e0 am\u00e9liorer les sensations et \u00e0 faciliter l\u2019atteinte de l\u2019orgasme, avec des effets souvent d\u00e9crits comme plus rapides et plus intenses.<\/strong><\/h2>\n<p data-start=\"583\" data-end=\"1015\">Sa texture douce et l\u00e9g\u00e8re, \u00e0 base d\u2019eau, assure un confort d\u2019utilisation optimal sans effet collant. Il est sans parfum et respecte l\u2019\u00e9quilibre intime, ce qui le rend adapt\u00e9 m\u00eame aux peaux sensibles. Ce gel est \u00e9galement compatible avec tous les types de pr\u00e9servatifs (latex ou sans latex) ainsi qu\u2019avec les sextoys, ce qui permet une utilisation en toute s\u00e9curit\u00e9 dans diff\u00e9rents contextes.<\/p>\n<h2 data-start=\"583\" data-end=\"1015\"><strong>COMPOSITION :<\/strong><\/h2>\n<div class=\"flex flex-col text-sm pb-25\">\n<section class=\"text-token-text-primary w-full focus:outline-none [--shadow-height:45px] has-data-writing-block:pointer-events-none has-data-writing-block:-mt-(--shadow-height) has-data-writing-block:pt-(--shadow-height) [&amp;:has([data-writing-block])&gt;*]:pointer-events-auto scroll-mt-[calc(var(--header-height)+min(200px,max(70px,20svh)))]\" dir=\"auto\" data-turn-id=\"request-WEB:4e01b369-e420-4b4d-af45-d42958baeb36-6\" data-testid=\"conversation-turn-14\" data-scroll-anchor=\"true\" data-turn=\"assistant\">\n<div class=\"text-base my-auto mx-auto pb-10 [--thread-content-margin:var(--thread-content-margin-xs,calc(var(--spacing)*4))] @w-sm\/main:[--thread-content-margin:var(--thread-content-margin-sm,calc(var(--spacing)*6))] @w-lg\/main:[--thread-content-margin:var(--thread-content-margin-lg,calc(var(--spacing)*16))] px-(--thread-content-margin)\">\n<div class=\"[--thread-content-max-width:40rem] @w-lg\/main:[--thread-content-max-width:48rem] mx-auto max-w-(--thread-content-max-width) flex-1 group\/turn-messages focus-visible:outline-hidden relative flex w-full min-w-0 flex-col agent-turn\">\n<div class=\"flex max-w-full flex-col gap-4 grow\">\n<div class=\"min-h-8 text-message relative flex w-full flex-col items-end gap-2 text-start break-words whitespace-normal outline-none keyboard-focused:focus-ring [.text-message+&amp;]:mt-1\" dir=\"auto\" tabindex=\"0\" data-message-author-role=\"assistant\" data-message-id=\"8f4a265d-c625-4e99-a946-9d4114000a10\" data-turn-start-message=\"true\" data-message-model-slug=\"gpt-5-3\">\n<div class=\"flex w-full flex-col gap-1 empty:hidden\">\n<div class=\"markdown prose dark:prose-invert w-full wrap-break-word dark markdown-new-styling\">\n<p data-start=\"1017\" data-end=\"1527\">En termes de composition, le produit est formul\u00e9 principalement \u00e0 base d\u2019eau purifi\u00e9e et contient plusieurs ingr\u00e9dients actifs et agents de texture. On retrouve notamment : eau purifi\u00e9e (Purified Water), propyl\u00e8ne glycol, hydroxy\u00e9thylcellulose, L-arginine, acide citrique et menthol. La L-arginine joue un r\u00f4le cl\u00e9 en stimulant la circulation sanguine locale, ce qui augmente la sensibilit\u00e9 et l\u2019excitation, tandis que le menthol procure un effet frais et stimulant.<\/p>\n<p data-start=\"1529\" data-end=\"1700\">En r\u00e9sum\u00e9, il s\u2019agit d\u2019un gel stimulant \u00e0 base d\u2019eau, con\u00e7u pour am\u00e9liorer le plaisir f\u00e9minin gr\u00e2ce \u00e0 une formule active, douce et compatible avec les protections intimes.<\/p>\n<\/div>\n<\/div>\n<\/div>\n<\/div>\n<div class=\"z-0 flex min-h-[46px] justify-start\"><\/div>\n<\/div>\n<\/div>\n<\/section>\n<\/div>\n<div class=\"pointer-events-none h-px w-px absolute bottom-0\" aria-hidden=\"true\" data-edge=\"true\"><\/div>\n","protected":false},"excerpt":{"rendered":"<p>DESCRIPTION : Le gel SKYN Excite For Her 15 ml de Manix est un gel stimulant intime sp\u00e9cialement con\u00e7u pour intensifier l\u2019excitation f\u00e9minine. Il s\u2019applique directement sur le clitoris par un l\u00e9ger massage afin de stimuler les zones sensibles et favoriser une mont\u00e9e rapide du plaisir. Ce produit est destin\u00e9 \u00e0 am\u00e9liorer les sensations et [&hellip;]<\/p>\n","protected":false},"featured_media":150867,"comment_status":"open","ping_status":"closed","template":"","meta":{"_acf_changed":false},"product_brand":[1635],"product_cat":[96],"product_tag":[],"class_list":{"0":"post-150866","1":"product","2":"type-product","3":"status-publish","4":"has-post-thumbnail","6":"product_brand-manix","7":"product_cat-hygiene-protection","9":"first","10":"instock","11":"taxable","12":"shipping-taxable","13":"purchasable","14":"product-type-simple"},"acf":[],"_links":{"self":[{"href":"https:\/\/pharmacima.com\/ar\/wp-json\/wp\/v2\/product\/150866","targetHints":{"allow":["GET"]}}],"collection":[{"href":"https:\/\/pharmacima.com\/ar\/wp-json\/wp\/v2\/product"}],"about":[{"href":"https:\/\/pharmacima.com\/ar\/wp-json\/wp\/v2\/types\/product"}],"replies":[{"embeddable":true,"href":"https:\/\/pharmacima.com\/ar\/wp-json\/wp\/v2\/comments?post=150866"}],"wp:featuredmedia":[{"embeddable":true,"href":"https:\/\/pharmacima.com\/ar\/wp-json\/wp\/v2\/media\/150867"}],"wp:attachment":[{"href":"https:\/\/pharmacima.com\/ar\/wp-json\/wp\/v2\/media?parent=150866"}],"wp:term":[{"taxonomy":"product_brand","embeddable":true,"href":"https:\/\/pharmacima.com\/ar\/wp-json\/wp\/v2\/product_brand?post=150866"},{"taxonomy":"product_cat","embeddable":true,"href":"https:\/\/pharmacima.com\/ar\/wp-json\/wp\/v2\/product_cat?post=150866"},{"taxonomy":"product_tag","embeddable":true,"href":"https:\/\/pharmacima.com\/ar\/wp-json\/wp\/v2\/product_tag?post=150866"}],"curies":[{"name":"wp","href":"https:\/\/api.w.org\/{rel}","templated":true}]}}