{"id":150870,"date":"2026-04-08T14:14:12","date_gmt":"2026-04-08T13:14:12","guid":{"rendered":"https:\/\/pharmacima.com\/?post_type=product&#038;p=150870"},"modified":"2026-04-13T10:47:13","modified_gmt":"2026-04-13T09:47:13","slug":"yokaine-spray-retardant-20ml-labo","status":"publish","type":"product","link":"https:\/\/pharmacima.com\/ar\/product\/yokaine-spray-retardant-20ml-labo\/","title":{"rendered":"Yokaine Spray Retardant 20ml Labo IntexTonic"},"content":{"rendered":"<h1><strong>\u0648\u0635\u0641 :<\/strong><\/h1>\n<h2><strong>Le Yokaine Spray Retardant 20 ml du <span class=\"hover:entity-accent entity-underline inline cursor-pointer align-baseline\"><span class=\"whitespace-normal\">Labo Intex-Tonic<\/span><\/span> est un spray intime d\u00e9sensibilisant con\u00e7u pour aider les hommes \u00e0 mieux contr\u00f4ler leur excitation et retarder l\u2019\u00e9jaculation. <\/strong><\/h2>\n<p>Il agit rapidement apr\u00e8s application en r\u00e9duisant temporairement la sensibilit\u00e9 du p\u00e9nis, ce qui permet de prolonger la dur\u00e9e des rapports sexuels tout en maintenant le plaisir. Facile \u00e0 utiliser,retardant il s\u2019applique quelques minutes avant le rapport et offre un effet quasi imm\u00e9diat pour une exp\u00e9rience plus longue et plus satisfaisante.<\/p>\n<h2><strong>\u0627\u0644\u062a\u0631\u0643\u064a\u0628\u0629 :<\/strong><\/h2>\n<p>Labo intex-tonic est bas\u00e9e sur une combinaison d\u2019ingr\u00e9dients actifs et d\u2019extraits naturels. On y retrouve principalement : eau (Aqua), alcool, propanediol, extrait d\u2019Acmella oleracea, \u00e9thyl menthane carboxamide, menthol, huile de feuille de Cinnamomum cassia, huile de bouton d\u2019Eugenia caryophyllus (clou de girofle), huile de feuille de Melaleuca alternifolia (arbre \u00e0 th\u00e9), cinnamal et eug\u00e9nol. Ces composants contribuent \u00e0 l\u2019effet l\u00e9g\u00e8rement anesth\u00e9siant, rafra\u00eechissant et stimulant du produit.<\/p>","protected":false},"excerpt":{"rendered":"<p>DESCRIPTION : Le Yokaine Spray Retardant 20 ml du Labo Intex-Tonic est un spray intime d\u00e9sensibilisant con\u00e7u pour aider les hommes \u00e0 mieux contr\u00f4ler leur excitation et retarder l\u2019\u00e9jaculation. Il agit rapidement apr\u00e8s application en r\u00e9duisant temporairement la sensibilit\u00e9 du p\u00e9nis, ce qui permet de prolonger la dur\u00e9e des rapports sexuels tout en maintenant le [&hellip;]<\/p>\n","protected":false},"featured_media":150873,"comment_status":"open","ping_status":"closed","template":"","meta":{"_acf_changed":false},"product_brand":[1639],"product_cat":[96],"product_tag":[],"class_list":{"0":"post-150870","1":"product","2":"type-product","3":"status-publish","4":"has-post-thumbnail","6":"product_brand-labo-intex-tonic","7":"product_cat-hygiene-protection","9":"first","10":"instock","11":"taxable","12":"shipping-taxable","13":"purchasable","14":"product-type-simple"},"acf":[],"_links":{"self":[{"href":"https:\/\/pharmacima.com\/ar\/wp-json\/wp\/v2\/product\/150870","targetHints":{"allow":["GET"]}}],"collection":[{"href":"https:\/\/pharmacima.com\/ar\/wp-json\/wp\/v2\/product"}],"about":[{"href":"https:\/\/pharmacima.com\/ar\/wp-json\/wp\/v2\/types\/product"}],"replies":[{"embeddable":true,"href":"https:\/\/pharmacima.com\/ar\/wp-json\/wp\/v2\/comments?post=150870"}],"wp:featuredmedia":[{"embeddable":true,"href":"https:\/\/pharmacima.com\/ar\/wp-json\/wp\/v2\/media\/150873"}],"wp:attachment":[{"href":"https:\/\/pharmacima.com\/ar\/wp-json\/wp\/v2\/media?parent=150870"}],"wp:term":[{"taxonomy":"product_brand","embeddable":true,"href":"https:\/\/pharmacima.com\/ar\/wp-json\/wp\/v2\/product_brand?post=150870"},{"taxonomy":"product_cat","embeddable":true,"href":"https:\/\/pharmacima.com\/ar\/wp-json\/wp\/v2\/product_cat?post=150870"},{"taxonomy":"product_tag","embeddable":true,"href":"https:\/\/pharmacima.com\/ar\/wp-json\/wp\/v2\/product_tag?post=150870"}],"curies":[{"name":"wp","href":"https:\/\/api.w.org\/{rel}","templated":true}]}}