{"id":151003,"date":"2026-04-14T13:10:44","date_gmt":"2026-04-14T12:10:44","guid":{"rendered":"https:\/\/pharmacima.com\/?post_type=product&#038;p=151003"},"modified":"2026-04-22T12:25:49","modified_gmt":"2026-04-22T11:25:49","slug":"huile-essentielle-orange-douce-bio","status":"publish","type":"product","link":"https:\/\/pharmacima.com\/ar\/product\/huile-essentielle-orange-douce-bio\/","title":{"rendered":"Huile Essentielle Orange Douce BIO 10ml Puressentiel"},"content":{"rendered":"<h1><strong>\u0648\u0635\u0641 :<\/strong><\/h1>\n<h2>Fra\u00eeche, l&rsquo;huile essentielle d&rsquo;orange douce est fruit\u00e9e et l\u00e9g\u00e8re.<\/h2>\n<p>Si l&rsquo;oranger arrive d&rsquo;Asie, il est r\u00e9pandu dans les pays chauds : pourtour m\u00e9diterran\u00e9en, Maghreb, Chine, Afrique du Sud, Australie.<\/p>\n<p>Cette huile essentielle est HEBBD (Huile Essentielle Botaniquement et Biochimiquement D\u00e9finie).<\/p>\n<h2><strong>CONSEIL DUTILISATION :<\/strong><\/h2>\n<p>Prendre au maximum 2 gouttes d&rsquo;huile essentielle d&rsquo;orange douce 3 fois par jour sur un comprim\u00e9 neutre Puressentiel (ou 1 cuill\u00e8re \u00e0 caf\u00e9 de miel, d&rsquo;huile d&rsquo;olive, ou 1\/4 de sucre). Ne pas utiliser l&rsquo;huile essentielle d&rsquo;orange douce pure sans support, ni m\u00e9lang\u00e9e \u00e0 l&rsquo;eau.<\/p>\n<p>\u00c9quivalence : 1 ml = 31gouttes.<\/p>\n<h2><strong>\u0627\u0644\u062a\u0631\u0643\u064a\u0628\u0629 :\u00a0<\/strong><\/h2>\n<p>HUILE ESSENTIELLE DE Citrus sinensis*<br \/>\nSP\u00c9CIFICIT\u00c9 BIOCHIMIQUE\u00a0: LIMONENE<br \/>\nFAMILLE : RUTACEES<br \/>\nORGANE PRODUCTEUR : ZESTE<\/p>","protected":false},"excerpt":{"rendered":"<p>DESCRIPTION : Fra\u00eeche, l&rsquo;huile essentielle d&rsquo;orange douce est fruit\u00e9e et l\u00e9g\u00e8re. Si l&rsquo;oranger arrive d&rsquo;Asie, il est r\u00e9pandu dans les pays chauds : pourtour m\u00e9diterran\u00e9en, Maghreb, Chine, Afrique du Sud, Australie. Cette huile essentielle est HEBBD (Huile Essentielle Botaniquement et Biochimiquement D\u00e9finie). CONSEIL DUTILISATION : Prendre au maximum 2 gouttes d&rsquo;huile essentielle d&rsquo;orange douce 3 [&hellip;]<\/p>\n","protected":false},"featured_media":151004,"comment_status":"open","ping_status":"closed","template":"","meta":{"_acf_changed":false},"product_brand":[1638],"product_cat":[102,139],"product_tag":[],"class_list":{"0":"post-151003","1":"product","2":"type-product","3":"status-publish","4":"has-post-thumbnail","6":"product_brand-puressentiel","7":"product_cat-soin-et-bien-etre","8":"product_cat-corps_","10":"first","11":"instock","12":"taxable","13":"shipping-taxable","14":"purchasable","15":"product-type-simple"},"acf":[],"_links":{"self":[{"href":"https:\/\/pharmacima.com\/ar\/wp-json\/wp\/v2\/product\/151003","targetHints":{"allow":["GET"]}}],"collection":[{"href":"https:\/\/pharmacima.com\/ar\/wp-json\/wp\/v2\/product"}],"about":[{"href":"https:\/\/pharmacima.com\/ar\/wp-json\/wp\/v2\/types\/product"}],"replies":[{"embeddable":true,"href":"https:\/\/pharmacima.com\/ar\/wp-json\/wp\/v2\/comments?post=151003"}],"wp:featuredmedia":[{"embeddable":true,"href":"https:\/\/pharmacima.com\/ar\/wp-json\/wp\/v2\/media\/151004"}],"wp:attachment":[{"href":"https:\/\/pharmacima.com\/ar\/wp-json\/wp\/v2\/media?parent=151003"}],"wp:term":[{"taxonomy":"product_brand","embeddable":true,"href":"https:\/\/pharmacima.com\/ar\/wp-json\/wp\/v2\/product_brand?post=151003"},{"taxonomy":"product_cat","embeddable":true,"href":"https:\/\/pharmacima.com\/ar\/wp-json\/wp\/v2\/product_cat?post=151003"},{"taxonomy":"product_tag","embeddable":true,"href":"https:\/\/pharmacima.com\/ar\/wp-json\/wp\/v2\/product_tag?post=151003"}],"curies":[{"name":"wp","href":"https:\/\/api.w.org\/{rel}","templated":true}]}}