{"id":151006,"date":"2026-04-14T13:21:48","date_gmt":"2026-04-14T12:21:48","guid":{"rendered":"https:\/\/pharmacima.com\/?post_type=product&#038;p=151006"},"modified":"2026-04-22T12:26:24","modified_gmt":"2026-04-22T11:26:24","slug":"huile-essentielle-citronnelle-de-java","status":"publish","type":"product","link":"https:\/\/pharmacima.com\/ar\/product\/huile-essentielle-citronnelle-de-java\/","title":{"rendered":"Huile Essentielle Citronnelle de Java 10ml Puressentiel"},"content":{"rendered":"<h1><strong>\u0648\u0635\u0641 :\u00a0<\/strong><\/h1>\n<h2><strong>L&rsquo;huile essentielle de citronnelle de Java\u00a0est reconnaissable par son odeur citronn\u00e9e et l\u00e9g\u00e8rement poivr\u00e9e.<\/strong><\/h2>\n<p>Originaire d&rsquo;Indon\u00e9sie, elle pousse \u00e9galement en Chine, au Vietnam, au N\u00e9pal et dans diff\u00e9rentes r\u00e9gions d&rsquo;Afrique ou des Antilles.<img decoding=\"async\" class=\"alignnone\" src=\"https:\/\/omsens.fr\/wp-content\/uploads\/2019\/08\/image-46.png\" alt=\"Huile essentielle Citronnelle de Java bio - \u00d4mSens, huiles essentielles bio\" width=\"153\" height=\"153\" \/><\/p>\n<p>Cette huile essentielle est HEBBD (Huile Essentielle Botaniquement et Biochimiquement D\u00e9finie).<\/p>\n<h2 data-section-id=\"11el56n\" data-start=\"227\" data-end=\"256\">Ses principaux bienfaits<\/h2>\n<ul>\n<li data-section-id=\"3qzdt5\" data-start=\"89\" data-end=\"116\">Anti-moustiques naturel<\/li>\n<li data-section-id=\"nn2iui\" data-start=\"117\" data-end=\"139\">Apaise les piq\u00fbres<\/li>\n<li data-section-id=\"inexlc\" data-start=\"140\" data-end=\"172\">Soulage douleurs musculaires<\/li>\n<li data-section-id=\"1salfvg\" data-start=\"173\" data-end=\"192\">Antibact\u00e9rienne<\/li>\n<li data-section-id=\"m1ts1f\" data-start=\"193\" data-end=\"210\">Purifie l\u2019air<\/li>\n<\/ul>\n<h2><strong>\u0627\u0633\u062a\u062e\u062f\u0627\u0645 \u0627\u0644\u0645\u0634\u0648\u0631\u0629:\u00a0<\/strong><\/h2>\n<p>Prendre au maximum 2 gouttes d&rsquo;huile essentielle de Citronnelle de Java 3 fois par jour sur un comprim\u00e9 neutre Puressentiel (ou 1 cuill\u00e8re \u00e0 caf\u00e9 de miel, d&rsquo;huile d&rsquo;olive, ou 1\/4 de sucre). Ne pas utiliser pure sans support, ni m\u00e9lang\u00e9e \u00e0 l&rsquo;eau.<\/p>\n<h2><strong>\u0627\u0644\u062a\u0631\u0643\u064a\u0628\u0629 :\u00a0<\/strong><\/h2>\n<p>HUILE ESSENTIELLE DE Cymbopogon winterianus*<br \/>\nCH\u00c9MOTYPE : CITRONELLAL, G\u00c9RANIOL, CITRONELLOL<br \/>\nFAMILLE : POAC\u00c9ES<br \/>\nORGANE PRODUCTEUR : PARTIES A\u00c9RIENNES<\/p>","protected":false},"excerpt":{"rendered":"<p>DESCRIPTION :\u00a0 L&rsquo;huile essentielle de citronnelle de Java\u00a0est reconnaissable par son odeur citronn\u00e9e et l\u00e9g\u00e8rement poivr\u00e9e. Originaire d&rsquo;Indon\u00e9sie, elle pousse \u00e9galement en Chine, au Vietnam, au N\u00e9pal et dans diff\u00e9rentes r\u00e9gions d&rsquo;Afrique ou des Antilles. Cette huile essentielle est HEBBD (Huile Essentielle Botaniquement et Biochimiquement D\u00e9finie). Ses principaux bienfaits Anti-moustiques naturel Apaise les piq\u00fbres Soulage [&hellip;]<\/p>\n","protected":false},"featured_media":151008,"comment_status":"open","ping_status":"closed","template":"","meta":{"_acf_changed":false},"product_brand":[1638],"product_cat":[102,139],"product_tag":[],"class_list":{"0":"post-151006","1":"product","2":"type-product","3":"status-publish","4":"has-post-thumbnail","6":"product_brand-puressentiel","7":"product_cat-soin-et-bien-etre","8":"product_cat-corps_","10":"first","11":"instock","12":"taxable","13":"shipping-taxable","14":"purchasable","15":"product-type-simple"},"acf":[],"_links":{"self":[{"href":"https:\/\/pharmacima.com\/ar\/wp-json\/wp\/v2\/product\/151006","targetHints":{"allow":["GET"]}}],"collection":[{"href":"https:\/\/pharmacima.com\/ar\/wp-json\/wp\/v2\/product"}],"about":[{"href":"https:\/\/pharmacima.com\/ar\/wp-json\/wp\/v2\/types\/product"}],"replies":[{"embeddable":true,"href":"https:\/\/pharmacima.com\/ar\/wp-json\/wp\/v2\/comments?post=151006"}],"wp:featuredmedia":[{"embeddable":true,"href":"https:\/\/pharmacima.com\/ar\/wp-json\/wp\/v2\/media\/151008"}],"wp:attachment":[{"href":"https:\/\/pharmacima.com\/ar\/wp-json\/wp\/v2\/media?parent=151006"}],"wp:term":[{"taxonomy":"product_brand","embeddable":true,"href":"https:\/\/pharmacima.com\/ar\/wp-json\/wp\/v2\/product_brand?post=151006"},{"taxonomy":"product_cat","embeddable":true,"href":"https:\/\/pharmacima.com\/ar\/wp-json\/wp\/v2\/product_cat?post=151006"},{"taxonomy":"product_tag","embeddable":true,"href":"https:\/\/pharmacima.com\/ar\/wp-json\/wp\/v2\/product_tag?post=151006"}],"curies":[{"name":"wp","href":"https:\/\/api.w.org\/{rel}","templated":true}]}}