{"id":151007,"date":"2026-04-14T13:56:09","date_gmt":"2026-04-14T12:56:09","guid":{"rendered":"https:\/\/pharmacima.com\/?post_type=product&#038;p=151007"},"modified":"2026-04-22T12:24:14","modified_gmt":"2026-04-22T11:24:14","slug":"huile-essentielle-giroflier-bio-10ml-puressentiel","status":"publish","type":"product","link":"https:\/\/pharmacima.com\/ar\/product\/huile-essentielle-giroflier-bio-10ml-puressentiel\/","title":{"rendered":"Huile Essentielle Giroflier Bio 10ml puressentiel"},"content":{"rendered":"<h1><strong>\u0648\u0635\u0641 :<\/strong><\/h1>\n<h2 data-start=\"187\" data-end=\"384\">L\u2019huile essentielle de giroflier est une huile 100 % pure, naturelle et biologique, obtenue par distillation \u00e0 la vapeur d\u2019eau des boutons floraux s\u00e9ch\u00e9s du giroflier (<em data-start=\"359\" data-end=\"380\">Syzygium aromaticum<\/em>).<\/h2>\n<h2 data-start=\"386\" data-end=\"528\">Elle se caract\u00e9rise par une odeur chaude, \u00e9pic\u00e9e et puissante.<br data-start=\"452\" data-end=\"455\" \/>Tr\u00e8s utilis\u00e9e en aromath\u00e9rapie, elle est reconnue pour ses propri\u00e9t\u00e9s :<\/h2>\n<ul data-start=\"529\" data-end=\"663\">\n<li data-section-id=\"1n95ngv\" data-start=\"529\" data-end=\"549\"><strong>antibact\u00e9riennes<\/strong><\/li>\n<li data-section-id=\"18sp18s\" data-start=\"550\" data-end=\"565\"><strong>antivirales<\/strong><\/li>\n<li data-section-id=\"ajwj4x\" data-start=\"566\" data-end=\"583\"><strong>antifongiques<\/strong><\/li>\n<li data-section-id=\"4cj18s\" data-start=\"584\" data-end=\"607\"><strong>anti-inflammatoires<\/strong><\/li>\n<li data-section-id=\"qkdfb2\" data-start=\"608\" data-end=\"663\"><strong>antalgiques (notamment pour les douleurs dentaires)<\/strong><\/li>\n<\/ul>\n<h2><strong>COMPOSITISON :<\/strong><\/h2>\n<ul>\n<li data-section-id=\"d88nm4\" data-start=\"691\" data-end=\"753\"><strong>Huile essentielle de giroflier bio (<em data-start=\"729\" data-end=\"750\">Syzygium aromaticum<\/em>)<\/strong><\/li>\n<li data-section-id=\"r7o8ck\" data-start=\"754\" data-end=\"810\"><strong>Partie utilis\u00e9e : boutons floraux (clous de girofle)<\/strong><\/li>\n<li data-section-id=\"1nrjs88\" data-start=\"811\" data-end=\"935\"><strong>Mol\u00e9cules principales :<\/strong>\n<ul data-start=\"841\" data-end=\"935\">\n<li data-section-id=\"1cy9mhb\" data-start=\"841\" data-end=\"906\"><strong>Eug\u00e9nol (majoritaire, effet anesth\u00e9siant et antiseptique)<\/strong><\/li>\n<li data-section-id=\"1dp7ygq\" data-start=\"909\" data-end=\"935\"><strong>Ac\u00e9tate d\u2019eug\u00e9nyle<\/strong><\/li>\n<\/ul>\n<\/li>\n<\/ul>\n<h2><strong>CONSEIL\u00a0 D\u2019UTILISATION :<\/strong><\/h2>\n<p data-start=\"44\" data-end=\"186\"><strong>L\u2019huile essentielle de giroflier bio de <span class=\"hover:entity-accent entity-underline inline cursor-pointer align-baseline\"><span class=\"whitespace-normal\">Puressentiel<\/span><\/span> doit \u00eatre utilis\u00e9e avec prudence car elle est tr\u00e8s concentr\u00e9e.<\/strong><\/p>\n<p data-start=\"188\" data-end=\"335\"><strong>Elle s\u2019utilise \u00e0 raison de 1 \u00e0 2 gouttes sur un support (miel, sucre, huile v\u00e9g\u00e9tale), jusqu\u2019\u00e0 3 fois par jour, et jamais pure ni dans l\u2019eau.<\/strong><\/p>\n<p data-start=\"337\" data-end=\"460\"><strong>Pour les douleurs dentaires, une application locale d\u2019une goutte avec un coton-tige est possible de fa\u00e7on ponctuelle.<\/strong><\/p>\n<p data-start=\"462\" data-end=\"564\"><strong>Sur la peau, elle doit toujours \u00eatre dilu\u00e9e dans une huile v\u00e9g\u00e9tale pour \u00e9viter les irritations.<\/strong><\/p>","protected":false},"excerpt":{"rendered":"<p>DESCRIPTION : L\u2019huile essentielle de giroflier est une huile 100 % pure, naturelle et biologique, obtenue par distillation \u00e0 la vapeur d\u2019eau des boutons floraux s\u00e9ch\u00e9s du giroflier (Syzygium aromaticum). Elle se caract\u00e9rise par une odeur chaude, \u00e9pic\u00e9e et puissante.Tr\u00e8s utilis\u00e9e en aromath\u00e9rapie, elle est reconnue pour ses propri\u00e9t\u00e9s : antibact\u00e9riennes antivirales antifongiques anti-inflammatoires antalgiques [&hellip;]<\/p>\n","protected":false},"featured_media":151028,"comment_status":"open","ping_status":"closed","template":"","meta":{"_acf_changed":false},"product_brand":[1638],"product_cat":[102],"product_tag":[],"class_list":{"0":"post-151007","1":"product","2":"type-product","3":"status-publish","4":"has-post-thumbnail","6":"product_brand-puressentiel","7":"product_cat-soin-et-bien-etre","9":"first","10":"instock","11":"taxable","12":"shipping-taxable","13":"purchasable","14":"product-type-simple"},"acf":[],"_links":{"self":[{"href":"https:\/\/pharmacima.com\/ar\/wp-json\/wp\/v2\/product\/151007","targetHints":{"allow":["GET"]}}],"collection":[{"href":"https:\/\/pharmacima.com\/ar\/wp-json\/wp\/v2\/product"}],"about":[{"href":"https:\/\/pharmacima.com\/ar\/wp-json\/wp\/v2\/types\/product"}],"replies":[{"embeddable":true,"href":"https:\/\/pharmacima.com\/ar\/wp-json\/wp\/v2\/comments?post=151007"}],"wp:featuredmedia":[{"embeddable":true,"href":"https:\/\/pharmacima.com\/ar\/wp-json\/wp\/v2\/media\/151028"}],"wp:attachment":[{"href":"https:\/\/pharmacima.com\/ar\/wp-json\/wp\/v2\/media?parent=151007"}],"wp:term":[{"taxonomy":"product_brand","embeddable":true,"href":"https:\/\/pharmacima.com\/ar\/wp-json\/wp\/v2\/product_brand?post=151007"},{"taxonomy":"product_cat","embeddable":true,"href":"https:\/\/pharmacima.com\/ar\/wp-json\/wp\/v2\/product_cat?post=151007"},{"taxonomy":"product_tag","embeddable":true,"href":"https:\/\/pharmacima.com\/ar\/wp-json\/wp\/v2\/product_tag?post=151007"}],"curies":[{"name":"wp","href":"https:\/\/api.w.org\/{rel}","templated":true}]}}