{"id":151010,"date":"2026-04-14T13:35:27","date_gmt":"2026-04-14T12:35:27","guid":{"rendered":"https:\/\/pharmacima.com\/?post_type=product&#038;p=151010"},"modified":"2026-04-22T12:24:37","modified_gmt":"2026-04-22T11:24:37","slug":"huile-essentielle-basilic-exotique-5ml","status":"publish","type":"product","link":"https:\/\/pharmacima.com\/ar\/product\/huile-essentielle-basilic-exotique-5ml\/","title":{"rendered":"huile Essentielle basilic exotique 5ml Puressentiel"},"content":{"rendered":"<h1><strong>\u0648\u0635\u0641 :\u00a0<\/strong><\/h1>\n<h2>Huile essentielle de ocimum basilicum*Ch\u00e9motype : m\u00e9thylchavicol Famille : lamiac\u00e9es *Issue de l&rsquo;agriculture biologique<\/h2>\n<h3 data-start=\"119\" data-end=\"145\"><strong data-start=\"119\" data-end=\"145\">Bienfaits principaux :<\/strong><\/h3>\n<ul data-start=\"146\" data-end=\"556\">\n<li data-section-id=\"aaj7xa\" data-start=\"146\" data-end=\"232\">Aide \u00e0 la digestion (ballonnements, spasmes)<\/li>\n<li data-section-id=\"9z8y2e\" data-start=\"233\" data-end=\"323\">Effet anti-spasmodique (douleurs ventre, r\u00e8gles)<\/li>\n<li data-section-id=\"cwxb2b\" data-start=\"324\" data-end=\"410\">Tonique du syst\u00e8me nerveux (stress, fatigue)<\/li>\n<li data-section-id=\"z0o509\" data-start=\"411\" data-end=\"471\">Stimule l\u2019immunit\u00e9<\/li>\n<li data-section-id=\"s852rq\" data-start=\"472\" data-end=\"556\">Propri\u00e9t\u00e9s antibact\u00e9riennes et antivirales<\/li>\n<\/ul>\n<h2>\u0627\u0633\u062a\u062e\u062f\u0627\u0645 \u0627\u0644\u0645\u0634\u0648\u0631\u0629:<\/h2>\n<p>Prendre 2 gouttes maximum 3 fois par jour sur un comprim\u00e9 neutre de Puressentiel (ou m\u00e9langer \u00e0 une cuill\u00e8re \u00e0 caf\u00e9 de miel, d&rsquo;huile d&rsquo;olive ou sur un morceau de sucre)<\/p>\n<p>1 ml =&gt; 29 gouttes<\/p>\n<h2><strong>\u0627\u0644\u062a\u0631\u0643\u064a\u0628\u0629 :\u00a0<\/strong><\/h2>\n<p>Huile essentielle de ocimum *Ch\u00e9motype : m\u00e9thylchavicol Famille : lamiac\u00e9es *Issue de l&rsquo;agriculture biologique HUILE ESSENTIELLE DE Ocimum basilicum* CH\u00c9MOTYPE : M\u00c9THYLCHAVICOL FAMILLE : LAMIAC\u00c9ES ORGANE PRODUCTEUR : PARTIES A\u00c9RIENNES AUTRE NOM : EXOTIQUE *Issue de l&rsquo;agriculture biologique<\/p>","protected":false},"excerpt":{"rendered":"<p>DESCRIPTION :\u00a0 Huile essentielle de ocimum basilicum*Ch\u00e9motype : m\u00e9thylchavicol Famille : lamiac\u00e9es *Issue de l&rsquo;agriculture biologique Bienfaits principaux : Aide \u00e0 la digestion (ballonnements, spasmes) Effet anti-spasmodique (douleurs ventre, r\u00e8gles) Tonique du syst\u00e8me nerveux (stress, fatigue) Stimule l\u2019immunit\u00e9 Propri\u00e9t\u00e9s antibact\u00e9riennes et antivirales CONSEIL D&rsquo;UTILISATION : Prendre 2 gouttes maximum 3 fois par jour sur un [&hellip;]<\/p>\n","protected":false},"featured_media":151011,"comment_status":"open","ping_status":"closed","template":"","meta":{"_acf_changed":false},"product_brand":[1638],"product_cat":[102,139],"product_tag":[],"class_list":{"0":"post-151010","1":"product","2":"type-product","3":"status-publish","4":"has-post-thumbnail","6":"product_brand-puressentiel","7":"product_cat-soin-et-bien-etre","8":"product_cat-corps_","10":"first","11":"instock","12":"taxable","13":"shipping-taxable","14":"purchasable","15":"product-type-simple"},"acf":[],"_links":{"self":[{"href":"https:\/\/pharmacima.com\/ar\/wp-json\/wp\/v2\/product\/151010","targetHints":{"allow":["GET"]}}],"collection":[{"href":"https:\/\/pharmacima.com\/ar\/wp-json\/wp\/v2\/product"}],"about":[{"href":"https:\/\/pharmacima.com\/ar\/wp-json\/wp\/v2\/types\/product"}],"replies":[{"embeddable":true,"href":"https:\/\/pharmacima.com\/ar\/wp-json\/wp\/v2\/comments?post=151010"}],"wp:featuredmedia":[{"embeddable":true,"href":"https:\/\/pharmacima.com\/ar\/wp-json\/wp\/v2\/media\/151011"}],"wp:attachment":[{"href":"https:\/\/pharmacima.com\/ar\/wp-json\/wp\/v2\/media?parent=151010"}],"wp:term":[{"taxonomy":"product_brand","embeddable":true,"href":"https:\/\/pharmacima.com\/ar\/wp-json\/wp\/v2\/product_brand?post=151010"},{"taxonomy":"product_cat","embeddable":true,"href":"https:\/\/pharmacima.com\/ar\/wp-json\/wp\/v2\/product_cat?post=151010"},{"taxonomy":"product_tag","embeddable":true,"href":"https:\/\/pharmacima.com\/ar\/wp-json\/wp\/v2\/product_tag?post=151010"}],"curies":[{"name":"wp","href":"https:\/\/api.w.org\/{rel}","templated":true}]}}