{"id":151016,"date":"2026-04-14T14:25:30","date_gmt":"2026-04-14T13:25:30","guid":{"rendered":"https:\/\/pharmacima.com\/?post_type=product&#038;p=151016"},"modified":"2026-04-22T12:23:52","modified_gmt":"2026-04-22T11:23:52","slug":"huile-essentielle-sapin-de-siberie-10ml-puressentiel","status":"publish","type":"product","link":"https:\/\/pharmacima.com\/ar\/product\/huile-essentielle-sapin-de-siberie-10ml-puressentiel\/","title":{"rendered":"Huile Essentielle Sapin De Sib\u00e9rie 10ml puressentiel"},"content":{"rendered":"<h1><strong>DESCREPTION :<\/strong><\/h1>\n<h2 data-start=\"186\" data-end=\"454\">L\u2019huile essentielle de sapin de Sib\u00e9rie est une huile 100 % pure et naturelle, obtenue par distillation \u00e0 la vapeur d\u2019eau des aiguilles du sapin <em data-start=\"335\" data-end=\"351\">Abies sibirica<\/em>. Elle se distingue par une odeur fra\u00eeche, bois\u00e9e et r\u00e9sineuse, \u00e9voquant les for\u00eats de conif\u00e8res.<\/h2>\n<p data-start=\"456\" data-end=\"802\"><strong>Elle est principalement utilis\u00e9e pour ses effets b\u00e9n\u00e9fiques sur le syst\u00e8me respiratoire. Elle aide \u00e0 d\u00e9gager les voies respiratoires, \u00e0 purifier l\u2019air ambiant et \u00e0 apporter une sensation de fra\u00eecheur et de bien-\u00eatre. Elle poss\u00e8de \u00e9galement des propri\u00e9t\u00e9s antiseptiques et tonifiantes, utiles en cas de fatigue ou de refroidissement.<\/strong><\/p>\n<h2 data-start=\"456\" data-end=\"802\"><strong>\u0627\u0644\u062a\u0631\u0643\u064a\u0628\u0629 :<\/strong><\/h2>\n<p data-start=\"830\" data-end=\"974\"><strong>Cette huile essentielle est compos\u00e9e exclusivement d\u2019huile essentielle de sapin de Sib\u00e9rie (<em data-start=\"922\" data-end=\"938\">Abies sibirica<\/em>), issue des aiguilles de l\u2019arbre.<\/strong><\/p>\n<p data-start=\"976\" data-end=\"1019\"><strong>Ses principaux constituants actifs sont :<\/strong><\/p>\n<ul data-start=\"1020\" data-end=\"1150\">\n<li data-section-id=\"14sqwpt\" data-start=\"1020\" data-end=\"1100\"><strong>l\u2019ac\u00e9tate de bornyle, reconnu pour ses effets apaisants et respiratoires<\/strong><\/li>\n<li data-section-id=\"14vr9gv\" data-start=\"1101\" data-end=\"1150\"><strong>le camph\u00e8ne, aux propri\u00e9t\u00e9s antiseptiques<\/strong><\/li>\n<\/ul>\n<h2><strong>\u0646\u0635\u064a\u062d\u0629 \u0627\u0644\u0627\u0633\u062a\u062e\u062f\u0627\u0645:<\/strong><\/h2>\n<p data-start=\"1189\" data-end=\"1315\"><strong>L\u2019huile essentielle de sapin de Sib\u00e9rie doit \u00eatre utilis\u00e9e avec pr\u00e9caution et toujours en respectant les doses recommand\u00e9es.<\/strong><\/p>\n<p data-start=\"1317\" data-end=\"1556\"><strong>Par voie orale, il est possible de prendre 1 \u00e0 2 gouttes, jusqu\u2019\u00e0 3 fois par jour, en les d\u00e9posant sur un support comme du miel, du sucre ou une huile v\u00e9g\u00e9tale. Elle ne doit jamais \u00eatre consomm\u00e9e pure ni m\u00e9lang\u00e9e directement \u00e0 l\u2019eau.<\/strong><\/p>\n<p data-start=\"1558\" data-end=\"1736\"><strong>Elle peut \u00e9galement \u00eatre utilis\u00e9e en diffusion dans l\u2019air afin d\u2019assainir l\u2019atmosph\u00e8re et de favoriser le confort respiratoire, notamment en p\u00e9riode de rhume ou de fatigue.<\/strong><\/p>\n<p data-start=\"1738\" data-end=\"1882\"><strong>En inhalation, quelques gouttes ajout\u00e9es dans un bol d\u2019eau chaude ou sur un mouchoir permettent d\u2019aider \u00e0 d\u00e9gager les voies respiratoires.<\/strong><\/p>\n<p data-start=\"1884\" data-end=\"2059\"><strong>Pour une application cutan\u00e9e, il est indispensable de diluer l\u2019huile essentielle dans une huile v\u00e9g\u00e9tale avant de l\u2019appliquer sur la peau afin d\u2019\u00e9viter toute irritation<\/strong>.<\/p>","protected":false},"excerpt":{"rendered":"<p>DESCREPTION : L\u2019huile essentielle de sapin de Sib\u00e9rie est une huile 100 % pure et naturelle, obtenue par distillation \u00e0 la vapeur d\u2019eau des aiguilles du sapin Abies sibirica. Elle se distingue par une odeur fra\u00eeche, bois\u00e9e et r\u00e9sineuse, \u00e9voquant les for\u00eats de conif\u00e8res. Elle est principalement utilis\u00e9e pour ses effets b\u00e9n\u00e9fiques sur le syst\u00e8me [&hellip;]<\/p>\n","protected":false},"featured_media":151018,"comment_status":"open","ping_status":"closed","template":"","meta":{"_acf_changed":false},"product_brand":[1638],"product_cat":[102],"product_tag":[],"class_list":{"0":"post-151016","1":"product","2":"type-product","3":"status-publish","4":"has-post-thumbnail","6":"product_brand-puressentiel","7":"product_cat-soin-et-bien-etre","9":"first","10":"instock","11":"taxable","12":"shipping-taxable","13":"purchasable","14":"product-type-simple"},"acf":[],"_links":{"self":[{"href":"https:\/\/pharmacima.com\/ar\/wp-json\/wp\/v2\/product\/151016","targetHints":{"allow":["GET"]}}],"collection":[{"href":"https:\/\/pharmacima.com\/ar\/wp-json\/wp\/v2\/product"}],"about":[{"href":"https:\/\/pharmacima.com\/ar\/wp-json\/wp\/v2\/types\/product"}],"replies":[{"embeddable":true,"href":"https:\/\/pharmacima.com\/ar\/wp-json\/wp\/v2\/comments?post=151016"}],"wp:featuredmedia":[{"embeddable":true,"href":"https:\/\/pharmacima.com\/ar\/wp-json\/wp\/v2\/media\/151018"}],"wp:attachment":[{"href":"https:\/\/pharmacima.com\/ar\/wp-json\/wp\/v2\/media?parent=151016"}],"wp:term":[{"taxonomy":"product_brand","embeddable":true,"href":"https:\/\/pharmacima.com\/ar\/wp-json\/wp\/v2\/product_brand?post=151016"},{"taxonomy":"product_cat","embeddable":true,"href":"https:\/\/pharmacima.com\/ar\/wp-json\/wp\/v2\/product_cat?post=151016"},{"taxonomy":"product_tag","embeddable":true,"href":"https:\/\/pharmacima.com\/ar\/wp-json\/wp\/v2\/product_tag?post=151016"}],"curies":[{"name":"wp","href":"https:\/\/api.w.org\/{rel}","templated":true}]}}