{"id":151023,"date":"2026-04-14T14:52:49","date_gmt":"2026-04-14T13:52:49","guid":{"rendered":"https:\/\/pharmacima.com\/?post_type=product&#038;p=151023"},"modified":"2026-04-22T12:22:16","modified_gmt":"2026-04-22T11:22:16","slug":"huile-essentielle-cedre-de-latlas-5ml-puressentiel","status":"publish","type":"product","link":"https:\/\/pharmacima.com\/ar\/product\/huile-essentielle-cedre-de-latlas-5ml-puressentiel\/","title":{"rendered":"Huile Essentielle Cedre de lAtlas 5ml Puressentiel"},"content":{"rendered":"<h1><strong>\u0648\u0635\u0641 :\u00a0<\/strong><\/h1>\n<h2><strong>L\u2019huile essentielle de C\u00e8dre de l\u2019Atlas\u00a0bio Puressentiel est reconnaissable \u00e0 son odeur particuli\u00e8rement bois\u00e9e.<\/strong><\/h2>\n<h2><strong>Originaire d\u2019Afrique du Nord, le C\u00e8dre de l\u2019Atlas est un arbre immense et imposant, de 25 \u00e0 50 m\u00e8tres, qui s\u2019\u00e9panouit dans les zones montagneuses du Moyen Atlas marocain entre 1500 et 2000 m\u00e8tres d\u2019altitude. Cette esp\u00e8ce a \u00e9galement \u00e9t\u00e9 introduite en France, formant de magnifiques for\u00eats.<\/strong><br \/>\n<strong>Cette huile essentielle est HEBBD (Huile Essentielle Botaniquement et Biochimiquement D\u00e9finie).<\/strong><\/h2>\n<p>&nbsp;<\/p>\n<h2><strong>\u0646\u0635\u0627\u0626\u062d \u0627\u0644\u0627\u0633\u062a\u0639\u0645\u0627\u0644 :\u00a0<\/strong><\/h2>\n<p>Vous pouvez utiliser l\u2019huile essentielle de C\u00e8dre de l\u2019Atlas en bain, dilu\u00e9e dans la base neutre pour bain et douche Puressentiel, ou en massage, soin du visage, des cheveux et du corps, dilu\u00e9e dans une huile v\u00e9g\u00e9tale Puressentiel, en fonction de ses pr\u00e9cautions d&#8217;emploi et de son usage.<br \/>\n\u00c9quivalence : 1ml = 30 gouttes.<\/p>\n<h2><strong>\u0627\u0644\u062a\u0631\u0643\u064a\u0628\u0629 :\u00a0<\/strong><\/h2>\n<p>CEDRUS ATLANTICA WOOD OIL*<br \/>\nSP\u00c9CIFICIT\u00c9 BIOCHIMIQUE : \u03b2-HIMACHAL\u00c8NE<br \/>\nFAMILLE : PINAC\u00c9ES<br \/>\nORGANE PRODUCTEUR : BOIS<\/p>","protected":false},"excerpt":{"rendered":"<p>DESCRIPTION :\u00a0 L\u2019huile essentielle de C\u00e8dre de l\u2019Atlas\u00a0bio Puressentiel est reconnaissable \u00e0 son odeur particuli\u00e8rement bois\u00e9e. Originaire d\u2019Afrique du Nord, le C\u00e8dre de l\u2019Atlas est un arbre immense et imposant, de 25 \u00e0 50 m\u00e8tres, qui s\u2019\u00e9panouit dans les zones montagneuses du Moyen Atlas marocain entre 1500 et 2000 m\u00e8tres d\u2019altitude. Cette esp\u00e8ce a \u00e9galement [&hellip;]<\/p>\n","protected":false},"featured_media":151027,"comment_status":"open","ping_status":"closed","template":"","meta":{"_acf_changed":false},"product_brand":[1638],"product_cat":[102,138,139,137],"product_tag":[],"class_list":{"0":"post-151023","1":"product","2":"type-product","3":"status-publish","4":"has-post-thumbnail","6":"product_brand-puressentiel","7":"product_cat-soin-et-bien-etre","8":"product_cat-cheveux_","9":"product_cat-corps_","10":"product_cat-visage","12":"first","13":"instock","14":"taxable","15":"shipping-taxable","16":"purchasable","17":"product-type-simple"},"acf":[],"_links":{"self":[{"href":"https:\/\/pharmacima.com\/ar\/wp-json\/wp\/v2\/product\/151023","targetHints":{"allow":["GET"]}}],"collection":[{"href":"https:\/\/pharmacima.com\/ar\/wp-json\/wp\/v2\/product"}],"about":[{"href":"https:\/\/pharmacima.com\/ar\/wp-json\/wp\/v2\/types\/product"}],"replies":[{"embeddable":true,"href":"https:\/\/pharmacima.com\/ar\/wp-json\/wp\/v2\/comments?post=151023"}],"wp:featuredmedia":[{"embeddable":true,"href":"https:\/\/pharmacima.com\/ar\/wp-json\/wp\/v2\/media\/151027"}],"wp:attachment":[{"href":"https:\/\/pharmacima.com\/ar\/wp-json\/wp\/v2\/media?parent=151023"}],"wp:term":[{"taxonomy":"product_brand","embeddable":true,"href":"https:\/\/pharmacima.com\/ar\/wp-json\/wp\/v2\/product_brand?post=151023"},{"taxonomy":"product_cat","embeddable":true,"href":"https:\/\/pharmacima.com\/ar\/wp-json\/wp\/v2\/product_cat?post=151023"},{"taxonomy":"product_tag","embeddable":true,"href":"https:\/\/pharmacima.com\/ar\/wp-json\/wp\/v2\/product_tag?post=151023"}],"curies":[{"name":"wp","href":"https:\/\/api.w.org\/{rel}","templated":true}]}}