{"id":151029,"date":"2026-04-14T15:09:35","date_gmt":"2026-04-14T14:09:35","guid":{"rendered":"https:\/\/pharmacima.com\/?post_type=product&#038;p=151029"},"modified":"2026-04-22T12:21:52","modified_gmt":"2026-04-22T11:21:52","slug":"huile-essentielle-eucalyptus-globuleux-10ml-puressentiel","status":"publish","type":"product","link":"https:\/\/pharmacima.com\/ar\/product\/huile-essentielle-eucalyptus-globuleux-10ml-puressentiel\/","title":{"rendered":"Huile Essentielle Eucalyptus Globuleux 10ml Puressentiel"},"content":{"rendered":"<h1><strong>\u0648\u0635\u0641 :\u00a0<\/strong><\/h1>\n<h2><strong>L&rsquo;huile essentielle d&rsquo;eucalyptus globuleux\u00a0a une odeur fra\u00eeche et camphr\u00e9e.<\/strong><\/h2>\n<h2><strong>Originaire d&rsquo;Australie et de Tasmanie, l&rsquo;eucalyptus globuleux est utilis\u00e9 pour assainir les zones mar\u00e9cageuses. On le trouve aujourd&rsquo;hui abondamment au Maroc, en Espagne, au Portugal, en Chine et en Uruguay.<\/strong><\/h2>\n<p><strong>Cette huile essentielle est HEBBD (Huile Essentielle Botaniquement et Biochimiquement D\u00e9finie).<\/strong><\/p>\n<p>&nbsp;<\/p>\n<h2><strong>\u0646\u0635\u0627\u0626\u062d \u0627\u0644\u0627\u0633\u062a\u0639\u0645\u0627\u0644 :\u00a0<\/strong><\/h2>\n<p>Prendre au maximum 2 gouttes d&rsquo;huile essentielle d&rsquo;eucalyptus globuleux 3 fois par jour sur un comprim\u00e9 neutre Puressentiel (ou 1 cuill\u00e8re \u00e0 caf\u00e9 de miel, d&rsquo;huile d&rsquo;olive, ou 1\/4 de sucre). Ne pas utiliser l&rsquo;huile essentielle d&rsquo;eucalyptus globuleux pure sans support, ni m\u00e9lang\u00e9e \u00e0 l&rsquo;eau.<br \/>\nPour d&rsquo;autres conseils d&rsquo;utilisation, demandez conseil \u00e0 votre pharmacien.<br \/>\n\u00c9quivalence : 1ml = 33 gouttes<\/p>\n<h2><strong>\u0627\u0644\u062a\u0631\u0643\u064a\u0628\u0629 :<\/strong><\/h2>\n<p>HUILE ESSENTIELLE DE Eucalyptus globulus*<br \/>\nSP\u00c9CIFICIT\u00c9\u00a0BIOCHIMIQUE\u00a0: 1,8-CIN\u00c9OLE (EUCALYPTOL), \u03b1-PIN\u00c8NE<br \/>\nFAMILLE : MYRTAC\u00c9ES<br \/>\nORGANE PRODUCTEUR : FEUILLES ET RAMEAUX<\/p>","protected":false},"excerpt":{"rendered":"<p><span style=\"color: #0000ff;\"><strong>L&rsquo;huile puressentielle d&rsquo;eucalyptus globuleux<\/strong><\/span> a une odeur fra\u00eeche et camphr\u00e9e.<br \/>\nOriginaire d&rsquo;Australie et de Tasmanie, l&rsquo;eucalyptus globuleux est utilis\u00e9 pour assainir les zones mar\u00e9cageuses.<\/p>","protected":false},"featured_media":151035,"comment_status":"open","ping_status":"closed","template":"","meta":{"_acf_changed":false},"product_brand":[1638],"product_cat":[102],"product_tag":[],"class_list":{"0":"post-151029","1":"product","2":"type-product","3":"status-publish","4":"has-post-thumbnail","6":"product_brand-puressentiel","7":"product_cat-soin-et-bien-etre","9":"first","10":"instock","11":"taxable","12":"shipping-taxable","13":"purchasable","14":"product-type-simple"},"acf":[],"_links":{"self":[{"href":"https:\/\/pharmacima.com\/ar\/wp-json\/wp\/v2\/product\/151029","targetHints":{"allow":["GET"]}}],"collection":[{"href":"https:\/\/pharmacima.com\/ar\/wp-json\/wp\/v2\/product"}],"about":[{"href":"https:\/\/pharmacima.com\/ar\/wp-json\/wp\/v2\/types\/product"}],"replies":[{"embeddable":true,"href":"https:\/\/pharmacima.com\/ar\/wp-json\/wp\/v2\/comments?post=151029"}],"wp:featuredmedia":[{"embeddable":true,"href":"https:\/\/pharmacima.com\/ar\/wp-json\/wp\/v2\/media\/151035"}],"wp:attachment":[{"href":"https:\/\/pharmacima.com\/ar\/wp-json\/wp\/v2\/media?parent=151029"}],"wp:term":[{"taxonomy":"product_brand","embeddable":true,"href":"https:\/\/pharmacima.com\/ar\/wp-json\/wp\/v2\/product_brand?post=151029"},{"taxonomy":"product_cat","embeddable":true,"href":"https:\/\/pharmacima.com\/ar\/wp-json\/wp\/v2\/product_cat?post=151029"},{"taxonomy":"product_tag","embeddable":true,"href":"https:\/\/pharmacima.com\/ar\/wp-json\/wp\/v2\/product_tag?post=151029"}],"curies":[{"name":"wp","href":"https:\/\/api.w.org\/{rel}","templated":true}]}}