{"id":151036,"date":"2026-04-14T15:23:39","date_gmt":"2026-04-14T14:23:39","guid":{"rendered":"https:\/\/pharmacima.com\/?post_type=product&#038;p=151036"},"modified":"2026-04-22T12:21:17","modified_gmt":"2026-04-22T11:21:17","slug":"huile-essentielle-niaouli-10ml-puressentiel","status":"publish","type":"product","link":"https:\/\/pharmacima.com\/ar\/product\/huile-essentielle-niaouli-10ml-puressentiel\/","title":{"rendered":"Huile Essentielle Niaouli 10ml Puressentiel"},"content":{"rendered":"<h1><strong>\u0648\u0635\u0641 :\u00a0<\/strong><\/h1>\n<h2><strong>L&rsquo;huile essentielle de niaouli\u00a0a un parfum fort avec une note d&rsquo;eucalyptus.<\/strong><\/h2>\n<h2><strong>L&rsquo;\u00e9corce molle et claire de cet arbre proche de l&rsquo;eucalyptus, originaire de Nouvelle-Cal\u00e9donie et d&rsquo;Australie, s&rsquo;arrache ais\u00e9ment, comme du papier, d&rsquo;o\u00f9 son surnom d&rsquo;arbre \u00ab\u00a0\u00e0 peau\u00a0\u00bb. L&rsquo;arbre est exploit\u00e9 en Nouvelle-Cal\u00e9donie et surtout \u00e0 Madagascar.<\/strong><\/h2>\n<p>&nbsp;<\/p>\n<h2><strong>\u0646\u0635\u0627\u0626\u062d \u0627\u0644\u0627\u0633\u062a\u0639\u0645\u0627\u0644 :\u00a0<\/strong><\/h2>\n<p>Prendre au maximum 2 gouttes d&rsquo;huile essentielle de Niaouli 3 fois par jour sur un comprim\u00e9 neutre Puressentiel (ou 1 cuill\u00e8re \u00e0 caf\u00e9 de miel, d&rsquo;huile d&rsquo;olive, ou 1\/4 de sucre). Ne pas utiliser l&rsquo;huile essentielle de Niaouli pure sans support, ni m\u00e9lang\u00e9e \u00e0 l&rsquo;eau.<br \/>\nPour d&rsquo;autres conseils d&rsquo;utilisation, demandez conseil \u00e0 votre pharmacien.<br \/>\n\u00c9quivalence : 1ml = 32 gouttes<\/p>\n<p>&nbsp;<\/p>\n<h2><strong>\u0627\u0644\u062a\u0631\u0643\u064a\u0628\u0629 :\u00a0<\/strong><\/h2>\n<p>HUILE ESSENTIELLE DE Melaleuca viridiflora*<\/p>\n<p>SPECIFICITE BIOCHIMIQUE : 1,8-CINEOLE (EUCALYPTOL), \u0391-PINENE, LIMONENE, \u0391-TERPINEOL<br \/>\nFAMILLE : MYRTACEES<br \/>\nORGANE PRODUCTEUR : FEUILLES<br \/>\nAUTRE NOM : NIAOULI SAUVAGE<\/p>","protected":false},"excerpt":{"rendered":"<p><span style=\"color: #0000ff;\"><strong>L&rsquo;huile puressentielle de niaouli<\/strong><\/span> a un parfum fort avec une note d&rsquo;eucalyptus.<br \/>\nL&rsquo;\u00e9corce molle et claire de cet arbre proche de l&rsquo;eucalyptus, originaire de Nouvelle-Cal\u00e9donie et d&rsquo;Australie, s&rsquo;arrache ais\u00e9ment, comme du papier, d&rsquo;o\u00f9 son surnom d&rsquo;arbre \u00ab\u00a0\u00e0 peau\u00a0\u00bb.<\/p>","protected":false},"featured_media":151038,"comment_status":"open","ping_status":"closed","template":"","meta":{"_acf_changed":false},"product_brand":[1638],"product_cat":[102,139],"product_tag":[],"class_list":{"0":"post-151036","1":"product","2":"type-product","3":"status-publish","4":"has-post-thumbnail","6":"product_brand-puressentiel","7":"product_cat-soin-et-bien-etre","8":"product_cat-corps_","10":"first","11":"instock","12":"taxable","13":"shipping-taxable","14":"purchasable","15":"product-type-simple"},"acf":[],"_links":{"self":[{"href":"https:\/\/pharmacima.com\/ar\/wp-json\/wp\/v2\/product\/151036","targetHints":{"allow":["GET"]}}],"collection":[{"href":"https:\/\/pharmacima.com\/ar\/wp-json\/wp\/v2\/product"}],"about":[{"href":"https:\/\/pharmacima.com\/ar\/wp-json\/wp\/v2\/types\/product"}],"replies":[{"embeddable":true,"href":"https:\/\/pharmacima.com\/ar\/wp-json\/wp\/v2\/comments?post=151036"}],"wp:featuredmedia":[{"embeddable":true,"href":"https:\/\/pharmacima.com\/ar\/wp-json\/wp\/v2\/media\/151038"}],"wp:attachment":[{"href":"https:\/\/pharmacima.com\/ar\/wp-json\/wp\/v2\/media?parent=151036"}],"wp:term":[{"taxonomy":"product_brand","embeddable":true,"href":"https:\/\/pharmacima.com\/ar\/wp-json\/wp\/v2\/product_brand?post=151036"},{"taxonomy":"product_cat","embeddable":true,"href":"https:\/\/pharmacima.com\/ar\/wp-json\/wp\/v2\/product_cat?post=151036"},{"taxonomy":"product_tag","embeddable":true,"href":"https:\/\/pharmacima.com\/ar\/wp-json\/wp\/v2\/product_tag?post=151036"}],"curies":[{"name":"wp","href":"https:\/\/api.w.org\/{rel}","templated":true}]}}