{"id":151073,"date":"2026-04-16T14:30:46","date_gmt":"2026-04-16T13:30:46","guid":{"rendered":"https:\/\/pharmacima.com\/?post_type=product&#038;p=151073"},"modified":"2026-04-19T12:43:36","modified_gmt":"2026-04-19T11:43:36","slug":"effaclar-gel-moussant-purifiant-200ml-la-roche-posay","status":"publish","type":"product","link":"https:\/\/pharmacima.com\/ar\/product\/effaclar-gel-moussant-purifiant-200ml-la-roche-posay\/","title":{"rendered":"Effaclar gel moussant  purifiant  200ml la roche posay"},"content":{"rendered":"<div class=\"product-tabs\">\n<h1 class=\"tabs-title\"><strong><em>\u0648\u0635\u0641 :<\/em><\/strong><\/h1>\n<div class=\"std new-std\">\n<h3>\u0644\u0627\u0631\u0648\u0634 \u0628\u0648\u0632\u064a\u0647 Effaclar Purifying Foaming Gel \u0645\u0646\u0638\u0641 \u0627\u0644\u0648\u062c\u0647<br \/>\n\u062e\u0627\u0644\u064a \u0645\u0646 \u0627\u0644\u0635\u0627\u0628\u0648\u0646\u060c \u062f\u0631\u062c\u0629 \u062d\u0645\u0648\u0636\u0629 5.5 \u0644\u0644\u0628\u0634\u0631\u0629 \u0627\u0644\u062f\u0647\u0646\u064a\u0629 \u0648\u0627\u0644\u062d\u0633\u0627\u0633\u0629 \u0648\u0627\u0644\u0645\u0639\u0631\u0636\u0629 \u0644\u062d\u0628 \u0627\u0644\u0634\u0628\u0627\u0628<br \/>\n200 \u0645\u0644<\/h3>\n<p>Le gel moussant Effaclar est un\u00a0nettoyant\u00a0visage\u00a0qui purifie en douceur les\u00a0peaux grasses \u00e0 tendance acn\u00e9ique.<br \/>\nLe gel moussant Effaclar purifie en douceur les peaux grasses \u00e0 tendance acn\u00e9ique gr\u00e2ce \u00e0 des agents nettoyants s\u00e9lectionn\u00e9s pour\u00a0respecter les peaux sensibles.<br \/>\nIl \u00e9limine les impuret\u00e9s et l\u2019exc\u00e8s de s\u00e9bum en laissant la\u00a0peau nette et fra\u00eeche.<br \/>\nSa formule est associ\u00e9e avec de l\u2019Eau Thermale de La Roche-Posay effaclar, reconnue pour ses vertus et afin de limiter les risques d\u2019irritations.<\/p>\n<p>\u064a\u062a\u0645 \u062a\u0646\u0638\u064a\u0641 \u0627\u0644\u0628\u0634\u0631\u0629 \u0648\u062a\u0646\u0642\u064a\u062a\u0647\u0627 \u0628\u0644\u0637\u0641\u060c \u0648\u062a\u0642\u0644\u064a\u0644 \u0627\u0644\u0639\u064a\u0648\u0628 \u0648\u0627\u0644\u0631\u0624\u0648\u0633 \u0627\u0644\u0633\u0648\u062f\u0627\u0621.<\/p>\n<p>Le gel moussant purifiant nettoyant effaclar\u00a0 visage convient aux peaux grasses \u00e0 tendance acn\u00e9ique et sensibles.<\/p>\n<\/div>\n<\/div>\n<div class=\"product-tabs\">\n<h2 class=\"tabs-title\"><em><strong>\u0646\u0635\u0627\u0626\u062d \u0627\u0644\u0627\u0633\u062a\u0639\u0645\u0627\u0644 :<\/strong><\/em><\/h2>\n<div class=\"std new-std\">\n<p>\u0643\u064a\u0641\u064a\u0629 \u0627\u0633\u062a\u062e\u062f\u0627\u0645 \u062c\u0644 \u062a\u0646\u0638\u064a\u0641 \u0627\u0644\u0648\u062c\u0647 \u0627\u0644\u0631\u063a\u0648\u064a Effaclar \u0644\u0644\u0628\u0634\u0631\u0629 \u0627\u0644\u062f\u0647\u0646\u064a\u0629 \u0648\u0627\u0644\u0645\u0639\u0631\u0636\u0629 \u0644\u062d\u0628 \u0627\u0644\u0634\u0628\u0627\u0628\u061f<br \/>\nFaire mousser dans la main avec un peu d\u2019eau et appliquer sur le\u00a0visage\u00a0en massant doucement. Rincer abondamment.<\/p>\n<p>\u0645\u062a\u0649 \u064a\u0633\u062a\u062e\u062f\u0645 \u0627\u0644\u062c\u0644 \u0627\u0644\u0631\u063a\u0648\u064a \u0627\u0644\u0645\u0646\u0642\u064a Effaclar \u0644\u0644\u0628\u0634\u0631\u0629 \u0627\u0644\u062f\u0647\u0646\u064a\u0629 \u0648\u0627\u0644\u0645\u0639\u0631\u0636\u0629 \u0644\u062d\u0628 \u0627\u0644\u0634\u0628\u0627\u0628\u061f<br \/>\n\u0636\u0639\u064a \u062c\u0644 Effaclar \u0627\u0644\u0631\u063a\u0648\u064a \u0641\u064a \u0627\u0644\u0635\u0628\u0627\u062d \u0648\/\u0623\u0648 \u0641\u064a \u0627\u0644\u0645\u0633\u0627\u0621 \u0643\u062e\u0637\u0648\u0629 \u0623\u0648\u0644\u0649 \u0641\u064a \u0631\u0648\u062a\u064a\u0646\u0643.<br \/>\n\u0636\u0639\u064a\u0647 \u0639\u0644\u0649 \u0627\u0644\u0648\u062c\u0647 \u0642\u0628\u0644 \u0627\u0633\u062a\u062e\u062f\u0627\u0645 Effaclar Duo +.<\/p>\n<p>\u0643\u064a\u0641\u064a\u0629 \u062a\u0637\u0628\u064a\u0642 \u0627\u0644\u062c\u0644 \u0627\u0644\u0631\u063a\u0648\u064a Effaclar \u0639\u0644\u0649 \u0627\u0644\u0628\u0634\u0631\u0629 \u0627\u0644\u062f\u0647\u0646\u064a\u0629 \u0648\u0627\u0644\u062d\u0633\u0627\u0633\u0629\u061f<br \/>\n\u062a\u0641\u0636\u0644 \u0627\u0644\u064a\u062f \u0627\u0644\u0642\u0637\u0646\u064a\u0629. \u064a\u062a\u0645 \u0639\u0645\u0644 \u0631\u063a\u0648\u0629 \u0641\u064a \u0627\u0644\u064a\u062f \u0645\u0639 \u0627\u0644\u0642\u0644\u064a\u0644 \u0645\u0646 \u0627\u0644\u0645\u0627\u0621\u060c \u062b\u0645 \u062a\u0648\u0636\u0639 \u0639\u0644\u0649 \u0627\u0644\u0648\u062c\u0647\u060c \u0648\u062a\u062f\u0644\u0643 \u0628\u0644\u0637\u0641. \u0634\u0637\u0641 \u062c\u064a\u062f\u0627<\/p>\n<p>\u062c\u0644 \u0627\u064a\u0641\u0627\u0643\u0644\u0627\u0631 \u0627\u0644\u0631\u063a\u0648\u064a \u0623\u0648 \u063a\u0633\u0648\u0644 \u0627\u064a\u0641\u0627\u0643\u0644\u0627\u0631 \u0627\u0644\u0642\u0627\u0628\u0636\u061f<br \/>\n\u2013 Effaclar gel moussant: nettoyant visage pour\u00a0peaux grasses\u00a0et\u00a0sensibles \u00e0 tendance acn\u00e9iques<br \/>\n\u2013 \u063a\u0633\u0648\u0644 \u0627\u064a\u0641\u0627\u0643\u0644\u0627\u0631 \u0627\u0644\u0642\u0627\u0628\u0636: \u063a\u0633\u0648\u0644 \u0642\u0627\u0628\u0636 \u0644\u0644\u062a\u0642\u0634\u064a\u0631 \u0627\u0644\u062f\u0642\u064a\u0642 \u0648\u0645\u0636\u0627\u062f \u0644\u0644\u0631\u0624\u0648\u0633 \u0627\u0644\u0633\u0648\u062f\u0627\u0621<\/p>\n<p>\u0645\u0627 \u0647\u0648 \u0639\u0644\u0627\u062c Effaclar \u0627\u0644\u0630\u064a \u064a\u0645\u0643\u0646\u0646\u064a \u0645\u0646 \u062e\u0644\u0627\u0644\u0647 \u0625\u0643\u0645\u0627\u0644 \u0631\u0648\u062a\u064a\u0646 \u0627\u0644\u0628\u0634\u0631\u0629 \u0627\u0644\u062f\u0647\u0646\u064a\u0629 \u0648\u0627\u0644\u0645\u0639\u0631\u0636\u0629 \u0644\u062d\u0628 \u0627\u0644\u0634\u0628\u0627\u0628\u061f<br \/>\n\u0644\u0644\u062a\u0646\u0642\u0644 \u0628\u0634\u0643\u0644 \u0623\u0641\u0636\u0644 \u0641\u064a \u0645\u062c\u0645\u0648\u0639\u0629 Effaclar \u0644\u0644\u0639\u0646\u0627\u064a\u0629 \u0628\u0627\u0644\u0628\u0634\u0631\u0629\u060c \u0625\u0644\u064a\u0643 \u0641\u0648\u0627\u0626\u062f \u0643\u0644 \u0639\u0644\u0627\u062c \u0645\u0646 \u0639\u0644\u0627\u062c\u0627\u062a Effaclar:<br \/>\n\u2013\u00a0Effaclar Duo+: soin texture gel cr\u00e8me peau grasse tendance acn\u00e9ique anti imperfections, anti r\u00e9cidives, anti marques<br \/>\n\u2013\u00a0Effaclar Duo+ unfiant: soin teint\u00e9 qui unfie le teint des peaux grasses \u00e0 tendance acn\u00e9ique<br \/>\n\u2013\u00a0Effaclar K+: soin anti s\u00e9bum 8h peau mixte \u00e0 grasse: points noirs r\u00e9cidivants, grain de peau irr\u00e9gulier, brillances<br \/>\n\u2013\u00a0Effaclar Mat: soin hydratant sebo-r\u00e9gulateur anti brillance pour une peau durablement mate, nette et \u00e9quilibr\u00e9e<br \/>\n\u2013\u00a0Effaclar A.I.: soin correcteur cibl\u00e9 des imperfections locales<\/p>\n<\/div>\n<\/div>\n<div class=\"product-tabs\">\n<h2 class=\"tabs-title\"><em>\u0627\u0644\u062a\u0631\u0643\u064a\u0628\u0629 :<\/em><\/h2>\n<div class=\"std new-std\">\n<p>\u0642\u062f \u062a\u062e\u0636\u0639 \u0642\u0627\u0626\u0645\u0629 \u0627\u0644\u0645\u0643\u0648\u0646\u0627\u062a \u0644\u0644\u062a\u063a\u064a\u0631\u0627\u062a\u060c \u0648\u0646\u0646\u0635\u062d\u0643 \u0628\u0627\u0644\u062a\u062d\u0642\u0642 \u062f\u0627\u0626\u0645\u064b\u0627 \u0645\u0646 \u0627\u0644\u0642\u0627\u0626\u0645\u0629 \u0627\u0644\u0645\u0648\u062c\u0648\u062f\u0629 \u0639\u0644\u0649 \u0627\u0644\u0645\u0646\u062a\u062c \u0627\u0644\u0630\u064a \u0627\u0634\u062a\u0631\u064a\u062a\u0647.<\/p>\n<p>\u062a\u0631\u0643\u064a\u0628\u0629 INCI: \u0623\u0643\u0648\u0627 \/ \u0645\u0627\u0621\u060c \u0643\u0628\u0631\u064a\u062a\u0627\u062a \u0644\u0648\u0631\u064a\u062b \u0627\u0644\u0635\u0648\u062f\u064a\u0648\u0645\u060c Peg-8\u060c \u0643\u0648\u0643\u0648 \u0628\u064a\u062a\u064a\u0646\u060c \u0647\u064a\u0643\u0633\u064a\u0644\u064a\u0646 \u062c\u0644\u064a\u0643\u0648\u0644\u060c \u0643\u0644\u0648\u0631\u064a\u062f \u0627\u0644\u0635\u0648\u062f\u064a\u0648\u0645\u060c Peg-120 \u0645\u064a\u062b\u064a\u0644 \u062c\u0644\u0648\u0643\u0648\u0632 \u062f\u064a\u0648\u0644\u064a\u062a\u060c \u0632\u0646\u0643 Pca\u060c \u0647\u064a\u062f\u0631\u0648\u0643\u0633\u064a\u062f \u0627\u0644\u0635\u0648\u062f\u064a\u0648\u0645\u060c \u0643\u0627\u0628\u0631\u064a\u0644\u064a\u0644 \u062c\u0644\u064a\u0643\u0648\u0644\u060c \u062d\u0645\u0636 \u0627\u0644\u0633\u062a\u0631\u064a\u0643\u060c \u0628\u0646\u0632\u0648\u0627\u062a \u0627\u0644\u0635\u0648\u062f\u064a\u0648\u0645\u060c \u0641\u064a\u0646\u0648\u0643\u0633\u064a \u0625\u064a\u062b\u0627\u0646\u0648\u0644\u060c \u0639\u0637\u0631. \/ \u0627\u0644\u0639\u0637\u0631 (FIL B193153\/1).<\/p>\n<\/div>\n<\/div>","protected":false},"excerpt":{"rendered":"<p>Description : LA ROCHE-POSAY Effaclar Gel moussant purifiant Nettoyant visage Sans savon, pH 5.5 Peaux grasses et sensibles \u00e0 tendance acn\u00e9ique 200ml Le gel moussant Effaclar est un\u00a0nettoyant\u00a0visage\u00a0qui purifie en douceur les\u00a0peaux grasses \u00e0 tendance acn\u00e9ique. Le gel moussant Effaclar purifie en douceur les peaux grasses \u00e0 tendance acn\u00e9ique gr\u00e2ce \u00e0 des agents nettoyants s\u00e9lectionn\u00e9s [&hellip;]<\/p>\n","protected":false},"featured_media":151075,"comment_status":"open","ping_status":"closed","template":"","meta":{"_acf_changed":false},"product_brand":[1406],"product_cat":[102],"product_tag":[],"class_list":{"0":"post-151073","1":"product","2":"type-product","3":"status-publish","4":"has-post-thumbnail","6":"product_brand-la-roche-posay","7":"product_cat-soin-et-bien-etre","9":"first","10":"instock","11":"taxable","12":"shipping-taxable","13":"purchasable","14":"product-type-simple"},"acf":[],"_links":{"self":[{"href":"https:\/\/pharmacima.com\/ar\/wp-json\/wp\/v2\/product\/151073","targetHints":{"allow":["GET"]}}],"collection":[{"href":"https:\/\/pharmacima.com\/ar\/wp-json\/wp\/v2\/product"}],"about":[{"href":"https:\/\/pharmacima.com\/ar\/wp-json\/wp\/v2\/types\/product"}],"replies":[{"embeddable":true,"href":"https:\/\/pharmacima.com\/ar\/wp-json\/wp\/v2\/comments?post=151073"}],"wp:featuredmedia":[{"embeddable":true,"href":"https:\/\/pharmacima.com\/ar\/wp-json\/wp\/v2\/media\/151075"}],"wp:attachment":[{"href":"https:\/\/pharmacima.com\/ar\/wp-json\/wp\/v2\/media?parent=151073"}],"wp:term":[{"taxonomy":"product_brand","embeddable":true,"href":"https:\/\/pharmacima.com\/ar\/wp-json\/wp\/v2\/product_brand?post=151073"},{"taxonomy":"product_cat","embeddable":true,"href":"https:\/\/pharmacima.com\/ar\/wp-json\/wp\/v2\/product_cat?post=151073"},{"taxonomy":"product_tag","embeddable":true,"href":"https:\/\/pharmacima.com\/ar\/wp-json\/wp\/v2\/product_tag?post=151073"}],"curies":[{"name":"wp","href":"https:\/\/api.w.org\/{rel}","templated":true}]}}