{"id":151160,"date":"2026-04-21T18:14:25","date_gmt":"2026-04-21T17:14:25","guid":{"rendered":"https:\/\/pharmacima.com\/?post_type=product&#038;p=151160"},"modified":"2026-04-21T18:14:25","modified_gmt":"2026-04-21T17:14:25","slug":"gel-lubrifiant-sensitive-100ml-durex","status":"publish","type":"product","link":"https:\/\/pharmacima.com\/ar\/product\/gel-lubrifiant-sensitive-100ml-durex\/","title":{"rendered":"Gel lubrifiant Sensitive 100ml Durex"},"content":{"rendered":"<h1>\u0648\u0635\u0641 :<\/h1>\n<h2>Le gel Durex Play Sensitive Pleasure est un lubrifiant \u00e0 base d&rsquo;eau qui intensifie le plaisir pour une exp\u00e9rience sensuelle.<\/h2>\n<p>Non gras et non collant, il est l\u00e9ger et doux. Il peut \u00eatre utilis\u00e9 pour les rapports vaginaux ou oraux. Ce lubrifiant r\u00e9duit la s\u00e9cheresse vaginale et autres inconforts intimes.<\/p>","protected":false},"excerpt":{"rendered":"<p>DESCRIPTION : Le gel Durex Play Sensitive Pleasure est un lubrifiant \u00e0 base d&rsquo;eau qui intensifie le plaisir pour une exp\u00e9rience sensuelle. Non gras et non collant, il est l\u00e9ger et doux. Il peut \u00eatre utilis\u00e9 pour les rapports vaginaux ou oraux. Ce lubrifiant r\u00e9duit la s\u00e9cheresse vaginale et autres inconforts intimes.<\/p>","protected":false},"featured_media":151161,"comment_status":"open","ping_status":"closed","template":"","meta":{"_acf_changed":false},"product_brand":[1407],"product_cat":[96],"product_tag":[],"class_list":{"0":"post-151160","1":"product","2":"type-product","3":"status-publish","4":"has-post-thumbnail","6":"product_brand-durex","7":"product_cat-hygiene-protection","9":"first","10":"instock","11":"sale","12":"taxable","13":"shipping-taxable","14":"purchasable","15":"product-type-simple"},"acf":[],"_links":{"self":[{"href":"https:\/\/pharmacima.com\/ar\/wp-json\/wp\/v2\/product\/151160","targetHints":{"allow":["GET"]}}],"collection":[{"href":"https:\/\/pharmacima.com\/ar\/wp-json\/wp\/v2\/product"}],"about":[{"href":"https:\/\/pharmacima.com\/ar\/wp-json\/wp\/v2\/types\/product"}],"replies":[{"embeddable":true,"href":"https:\/\/pharmacima.com\/ar\/wp-json\/wp\/v2\/comments?post=151160"}],"wp:featuredmedia":[{"embeddable":true,"href":"https:\/\/pharmacima.com\/ar\/wp-json\/wp\/v2\/media\/151161"}],"wp:attachment":[{"href":"https:\/\/pharmacima.com\/ar\/wp-json\/wp\/v2\/media?parent=151160"}],"wp:term":[{"taxonomy":"product_brand","embeddable":true,"href":"https:\/\/pharmacima.com\/ar\/wp-json\/wp\/v2\/product_brand?post=151160"},{"taxonomy":"product_cat","embeddable":true,"href":"https:\/\/pharmacima.com\/ar\/wp-json\/wp\/v2\/product_cat?post=151160"},{"taxonomy":"product_tag","embeddable":true,"href":"https:\/\/pharmacima.com\/ar\/wp-json\/wp\/v2\/product_tag?post=151160"}],"curies":[{"name":"wp","href":"https:\/\/api.w.org\/{rel}","templated":true}]}}