{"id":151186,"date":"2026-04-22T17:23:57","date_gmt":"2026-04-22T16:23:57","guid":{"rendered":"https:\/\/pharmacima.com\/?post_type=product&#038;p=151186"},"modified":"2026-04-22T18:49:06","modified_gmt":"2026-04-22T17:49:06","slug":"serum-cheveux-peptides-extrait-aroma-zone","status":"publish","type":"product","link":"https:\/\/pharmacima.com\/ar\/product\/serum-cheveux-peptides-extrait-aroma-zone\/","title":{"rendered":"Serum Cheveux Peptides extrait de pois 50ml Aroma zone"},"content":{"rendered":"<h1><strong>\u0648\u0635\u0641 :\u00a0<\/strong><\/h1>\n<h2>Ce s\u00e9rum capillaire AROMA ZONE sans rin\u00e7age associe peptides, extraits de Pois et de Tr\u00e8fle rouge pour densifier et fortifier les cheveux d\u00e8s la racine.<\/h2>\n<p>Il prolonge la phase de croissance, favorise l\u2019ancrage et freine la chute chronique, androg\u00e9nique ou li\u00e9e au stress, carences, hormones ou saisons. Texture l\u00e9g\u00e8re, sans effet gras, parfum ni allerg\u00e8ne, il convient \u00e0 tous types de cheveux.<\/p>\n<p><strong>BIENFAITS<\/strong> :<\/p>\n<ul>\n<li><b>Freine la chute, favorise la croissance<\/b><\/li>\n<li>Des cheveux\u00a0<b>fortifi\u00e9s\u00a0<\/b>\u0648\u00a0<b>densifi\u00e9s<\/b><\/li>\n<li>Une texture fluide, l\u00e9g\u00e8re et p\u00e9n\u00e9trante<\/li>\n<li>Utilisation facile et rapide en friction sans rin\u00e7age<\/li>\n<li>Une chevelure plus forte et r\u00e9sistante<\/li>\n<li>Un concentr\u00e9 d&rsquo;actifs puissants : Peptides, extrait de Pois, extrait de tr\u00e8fle rouge et Panthenol<\/li>\n<\/ul>\n<h2><strong>CONSEIL DUTILISATION :\u00a0<\/strong><\/h2>\n<div id=\"7juA4Sga70nnoaNgIJ1sCC\" class=\"wrapper content\" data-v-c3067ad5=\"\" data-v-96d45d6f=\"\" data-color=\"normal\" data-teaser=\"false\">\n<div class=\"prose text\" data-v-05a8aaf0=\"\" data-v-c3067ad5=\"\" data-color=\"normal\">\n<p>A utiliser une fois par jour.<\/p>\n<h2><strong>\u0627\u0644\u062a\u0631\u0643\u064a\u0628\u0629 :<\/strong><\/h2>\n<div class=\"mx-auto mt-10 max-w-365 sm:mt-12\">\n<div class=\"description\" data-v-6ed7b6c7=\"\">\n<div class=\"sections\" data-v-6ed7b6c7=\"\">\n<div id=\"1iZjCb923t4HtnxoBJBqkn\" class=\"item\" title=\"\u0627\u0644\u062a\u0631\u0643\u064a\u0628\u0629\" data-v-f56156c4=\"\" data-state=\"open\" data-orientation=\"vertical\" data-section=\"composition\">\n<div id=\"reka-collapsible-content-v-0-0-16-8\" class=\"content\" role=\"region\" data-v-f56156c4=\"\" aria-labelledby=\"reka-accordion-trigger-v-0-0-16-7\" data-state=\"open\" data-orientation=\"vertical\">\n<div class=\"wrapper\" data-v-96d45d6f=\"\" data-v-f56156c4=\"\">\n<div id=\"2wmH8RekPmXo7zE6fnyLDC\" class=\"accordion content\" data-v-4a45ad1d=\"\" data-v-96d45d6f=\"\" data-variant=\"default\">\n<div data-v-4a45ad1d=\"\">\n<div class=\"item\" data-v-3616388a=\"\" data-v-4a45ad1d=\"\" data-state=\"open\" data-orientation=\"vertical\">\n<div id=\"reka-collapsible-content-v-0-0-16-27\" class=\"content\" role=\"region\" data-v-3616388a=\"\" aria-labelledby=\"reka-accordion-trigger-v-0-0-16-26\" data-state=\"open\" data-orientation=\"vertical\">\n<div class=\"wrapper\" data-v-96d45d6f=\"\" data-v-3616388a=\"\">\n<div id=\"2GahqjfHoEBHkGhkGQCJe6\" class=\"wrapper content\" data-v-c3067ad5=\"\" data-v-96d45d6f=\"\" data-color=\"normal\" data-teaser=\"false\">\n<div class=\"prose text\" data-v-05a8aaf0=\"\" data-v-c3067ad5=\"\" data-color=\"normal\">\n<p><b>Aqua, Pentylene Glycol<\/b>\u00a0(humectant d&rsquo;origine v\u00e9g\u00e9tale),<b>\u00a0Salix Nigra Bark Extract\u00a0<\/b>(extrait de saule noir),\u00a0<b>Butylene Glycol aroma zone <\/b>(humectant d&rsquo;origine v\u00e9g\u00e9tale),\u00a0<b>Isomalt\u00a0<\/b>(humectant issu du sucre de betterave),\u00a0<b>\u062c\u0644\u0633\u064a\u0631\u064a\u0646\u00a0<\/b>(Humectant),\u00a0<b>Pisum Sativum Sprout Extract\u00a0<\/b>(extrait de pousse de pois),\u00a0<b>\u0628\u0627\u0646\u062b\u064a\u0646\u0648\u0644\u00a0<\/b>(Provitamine B5),\u00a0<b>Acetyl Tetrapeptide-3\u00a0<\/b>(peptide biomim\u00e9tique de 4 acides amin\u00e9s),\u00a0<b>Trifolium Pratense Flower Extract\u00a0<\/b>(extrait de tr\u00e8fle rouge),\u00a0<b>Biotinoyl Tripeptide-1\u00a0<\/b>(biotine combin\u00e9 au peptide GHK),\u00a0<b>\u0647\u064a\u0627\u0644\u0648\u0631\u0648\u0646\u0627\u062a \u0627\u0644\u0635\u0648\u062f\u064a\u0648\u0645\u00a0<\/b>(acide hyaluronique),\u00a0<b>Levulinic Acid\u00a0<\/b>(antibact\u00e9rien d&rsquo;origine naturelle),\u00a0<b>Sodium Levulinate\u00a0<\/b>(antibact\u00e9rien d&rsquo;origine naturelle),\u00a0<b>\u0647\u064a\u062f\u0631\u0648\u0643\u0633\u064a\u062f \u0627\u0644\u0635\u0648\u062f\u064a\u0648\u0645\u00a0<\/b>(ajusteur de pH),\u00a0<b>Phytic Acid\u00a0<\/b>(sequestrant),\u00a0<b>Dextran\u00a0<\/b>(humectant d&rsquo;origine naturelle).<\/p>\n<\/div>\n<\/div>\n<\/div>\n<\/div>\n<\/div>\n<\/div>\n<\/div>\n<\/div>\n<\/div>\n<\/div>\n<\/div>\n<\/div>\n<\/div>\n<\/div>\n<\/div>","protected":false},"excerpt":{"rendered":"<p>DESCRIPTION :\u00a0 Ce s\u00e9rum capillaire AROMA ZONE sans rin\u00e7age associe peptides, extraits de Pois et de Tr\u00e8fle rouge pour densifier et fortifier les cheveux d\u00e8s la racine. Il prolonge la phase de croissance, favorise l\u2019ancrage et freine la chute chronique, androg\u00e9nique ou li\u00e9e au stress, carences, hormones ou saisons. Texture l\u00e9g\u00e8re, sans effet gras, parfum [&hellip;]<\/p>\n","protected":false},"featured_media":151188,"comment_status":"open","ping_status":"closed","template":"","meta":{"_acf_changed":false},"product_brand":[1543],"product_cat":[102,138],"product_tag":[],"class_list":{"0":"post-151186","1":"product","2":"type-product","3":"status-publish","4":"has-post-thumbnail","6":"product_brand-aroma-zone","7":"product_cat-soin-et-bien-etre","8":"product_cat-cheveux_","10":"first","11":"instock","12":"sale","13":"taxable","14":"shipping-taxable","15":"purchasable","16":"product-type-simple"},"acf":[],"_links":{"self":[{"href":"https:\/\/pharmacima.com\/ar\/wp-json\/wp\/v2\/product\/151186","targetHints":{"allow":["GET"]}}],"collection":[{"href":"https:\/\/pharmacima.com\/ar\/wp-json\/wp\/v2\/product"}],"about":[{"href":"https:\/\/pharmacima.com\/ar\/wp-json\/wp\/v2\/types\/product"}],"replies":[{"embeddable":true,"href":"https:\/\/pharmacima.com\/ar\/wp-json\/wp\/v2\/comments?post=151186"}],"wp:featuredmedia":[{"embeddable":true,"href":"https:\/\/pharmacima.com\/ar\/wp-json\/wp\/v2\/media\/151188"}],"wp:attachment":[{"href":"https:\/\/pharmacima.com\/ar\/wp-json\/wp\/v2\/media?parent=151186"}],"wp:term":[{"taxonomy":"product_brand","embeddable":true,"href":"https:\/\/pharmacima.com\/ar\/wp-json\/wp\/v2\/product_brand?post=151186"},{"taxonomy":"product_cat","embeddable":true,"href":"https:\/\/pharmacima.com\/ar\/wp-json\/wp\/v2\/product_cat?post=151186"},{"taxonomy":"product_tag","embeddable":true,"href":"https:\/\/pharmacima.com\/ar\/wp-json\/wp\/v2\/product_tag?post=151186"}],"curies":[{"name":"wp","href":"https:\/\/api.w.org\/{rel}","templated":true}]}}