{"id":151191,"date":"2026-04-22T17:37:52","date_gmt":"2026-04-22T16:37:52","guid":{"rendered":"https:\/\/pharmacima.com\/?post_type=product&#038;p=151191"},"modified":"2026-04-22T18:48:26","modified_gmt":"2026-04-22T17:48:26","slug":"creme-vitamine-c-astaxanthine-50ml-aroma-zone","status":"publish","type":"product","link":"https:\/\/pharmacima.com\/ar\/product\/creme-vitamine-c-astaxanthine-50ml-aroma-zone\/","title":{"rendered":"Creme Vitamine C Astaxanthine 50ml Aroma zone"},"content":{"rendered":"<h1><strong>\u0648\u0635\u0641 :<\/strong><\/h1>\n<h2 class=\"content\">V\u00e9ritable protection antioxydante aroma zone, cette cr\u00e8me visage \u00e0 la texture fine et l\u00e9g\u00e8re, active l&rsquo;\u00e9clat naturel du teint, lisse les traits et freine l&rsquo;apparition des premiers signes de l\u2019\u00e2ge.<\/h2>\n<div class=\"content\" data-v-8d8f7f89=\"\">Le soin booster d&rsquo;\u00e9clat \u00e0 la vitamine C pour une peau 2 fois plus lumineuse.<\/div>\n<div data-v-8d8f7f89=\"\"><\/div>\n<div data-v-8d8f7f89=\"\">\u0641\u0648\u0627\u0626\u062f:<\/div>\n<div data-v-8d8f7f89=\"\">\n<ul>\n<li>Cette cr\u00e8me naturellement color\u00e9e aide \u00e0 ralentir l&rsquo;apparition des premiers signes de l&rsquo;\u00e2ge observ\u00e9s entre 25 et 45 ans. Veritable booster d&rsquo;\u00e9clat, elle procure un aspect frais, lumineux et visiblement revitalis\u00e9 \u00e0 la peau.<\/li>\n<li>Un trio d\u2019actifs d\u2019exception : l\u2019Astaxanthine et la Vitamine C, deux antioxydants ultra-puissants pour prot\u00e9ger la peau des radicaux libres et stimuler la synth\u00e8se de collag\u00e8ne, associ\u00e9s \u00e0 l\u2019extrait de Mat\u00e9 qui booste l\u2019oxyg\u00e9nation cutan\u00e9e.<\/li>\n<li>Efficacit\u00e9 cliniquement prouv\u00e9e : la peau est 2 fois plus \u00e9clatante, elle para\u00eet plus saine et repos\u00e9e.<\/li>\n<\/ul>\n<p><b>\u0623\u0646\u0648\u0627\u0639 \u0627\u0644\u0628\u0634\u0631\u0629:<\/b><\/p>\n<p>Tous types de peaux. Particuli\u00e8rement aux peaux ternes, en manque d&rsquo;\u00e9clat, expos\u00e9es aux agressions environnementales telles que la pollution, les UV, le tabac. Convient aux peaux sensibles et \u00e0 toutes les carnations.<\/p>\n<\/div>\n<p>\u0627\u0633\u062a\u062e\u062f\u0627\u0645 \u0627\u0644\u0645\u0634\u0648\u0631\u0629:<\/p>\n<p>En fonction de vos besoins, vous pouvez appliquer cette cr\u00e8me seule ou apr\u00e8s votre s\u00e9rum habituel, matin et\/ou soir.<\/p>\n<p>3 types d\u2019utilisations possibles en fonction de vos besoins et habitudes :<\/p>\n<ul>\n<li>Vous pouvez appliquer cette cr\u00e8me seule ou apr\u00e8s votre s\u00e9rum habituel, matin et\/ou soir.<\/li>\n<li>Vous pouvez appliquer cette cr\u00e8me apr\u00e8s votre <b>\u00a0<\/b>S\u00e9rum concentr\u00e9 d&rsquo;Acide hyaluronique 3,5%matin et\/ou soir<\/li>\n<li>Pour simplifier votre routine vous pouvez m\u00e9langer directement dans le creux de la main 3 \u00e0 4 gouttes du \u00a0S\u00e9rum concentr\u00e9 d&rsquo;Acide hyaluronique 3,5%\u00a0\u00e0 la cr\u00e8me vitamine C &amp; Astaxanthine<\/li>\n<\/ul>\n<h2><strong>\u0627\u0644\u062a\u0631\u0643\u064a\u0628\u0629 :\u00a0<\/strong><\/h2>\n<div id=\"359OoihgUkVx0AcCE8WHwQ\" class=\"wrapper content\" data-v-c3067ad5=\"\" data-v-96d45d6f=\"\" data-color=\"normal\" data-teaser=\"false\">\n<div class=\"prose text\" data-v-05a8aaf0=\"\" data-v-c3067ad5=\"\" data-color=\"normal\">\n<p>INGREDIENTS :Pentylene Glycol (\u00e9mollient d\u2019origine naturelle), Butyrospermum Parkii Butter* (beurre de karit\u00e9 BIO), Polyglyceryl-3 Rice Branate (\u00e9mulsifiant d\u2019origine naturelle), Ascorbyl Glucoside (vitamine C), Glyceryl Stearate Citrate (\u00e9mulsifiant d\u2019origine naturelle), Cetearyl Alcohol (agent de texture d\u2019origine naturelle), Haematococcus Pluvialis Extract (astaxanthine), Punica Granatum Seed Extract* (extrait de grenade), Sodium Hyaluronate (acide hyaluronique), Ilex Paraguariensis Leaf Extract (extrait de mat\u00e9), Simmondsia Chinensis (Jojoba) Seed Oil (huile de jojoba),<\/p>\n<p>Aloe Barbadensis Leaf Juice Powder* (poudre d&rsquo;aloe vera BIO), Tocopherol (vitamine E), Rosmarinus Officinalis Leaf Extract (extrait de romarin), Sucrose Stearate (\u00e9mulsifiant d\u2019origine naturelle), aroma zone Citric Acid (ajusteur de pH), Sodium Hydroxide (ajusteur de pH), Sodium Anisate (agent antimicrobien 100% d\u2019origine naturelle), Xanthan Gum (g\u00e9lifiant d&rsquo;origine naturelle), aroma zone Sodium Citratearoma zone\u00a0 (ajusteur de pH), Carrageenan (g\u00e9lifiant d&rsquo;origine naturelle), Sodium Gluconate (s\u00e9questrant d&rsquo;origine naturelle), Helianthus Annuus Seed Oil (huile de tournesol), Sodium Levulinate (agent antimicrobien 100% d\u2019origine naturelle), Caprylyl Glycol (agent antimicrobien 100% d\u2019origine naturelle).<\/p>\n<\/div>\n<\/div>","protected":false},"excerpt":{"rendered":"<p>DESCRIPTION : V\u00e9ritable protection antioxydante aroma zone, cette cr\u00e8me visage \u00e0 la texture fine et l\u00e9g\u00e8re, active l&rsquo;\u00e9clat naturel du teint, lisse les traits et freine l&rsquo;apparition des premiers signes de l\u2019\u00e2ge. Le soin booster d&rsquo;\u00e9clat \u00e0 la vitamine C pour une peau 2 fois plus lumineuse. BIENFAITS : Cette cr\u00e8me naturellement color\u00e9e aide \u00e0 [&hellip;]<\/p>\n","protected":false},"featured_media":151192,"comment_status":"open","ping_status":"closed","template":"","meta":{"_acf_changed":false},"product_brand":[1543],"product_cat":[102,137],"product_tag":[],"class_list":{"0":"post-151191","1":"product","2":"type-product","3":"status-publish","4":"has-post-thumbnail","6":"product_brand-aroma-zone","7":"product_cat-soin-et-bien-etre","8":"product_cat-visage","10":"first","11":"instock","12":"sale","13":"taxable","14":"shipping-taxable","15":"purchasable","16":"product-type-simple"},"acf":[],"_links":{"self":[{"href":"https:\/\/pharmacima.com\/ar\/wp-json\/wp\/v2\/product\/151191","targetHints":{"allow":["GET"]}}],"collection":[{"href":"https:\/\/pharmacima.com\/ar\/wp-json\/wp\/v2\/product"}],"about":[{"href":"https:\/\/pharmacima.com\/ar\/wp-json\/wp\/v2\/types\/product"}],"replies":[{"embeddable":true,"href":"https:\/\/pharmacima.com\/ar\/wp-json\/wp\/v2\/comments?post=151191"}],"wp:featuredmedia":[{"embeddable":true,"href":"https:\/\/pharmacima.com\/ar\/wp-json\/wp\/v2\/media\/151192"}],"wp:attachment":[{"href":"https:\/\/pharmacima.com\/ar\/wp-json\/wp\/v2\/media?parent=151191"}],"wp:term":[{"taxonomy":"product_brand","embeddable":true,"href":"https:\/\/pharmacima.com\/ar\/wp-json\/wp\/v2\/product_brand?post=151191"},{"taxonomy":"product_cat","embeddable":true,"href":"https:\/\/pharmacima.com\/ar\/wp-json\/wp\/v2\/product_cat?post=151191"},{"taxonomy":"product_tag","embeddable":true,"href":"https:\/\/pharmacima.com\/ar\/wp-json\/wp\/v2\/product_tag?post=151191"}],"curies":[{"name":"wp","href":"https:\/\/api.w.org\/{rel}","templated":true}]}}