{"id":151193,"date":"2026-04-22T18:14:22","date_gmt":"2026-04-22T17:14:22","guid":{"rendered":"https:\/\/pharmacima.com\/?post_type=product&#038;p=151193"},"modified":"2026-04-22T18:48:05","modified_gmt":"2026-04-22T17:48:05","slug":"serum-cheveux-keratine-aa-aroma-zone","status":"publish","type":"product","link":"https:\/\/pharmacima.com\/ar\/product\/serum-cheveux-keratine-aa-aroma-zone\/","title":{"rendered":"Serum Cheveux Keratine AA Peptides 50ml Aroma zone"},"content":{"rendered":"<h2><strong>\u0648\u0635\u0641 :\u00a0<\/strong><\/h2>\n<h2><strong>Formul\u00e9 pour toutes les natures de cheveux aroma zone, ce s\u00e9rum renforce la fibre capillaire gr\u00e2ce \u00e0 un complexe d\u2019acides amin\u00e9s et peptides biomim\u00e9tiques de K\u00e9ratine.<\/strong><\/h2>\n<p>Avec +80% d\u2019effets r\u00e9parateurs apr\u00e8s une seule application***, vos longueurs et pointes sont r\u00e9par\u00e9es, vos cheveux plus r\u00e9sistants et plus brillants.<\/p>\n<h3>Types de cheveux<\/h3>\n<p>Ce s\u00e9rum est d\u00e9di\u00e9 \u00e0 tous les types et textures de cheveux en entretien quotidien, mais aussi pour les cheveux endommag\u00e9s et notamment affaiblis par les traitements chimiques, le sel, les UV, la chaleur.<\/p>\n<h2>\u0627\u0633\u062a\u062e\u062f\u0627\u0645 \u0627\u0644\u0645\u0634\u0648\u0631\u0629:<\/h2>\n<div id=\"yVwML2GsqTWymGpcNk0fs\" class=\"wrapper content\" data-v-c3067ad5=\"\" data-v-96d45d6f=\"\" data-color=\"normal\" data-teaser=\"false\">\n<div class=\"prose text\" data-v-05a8aaf0=\"\" data-v-c3067ad5=\"\" data-color=\"normal\">\n<p>Appliquez quelques gouttes sur vos longueurs et pointes s\u00e8ches ou humides en soin quotidien, sans rin\u00e7age. Selon le type et l\u2019\u00e9tat des cheveux, il est possible que l\u2019effet ne soit pas optimal avec une application sur cheveux secs, dans ce cas, une utilisation sur cheveux humides vous est particuli\u00e8rement recommand\u00e9e.<\/p>\n<h2><strong>\u0627\u0644\u062a\u0631\u0643\u064a\u0628\u0629 :\u00a0<\/strong><\/h2>\n<div class=\"mx-auto mt-10 max-w-365 sm:mt-12\">\n<div class=\"description\" data-v-6ed7b6c7=\"\">\n<div class=\"sections\" data-v-6ed7b6c7=\"\">\n<div id=\"52ZrnPdgvDNVdVzPPxjMpI\" class=\"item\" title=\"\u0627\u0644\u062a\u0631\u0643\u064a\u0628\u0629\" data-state=\"open\" data-orientation=\"vertical\" data-section=\"composition\" data-v-f56156c4=\"\">\n<div id=\"reka-collapsible-content-v-0-0-9-9\" class=\"content\" role=\"region\" aria-labelledby=\"reka-accordion-trigger-v-0-0-9-8\" data-state=\"open\" data-orientation=\"vertical\" data-v-f56156c4=\"\">\n<div class=\"wrapper\" data-v-96d45d6f=\"\" data-v-f56156c4=\"\">\n<div id=\"2Smm3560lyYLmW21CdWpPq\" class=\"accordion content\" data-v-4a45ad1d=\"\" data-v-96d45d6f=\"\" data-variant=\"default\">\n<div data-v-4a45ad1d=\"\">\n<div class=\"item\" data-v-3616388a=\"\" data-v-4a45ad1d=\"\" data-state=\"open\" data-orientation=\"vertical\">\n<div id=\"reka-collapsible-content-v-0-0-2-34\" class=\"content\" role=\"region\" data-v-3616388a=\"\" aria-labelledby=\"reka-accordion-trigger-v-0-0-2-33\" data-state=\"open\" data-orientation=\"vertical\">\n<div class=\"wrapper\" data-v-96d45d6f=\"\" data-v-3616388a=\"\">\n<div id=\"2xbrZukuMg8NJtWc9uQSIS\" class=\"wrapper content\" data-v-c3067ad5=\"\" data-v-96d45d6f=\"\" data-color=\"normal\" data-teaser=\"false\">\n<div class=\"prose text\" data-v-05a8aaf0=\"\" data-v-c3067ad5=\"\" data-color=\"normal\">\n<p><b>INGREDIENTS<\/b>: Aqua (eau), Pentylene Glycol (emollient d\u2019origine naturelle), Aspergillus Ferment (actif fortement dos\u00e9 en acide itaconique*), Salix Nigra Bark Extract (extrait d&rsquo;\u00e9corce de saule noir), Glycerin (glyc\u00e9rine v\u00e9g\u00e9tale BIO), Arginine (acide amin\u00e9), aroma zone Keratin Amino Acids (acides amin\u00e9s de K\u00e9ratine vegan), Sodium Hyaluronate (acide hyaluronique),sh-oligopeptide-78 (peptide biomim\u00e9tique de la k\u00e9ratine), Sodium Hydroxide (ajusteur de pH).<\/p>\n<\/div>\n<\/div>\n<\/div>\n<\/div>\n<\/div>\n<\/div>\n<\/div>\n<\/div>\n<\/div>\n<\/div>\n<\/div>\n<\/div>\n<\/div>\n<\/div>\n<\/div>","protected":false},"excerpt":{"rendered":"<p>DESCRIPTION :\u00a0 Formul\u00e9 pour toutes les natures de cheveux aroma zone, ce s\u00e9rum renforce la fibre capillaire gr\u00e2ce \u00e0 un complexe d\u2019acides amin\u00e9s et peptides biomim\u00e9tiques de K\u00e9ratine. Avec +80% d\u2019effets r\u00e9parateurs apr\u00e8s une seule application***, vos longueurs et pointes sont r\u00e9par\u00e9es, vos cheveux plus r\u00e9sistants et plus brillants. Types de cheveux Ce s\u00e9rum est [&hellip;]<\/p>\n","protected":false},"featured_media":151194,"comment_status":"open","ping_status":"closed","template":"","meta":{"_acf_changed":false},"product_brand":[1543],"product_cat":[102,137],"product_tag":[],"class_list":{"0":"post-151193","1":"product","2":"type-product","3":"status-publish","4":"has-post-thumbnail","6":"product_brand-aroma-zone","7":"product_cat-soin-et-bien-etre","8":"product_cat-visage","10":"first","11":"instock","12":"sale","13":"taxable","14":"shipping-taxable","15":"purchasable","16":"product-type-simple"},"acf":[],"_links":{"self":[{"href":"https:\/\/pharmacima.com\/ar\/wp-json\/wp\/v2\/product\/151193","targetHints":{"allow":["GET"]}}],"collection":[{"href":"https:\/\/pharmacima.com\/ar\/wp-json\/wp\/v2\/product"}],"about":[{"href":"https:\/\/pharmacima.com\/ar\/wp-json\/wp\/v2\/types\/product"}],"replies":[{"embeddable":true,"href":"https:\/\/pharmacima.com\/ar\/wp-json\/wp\/v2\/comments?post=151193"}],"wp:featuredmedia":[{"embeddable":true,"href":"https:\/\/pharmacima.com\/ar\/wp-json\/wp\/v2\/media\/151194"}],"wp:attachment":[{"href":"https:\/\/pharmacima.com\/ar\/wp-json\/wp\/v2\/media?parent=151193"}],"wp:term":[{"taxonomy":"product_brand","embeddable":true,"href":"https:\/\/pharmacima.com\/ar\/wp-json\/wp\/v2\/product_brand?post=151193"},{"taxonomy":"product_cat","embeddable":true,"href":"https:\/\/pharmacima.com\/ar\/wp-json\/wp\/v2\/product_cat?post=151193"},{"taxonomy":"product_tag","embeddable":true,"href":"https:\/\/pharmacima.com\/ar\/wp-json\/wp\/v2\/product_tag?post=151193"}],"curies":[{"name":"wp","href":"https:\/\/api.w.org\/{rel}","templated":true}]}}