{"id":151195,"date":"2026-04-22T18:21:33","date_gmt":"2026-04-22T17:21:33","guid":{"rendered":"https:\/\/pharmacima.com\/?post_type=product&#038;p=151195"},"modified":"2026-04-22T18:47:51","modified_gmt":"2026-04-22T17:47:51","slug":"serum-peptides-de-cuivre-pro-aroma-zone","status":"publish","type":"product","link":"https:\/\/pharmacima.com\/ar\/product\/serum-peptides-de-cuivre-pro-aroma-zone\/","title":{"rendered":"Serum Peptides de Cuivre Pro elastine 30ml Aroma zone"},"content":{"rendered":"<h1><strong>\u0648\u0635\u0641 :\u00a0<\/strong><\/h1>\n<div class=\"flex flex-col gap-2 px-4 md:px-0\">\n<div data-v-8d8f7f89=\"\">\n<h2 class=\"content\">V\u00e9ritable booster de collag\u00e8ne et d&rsquo;\u00e9lastine aroma zone, ce s\u00e9rum anti-\u00e2ge aide \u00e0 pr\u00e9venir les premi\u00e8res rides, r\u00e9duit les rides install\u00e9es et la perte de fermet\u00e9 des peaux matures.<\/h2>\n<h3><strong>\u0641\u0648\u0627\u0626\u062f:\u00a0<\/strong><\/h3>\n<ul>\n<li>Innovation :\u00a0<b>s\u00e9rum alliant pro-elastine et peptide de cuivre qui boostent la synth\u00e8se de collag\u00e8ne et d&rsquo;\u00e9lastine<\/b>. Adapt\u00e9 aux jeunes adultes souhaitant pr\u00e9venir l&rsquo;apparition des signes de vieillissement cutan\u00e9 et lisser leur grain de peau ou aux peaux plus matures, qui cherchent \u00e0 r\u00e9duire rides et ridules install\u00e9es et ralentir la perte d&rsquo;\u00e9lasticit\u00e9 et de fermet\u00e9.<\/li>\n<li>Ce s\u00e9rum aide \u00e9galement \u00e0 maintenir une hydratation optimale toute la journ\u00e9e.<\/li>\n<li>Ingr\u00e9dients cl\u00e9s : peptides de cuivre et actif biomim\u00e9tique pro-\u00e9lastine \u00e0\u00a0<b>l&rsquo;efficacit\u00e9 prouv\u00e9e, +347% de collag\u00e8ne*** et +144% d&rsquo;\u00e9lastine**.<\/b><\/li>\n<li><b>Efficacit\u00e9 cliniquement prouv\u00e9e\u00a0<\/b>sur les premi\u00e8res rides et ridules, sur le rel\u00e2chement cutan\u00e9 et les rides install\u00e9es. La peau du visage et du cou est plus ferme, plus tonique et plus \u00e9lastique, le grain de peau est affin\u00e9 et liss\u00e9.<\/li>\n<\/ul>\n<\/div>\n<\/div>\n<div class=\"mt-6 flex flex-col gap-4 px-4 md:px-0\">\n<div class=\"root h-min\" role=\"group\" data-loading=\"false\" data-testid=\"quantity-selector-input\" data-v-c34b1d05=\"\">CONSEIL DUTILISATION :<\/div>\n<div role=\"group\" data-loading=\"false\" data-testid=\"quantity-selector-input\" data-v-c34b1d05=\"\">\n<div class=\"mx-auto mt-10 max-w-365 sm:mt-12\">\n<div class=\"description\" data-v-6ed7b6c7=\"\">\n<div class=\"sections\" data-v-6ed7b6c7=\"\">\n<div id=\"KsLwEqO76nMLUqCyBubBf\" class=\"item\" title=\"Utilisation\" data-state=\"open\" data-orientation=\"vertical\" data-section=\"usage\" data-v-f56156c4=\"\">\n<div id=\"reka-collapsible-content-v-0-0-9-7\" class=\"content\" role=\"region\" aria-labelledby=\"reka-accordion-trigger-v-0-0-9-6\" data-state=\"open\" data-orientation=\"vertical\" data-v-f56156c4=\"\">\n<div class=\"wrapper\" data-v-96d45d6f=\"\" data-v-f56156c4=\"\">\n<div id=\"x6935SupkmapYygt7ZxQx\" class=\"wrapper content\" data-v-c3067ad5=\"\" data-v-96d45d6f=\"\" data-color=\"normal\" data-teaser=\"false\">\n<div class=\"prose text\" data-v-05a8aaf0=\"\" data-v-c3067ad5=\"\" data-color=\"normal\">\n<p>Ce s\u00e9rum s\u2019utilise le matin et\/ou le soir, avant votre soin habituel.<\/p>\n<h2>\u0627\u0644\u062a\u0631\u0643\u064a\u0628\u0629 :<\/h2>\n<div class=\"mx-auto mt-10 max-w-365 sm:mt-12\">\n<div class=\"description\" data-v-6ed7b6c7=\"\">\n<div class=\"sections\" data-v-6ed7b6c7=\"\">\n<div id=\"56TDyRAhdnms3M1x7IOrS7\" class=\"item\" title=\"\u0627\u0644\u062a\u0631\u0643\u064a\u0628\u0629\" data-state=\"open\" data-orientation=\"vertical\" data-section=\"composition\" data-v-f56156c4=\"\">\n<div id=\"reka-collapsible-content-v-0-0-9-11\" class=\"content\" role=\"region\" aria-labelledby=\"reka-accordion-trigger-v-0-0-9-10\" data-state=\"open\" data-orientation=\"vertical\" data-v-f56156c4=\"\">\n<div class=\"wrapper\" data-v-96d45d6f=\"\" data-v-f56156c4=\"\">\n<div id=\"OJNwycf3FHawPAXsvzVNp\" class=\"accordion content\" data-v-4a45ad1d=\"\" data-v-96d45d6f=\"\" data-variant=\"default\">\n<div data-v-4a45ad1d=\"\">\n<div class=\"item\" data-v-3616388a=\"\" data-v-4a45ad1d=\"\" data-state=\"open\" data-orientation=\"vertical\">\n<div id=\"reka-collapsible-content-v-0-0-2-33\" class=\"content\" role=\"region\" data-v-3616388a=\"\" aria-labelledby=\"reka-accordion-trigger-v-0-0-2-32\" data-state=\"open\" data-orientation=\"vertical\">\n<div class=\"wrapper\" data-v-96d45d6f=\"\" data-v-3616388a=\"\">\n<div id=\"5OtysJJN55OjZuI051Y7ti\" class=\"wrapper content\" data-v-c3067ad5=\"\" data-v-96d45d6f=\"\" data-color=\"normal\" data-teaser=\"false\">\n<div class=\"prose text\" data-v-05a8aaf0=\"\" data-v-c3067ad5=\"\" data-color=\"normal\">\n<p><b>INGREDIENTS :<\/b> Aqua (eau), Glycerin (humectant et hydratant d&rsquo;origine naturelle), Pentylene Glycol (), Sodium Hyaluronate (acide hyaluronique d&rsquo;origine naturelle), Copper Tripeptide-1 (peptides de cuivre), Sh-Oligopeptide-50 (peptides biomim\u00e9tiques des peptides de l&rsquo;\u00e9lastine), Caprylyl Glycol (agent antimicrobien d&rsquo;origine naturelle), Levulinic Acic (agent de antimicrobien d&rsquo;origine naturelle),aroma zone Sodium Levulinate (agent de antimicrobien d&rsquo;origine naturelle), Tetrasodium Glutamate Diacetate (agent de stabilisation), Citric Acid (ajusteur de pH), Sodium Hydroxide (ajusteur de pH).<\/p>\n<\/div>\n<\/div>\n<\/div>\n<\/div>\n<\/div>\n<\/div>\n<\/div>\n<\/div>\n<\/div>\n<\/div>\n<\/div>\n<\/div>\n<\/div>\n<\/div>\n<\/div>\n<\/div>\n<\/div>\n<\/div>\n<\/div>\n<\/div>\n<\/div>\n<\/div>\n<\/div>","protected":false},"excerpt":{"rendered":"<p>DESCRIPTION :\u00a0 V\u00e9ritable booster de collag\u00e8ne et d&rsquo;\u00e9lastine aroma zone, ce s\u00e9rum anti-\u00e2ge aide \u00e0 pr\u00e9venir les premi\u00e8res rides, r\u00e9duit les rides install\u00e9es et la perte de fermet\u00e9 des peaux matures. Bienfaits :\u00a0 Innovation :\u00a0s\u00e9rum alliant pro-elastine et peptide de cuivre qui boostent la synth\u00e8se de collag\u00e8ne et d&rsquo;\u00e9lastine. Adapt\u00e9 aux jeunes adultes souhaitant pr\u00e9venir [&hellip;]<\/p>\n","protected":false},"featured_media":151196,"comment_status":"open","ping_status":"closed","template":"","meta":{"_acf_changed":false},"product_brand":[1543],"product_cat":[102,137],"product_tag":[],"class_list":{"0":"post-151195","1":"product","2":"type-product","3":"status-publish","4":"has-post-thumbnail","6":"product_brand-aroma-zone","7":"product_cat-soin-et-bien-etre","8":"product_cat-visage","10":"first","11":"instock","12":"sale","13":"taxable","14":"shipping-taxable","15":"purchasable","16":"product-type-simple"},"acf":[],"_links":{"self":[{"href":"https:\/\/pharmacima.com\/ar\/wp-json\/wp\/v2\/product\/151195","targetHints":{"allow":["GET"]}}],"collection":[{"href":"https:\/\/pharmacima.com\/ar\/wp-json\/wp\/v2\/product"}],"about":[{"href":"https:\/\/pharmacima.com\/ar\/wp-json\/wp\/v2\/types\/product"}],"replies":[{"embeddable":true,"href":"https:\/\/pharmacima.com\/ar\/wp-json\/wp\/v2\/comments?post=151195"}],"wp:featuredmedia":[{"embeddable":true,"href":"https:\/\/pharmacima.com\/ar\/wp-json\/wp\/v2\/media\/151196"}],"wp:attachment":[{"href":"https:\/\/pharmacima.com\/ar\/wp-json\/wp\/v2\/media?parent=151195"}],"wp:term":[{"taxonomy":"product_brand","embeddable":true,"href":"https:\/\/pharmacima.com\/ar\/wp-json\/wp\/v2\/product_brand?post=151195"},{"taxonomy":"product_cat","embeddable":true,"href":"https:\/\/pharmacima.com\/ar\/wp-json\/wp\/v2\/product_cat?post=151195"},{"taxonomy":"product_tag","embeddable":true,"href":"https:\/\/pharmacima.com\/ar\/wp-json\/wp\/v2\/product_tag?post=151195"}],"curies":[{"name":"wp","href":"https:\/\/api.w.org\/{rel}","templated":true}]}}