{"id":151206,"date":"2026-04-23T11:48:46","date_gmt":"2026-04-23T10:48:46","guid":{"rendered":"https:\/\/pharmacima.com\/?post_type=product&#038;p=151206"},"modified":"2026-05-10T13:43:00","modified_gmt":"2026-05-10T12:43:00","slug":"creme-de-jour-5-vitamine-c-spf-50-paula","status":"publish","type":"product","link":"https:\/\/pharmacima.com\/ar\/product\/creme-de-jour-5-vitamine-c-spf-50-paula\/","title":{"rendered":"Creme de Jour 5% Vitamine C SPF 50  15ml Paula choice"},"content":{"rendered":"<h1><strong>DESCRIPTION :\u00a0<\/strong><\/h1>\n<h2><b>Un SPF l\u00e9ger enrichi en vitamine C (5\u00a0%), acetyl zingerone et acides amin\u00e9s extraits d&rsquo;algues qui prot\u00e8ge, renforce et illumine visiblement le teint.<\/b><\/h2>\n<p>La Cr\u00e8me Hydratante L\u00e9g\u00e8re 5 % Vitamine C SPF 50 est \u00e0 la fois un soin et un solaire, pour une double action en une seule \u00e9tape. Elle contient 3 d\u00e9riv\u00e9s de vitamine C pour redonner de l&rsquo;\u00e9clat, unifier le teint et booster le SPF, pour une protection solaire optimale.<\/p>\n<p>Les acides amin\u00e9s d\u00e9riv\u00e9s d&rsquo;algues aident la peau \u00e0 \u00eatre plus r\u00e9siliente face aux agressions ext\u00e9rieures. Sa formule hydratante l\u00e9g\u00e8re conf\u00e8re un glow instantan\u00e9 et reste imperceptible, quels que soient votre type de peau et votre carnation.<\/p>\n<h2 class=\"product-section__title\">Action cliniquement prouv\u00e9e sur l&rsquo;\u00e9clat et l&rsquo;hydratation*<\/h2>\n<p>*\u00c9tude clinique ind\u00e9pendante, 30 volontaires, apr\u00e8s 8 semaines.<\/p>\n<h2>CONSEIL D&rsquo;UTILISATION :<\/h2>\n<div class=\"product-how__description-step text-normal-md-semibold\">\n<div class=\"content-asset\">\n<p>Appliquer en derni\u00e8re \u00e9tape de votre routine de soin du matin. Laissez les soins p\u00e9n\u00e9trer avant d\u2019appliquer votre maquillage.<\/p>\n<h2><strong>COMPOSITION :\u00a0<\/strong><\/h2>\n<section class=\"product-inside\">\n<div class=\"product-inside__text\">\n<div class=\"product-inside__content\">\n<div class=\"product-inside__accordion has-ingredients js-product-inside__accordion is-active\">\n<div class=\"product-inside__accordion-content has-ingredients js-product-inside-accordion-content\">Water (Aqua\/Eau), Ethylhexyl Methoxycinnamate, Ethylhexyl Salicylate, Glycerin, Silica, Butyl Methoxydibenzoylmethane, 3-O-Ethyl Ascorbic Acid, Ascorbyl Glucoside, Octocrylene, Dimethicone, Propanediol, Tetrahexyldecyl Ascorbate, Acetyl Zingerone, Acrylates\/C10-30 Alkyl Acrylate Crosspolymer, Diethylhexyl Syringylidenemalonate, Dimethicone\/Vinyl Dimethicone Crosspolymer, Porphyra Umbilicalis Extract, Hydrogenated Lecithin, Ricinus Communis (Castor) Seed Oil, Sodium Hydroxide, Tocopherol, Xanthan Gum, Ethylhexylglycerin, Laureth-4, Phenoxyethanol, Potassium Sorbate, Sodium Benzoate, Titanium Dioxide, Iron Oxides (CI 77492), Iron Oxides (CI 77491), Iron Oxides (CI 77499). [il411v2]<\/div>\n<\/div>\n<\/div>\n<\/div>\n<\/section>\n<section class=\"product-how\"><span id=\"howtouse\" class=\"anchor-target\" aria-hidden=\"true\"><\/span><\/p>\n<div class=\"product-how__text\">\n<div class=\"product-how__text-inner\"><\/div>\n<\/div>\n<\/section>\n<\/div>\n<\/div>\n","protected":false},"excerpt":{"rendered":"<p>DESCRIPTION :\u00a0 Un SPF l\u00e9ger enrichi en vitamine C (5\u00a0%), acetyl zingerone et acides amin\u00e9s extraits d&rsquo;algues qui prot\u00e8ge, renforce et illumine visiblement le teint. La Cr\u00e8me Hydratante L\u00e9g\u00e8re 5 % Vitamine C SPF 50 est \u00e0 la fois un soin et un solaire, pour une double action en une seule \u00e9tape. Elle contient 3 [&hellip;]<\/p>\n","protected":false},"featured_media":151207,"comment_status":"open","ping_status":"closed","template":"","meta":{"_acf_changed":false},"product_brand":[1640],"product_cat":[102,137],"product_tag":[],"class_list":{"0":"post-151206","1":"product","2":"type-product","3":"status-publish","4":"has-post-thumbnail","6":"product_brand-paulaschoice","7":"product_cat-soin-et-bien-etre","8":"product_cat-visage","10":"first","11":"instock","12":"sale","13":"taxable","14":"shipping-taxable","15":"purchasable","16":"product-type-simple"},"acf":[],"_links":{"self":[{"href":"https:\/\/pharmacima.com\/ar\/wp-json\/wp\/v2\/product\/151206","targetHints":{"allow":["GET"]}}],"collection":[{"href":"https:\/\/pharmacima.com\/ar\/wp-json\/wp\/v2\/product"}],"about":[{"href":"https:\/\/pharmacima.com\/ar\/wp-json\/wp\/v2\/types\/product"}],"replies":[{"embeddable":true,"href":"https:\/\/pharmacima.com\/ar\/wp-json\/wp\/v2\/comments?post=151206"}],"wp:featuredmedia":[{"embeddable":true,"href":"https:\/\/pharmacima.com\/ar\/wp-json\/wp\/v2\/media\/151207"}],"wp:attachment":[{"href":"https:\/\/pharmacima.com\/ar\/wp-json\/wp\/v2\/media?parent=151206"}],"wp:term":[{"taxonomy":"product_brand","embeddable":true,"href":"https:\/\/pharmacima.com\/ar\/wp-json\/wp\/v2\/product_brand?post=151206"},{"taxonomy":"product_cat","embeddable":true,"href":"https:\/\/pharmacima.com\/ar\/wp-json\/wp\/v2\/product_cat?post=151206"},{"taxonomy":"product_tag","embeddable":true,"href":"https:\/\/pharmacima.com\/ar\/wp-json\/wp\/v2\/product_tag?post=151206"}],"curies":[{"name":"wp","href":"https:\/\/api.w.org\/{rel}","templated":true}]}}