{"id":151467,"date":"2026-05-10T12:10:49","date_gmt":"2026-05-10T11:10:49","guid":{"rendered":"https:\/\/pharmacima.com\/?post_type=product&#038;p=151467"},"modified":"2026-05-10T13:37:17","modified_gmt":"2026-05-10T12:37:17","slug":"creme-mains-japan-flower-30ml-deliplus","status":"publish","type":"product","link":"https:\/\/pharmacima.com\/ar\/product\/creme-mains-japan-flower-30ml-deliplus\/","title":{"rendered":"Creme mains Japan Flower 30ml deliplus"},"content":{"rendered":"<h2><strong>\u0648\u0635\u0641 :\u00a0<\/strong><\/h2>\n<p>D\u00e9couvrez la cr\u00e8me <span class=\"hover:entity-accent entity-underline inline cursor-pointer align-baseline\"><span class=\"whitespace-normal\">Hand Cream Japan Flower\u00a0 Herbologist\u00a0 Deliplus<\/span><\/span>, un soin hydratant et nourrissant sp\u00e9cialement con\u00e7u pour garder vos mains douces, prot\u00e9g\u00e9es et d\u00e9licatement parfum\u00e9es au quotidien.<\/p>\n<p>Sa formule enrichie en beurre de karit\u00e9, vitamine E et extrait d\u2019\u00e9chinac\u00e9e aide \u00e0 hydrater intens\u00e9ment la peau tout en la prot\u00e9geant contre le dess\u00e8chement.<\/p>\n<p>Sa texture l\u00e9g\u00e8re et non grasse p\u00e9n\u00e8tre rapidement sans laisser de film collant, offrant un confort imm\u00e9diat apr\u00e8s chaque application. Son parfum floral inspir\u00e9 des fleurs japonaises associe des notes de fleur de cerisier, d\u2019amande et de vanille pour une sensation raffin\u00e9e et agr\u00e9able.<\/p>\n<h2><strong>\u0627\u0633\u062a\u062e\u062f\u0627\u0645 \u0627\u0644\u0645\u0634\u0648\u0631\u0629:\u00a0<\/strong><\/h2>\n<ul>\n<li data-section-id=\"ivklg5\" data-start=\"30\" data-end=\"103\">Appliquez une petite quantit\u00e9 de cr\u00e8me sur des mains propres et s\u00e8ches.<\/li>\n<\/ul>\n<p>&nbsp;<\/p>","protected":false},"excerpt":{"rendered":"<p>DESCRIPTION :\u00a0 D\u00e9couvrez la cr\u00e8me Hand Cream Japan Flower\u00a0 Herbologist\u00a0 Deliplus, un soin hydratant et nourrissant sp\u00e9cialement con\u00e7u pour garder vos mains douces, prot\u00e9g\u00e9es et d\u00e9licatement parfum\u00e9es au quotidien. Sa formule enrichie en beurre de karit\u00e9, vitamine E et extrait d\u2019\u00e9chinac\u00e9e aide \u00e0 hydrater intens\u00e9ment la peau tout en la prot\u00e9geant contre le dess\u00e8chement. Sa [&hellip;]<\/p>\n","protected":false},"featured_media":151468,"comment_status":"open","ping_status":"closed","template":"","meta":{"_acf_changed":false},"product_brand":[1641],"product_cat":[102,140],"product_tag":[],"class_list":{"0":"post-151467","1":"product","2":"type-product","3":"status-publish","4":"has-post-thumbnail","6":"product_brand-deliplus","7":"product_cat-soin-et-bien-etre","8":"product_cat-mains","10":"first","11":"instock","12":"sale","13":"taxable","14":"shipping-taxable","15":"purchasable","16":"product-type-simple"},"acf":[],"_links":{"self":[{"href":"https:\/\/pharmacima.com\/ar\/wp-json\/wp\/v2\/product\/151467","targetHints":{"allow":["GET"]}}],"collection":[{"href":"https:\/\/pharmacima.com\/ar\/wp-json\/wp\/v2\/product"}],"about":[{"href":"https:\/\/pharmacima.com\/ar\/wp-json\/wp\/v2\/types\/product"}],"replies":[{"embeddable":true,"href":"https:\/\/pharmacima.com\/ar\/wp-json\/wp\/v2\/comments?post=151467"}],"wp:featuredmedia":[{"embeddable":true,"href":"https:\/\/pharmacima.com\/ar\/wp-json\/wp\/v2\/media\/151468"}],"wp:attachment":[{"href":"https:\/\/pharmacima.com\/ar\/wp-json\/wp\/v2\/media?parent=151467"}],"wp:term":[{"taxonomy":"product_brand","embeddable":true,"href":"https:\/\/pharmacima.com\/ar\/wp-json\/wp\/v2\/product_brand?post=151467"},{"taxonomy":"product_cat","embeddable":true,"href":"https:\/\/pharmacima.com\/ar\/wp-json\/wp\/v2\/product_cat?post=151467"},{"taxonomy":"product_tag","embeddable":true,"href":"https:\/\/pharmacima.com\/ar\/wp-json\/wp\/v2\/product_tag?post=151467"}],"curies":[{"name":"wp","href":"https:\/\/api.w.org\/{rel}","templated":true}]}}