{"id":151549,"date":"2026-05-14T16:40:49","date_gmt":"2026-05-14T15:40:49","guid":{"rendered":"https:\/\/pharmacima.com\/?post_type=product&#038;p=151549"},"modified":"2026-05-15T12:10:59","modified_gmt":"2026-05-15T11:10:59","slug":"gel-lubrifiant-play-tingling-50ml-durex","status":"publish","type":"product","link":"https:\/\/pharmacima.com\/ar\/product\/gel-lubrifiant-play-tingling-50ml-durex\/","title":{"rendered":"Gel lubrifiant Play tingling 50ml Durex"},"content":{"rendered":"<h1><strong>\u0648\u0635\u0641 :\u00a0<\/strong><\/h1>\n<h2><span class=\"hover:entity-accent entity-underline inline cursor-pointer align-baseline\"><span class=\"whitespace-normal\">\u062f\u064a\u0648\u0631\u0643\u0633<\/span><\/span> Tingling est un pr\u00e9servatif con\u00e7u pour apporter une sensation de fra\u00eecheur et de picotement l\u00e9ger pendant les rapports gr\u00e2ce \u00e0 un lubrifiant stimulant.<\/h2>\n<p>Il est g\u00e9n\u00e9ralement transparent, en latex naturel, avec une forme anatomique pour plus de confort, et souvent dot\u00e9 d\u2019une texture nervur\u00e9e ou perl\u00e9e selon la version.<\/p>\n<ul>\n<li data-section-id=\"4zxphk\" data-start=\"381\" data-end=\"427\">Sensation stimulante gr\u00e2ce au gel \u201ctingling\u201d<\/li>\n<li data-section-id=\"cfh4e8\" data-start=\"428\" data-end=\"459\">Lubrifi\u00e9 pour plus de confort<\/li>\n<li data-section-id=\"1m6sn7p\" data-start=\"460\" data-end=\"518\">Pr\u00e9servatif fin pour conserver les sensations naturelles<\/li>\n<li data-section-id=\"17ybgci\" data-start=\"519\" data-end=\"566\">R\u00e9servoir \u00e0 l\u2019extr\u00e9mit\u00e9 pour plus de s\u00e9curit\u00e9<\/li>\n<li data-section-id=\"srohug\" data-start=\"567\" data-end=\"622\">Compatible avec les rapports vaginaux, oraux et anaux<\/li>\n<li data-section-id=\"jccway\" data-start=\"623\" data-end=\"708\">Aide \u00e0 r\u00e9duire les risques de grossesse et d\u2019IST lorsqu\u2019il est utilis\u00e9 correctement<\/li>\n<\/ul>\n<h2><strong>\u0627\u0633\u062a\u062e\u062f\u0627\u0645 \u0627\u0644\u0645\u0634\u0648\u0631\u0629:\u00a0<\/strong><\/h2>\n<p>Metez le pr\u00e9servatif avant tout contact intime.<\/p>","protected":false},"excerpt":{"rendered":"<p>DESCRIPTION\u00a0 :\u00a0 Durex Tingling est un pr\u00e9servatif con\u00e7u pour apporter une sensation de fra\u00eecheur et de picotement l\u00e9ger pendant les rapports gr\u00e2ce \u00e0 un lubrifiant stimulant. Il est g\u00e9n\u00e9ralement transparent, en latex naturel, avec une forme anatomique pour plus de confort, et souvent dot\u00e9 d\u2019une texture nervur\u00e9e ou perl\u00e9e selon la version. Sensation stimulante gr\u00e2ce [&hellip;]<\/p>\n","protected":false},"featured_media":151550,"comment_status":"open","ping_status":"closed","template":"","meta":{"_acf_changed":false},"product_brand":[1407],"product_cat":[96],"product_tag":[],"class_list":{"0":"post-151549","1":"product","2":"type-product","3":"status-publish","4":"has-post-thumbnail","6":"product_brand-durex","7":"product_cat-hygiene-protection","9":"first","10":"instock","11":"taxable","12":"shipping-taxable","13":"purchasable","14":"product-type-simple"},"acf":[],"_links":{"self":[{"href":"https:\/\/pharmacima.com\/ar\/wp-json\/wp\/v2\/product\/151549","targetHints":{"allow":["GET"]}}],"collection":[{"href":"https:\/\/pharmacima.com\/ar\/wp-json\/wp\/v2\/product"}],"about":[{"href":"https:\/\/pharmacima.com\/ar\/wp-json\/wp\/v2\/types\/product"}],"replies":[{"embeddable":true,"href":"https:\/\/pharmacima.com\/ar\/wp-json\/wp\/v2\/comments?post=151549"}],"wp:featuredmedia":[{"embeddable":true,"href":"https:\/\/pharmacima.com\/ar\/wp-json\/wp\/v2\/media\/151550"}],"wp:attachment":[{"href":"https:\/\/pharmacima.com\/ar\/wp-json\/wp\/v2\/media?parent=151549"}],"wp:term":[{"taxonomy":"product_brand","embeddable":true,"href":"https:\/\/pharmacima.com\/ar\/wp-json\/wp\/v2\/product_brand?post=151549"},{"taxonomy":"product_cat","embeddable":true,"href":"https:\/\/pharmacima.com\/ar\/wp-json\/wp\/v2\/product_cat?post=151549"},{"taxonomy":"product_tag","embeddable":true,"href":"https:\/\/pharmacima.com\/ar\/wp-json\/wp\/v2\/product_tag?post=151549"}],"curies":[{"name":"wp","href":"https:\/\/api.w.org\/{rel}","templated":true}]}}