{"id":18204,"date":"2022-04-29T01:59:30","date_gmt":"2022-04-29T00:59:30","guid":{"rendered":"https:\/\/pharmacima.dz\/?post_type=product&#038;p=18204"},"modified":"2025-12-22T14:38:30","modified_gmt":"2025-12-22T13:38:30","slug":"effaclar-sebo-regulateur-la-roche-posay","status":"publish","type":"product","link":"https:\/\/pharmacima.com\/ar\/product\/effaclar-sebo-regulateur-la-roche-posay\/","title":{"rendered":"Effaclar Sebo Regulateur 100ml Effaclar La Roche posay"},"content":{"rendered":"<div id=\"description\">\n<h1 class=\"titre_zone_desc\"><strong>\u0648\u0635\u0641 :<\/strong><\/h1>\n<h2>La Roche-Posay Effaclar Sebo-Regulate Purifying Anti-Shine Scrubbing Mask 100ml \u0645\u0639 \u0627\u0644\u0637\u064a\u0646 \u0627\u0644\u0646\u0627\u0639\u0645 \u0647\u0648 \u0642\u0646\u0627\u0639 \u064a\u0633\u062a\u062e\u062f\u0645 \u0645\u0631\u0629 \u0623\u0648 \u0645\u0631\u062a\u064a\u0646 \u0641\u064a \u0627\u0644\u0623\u0633\u0628\u0648\u0639 \u0644\u062a\u0646\u0642\u064a\u0629 \u0627\u0644\u0628\u0634\u0631\u0629 \u0648\u062a\u0646\u0638\u064a\u0641\u0647\u0627 \u0648\u062a\u0646\u0638\u064a\u0645 \u0625\u0646\u062a\u0627\u062c \u0627\u0644\u062f\u0647\u0648\u0646 \u0648\u062a\u0642\u0644\u064a\u0644 \u0627\u0644\u0644\u0645\u0639\u0627\u0646.<\/h2>\n<div class=\"content_zone_desc tabcontent\">\n<div id=\"type_info_prio_11_1\">\n<p>\u064a\u0648\u0635\u0649 \u0628\u0647\u0630\u0627 \u0627\u0644\u0642\u0646\u0627\u0639 \u0644\u0644\u0628\u0634\u0631\u0629 \u0627\u0644\u062d\u0633\u0627\u0633\u0629 \u0648\u0627\u0644\u062f\u0647\u0646\u064a\u0629 \u0627\u0644\u0645\u0639\u0631\u0636\u0629 \u0644\u062d\u0628 \u0627\u0644\u0634\u0628\u0627\u0628\u060c \u0641\u0647\u0648 \u064a\u0632\u064a\u0644 \u0627\u0644\u062f\u0647\u0648\u0646 \u0627\u0644\u0632\u0627\u0626\u062f\u0629 \u0648\u062d\u062a\u0649 \u0627\u0644\u0634\u0648\u0627\u0626\u0628 \u063a\u064a\u0631 \u0627\u0644\u0645\u0631\u0626\u064a\u0629 \u0645\u062b\u0644 \u0627\u0644\u063a\u0628\u0627\u0631 \u0648\u0627\u0644\u062c\u0633\u064a\u0645\u0627\u062a \u0627\u0644\u0645\u0644\u0648\u062b\u0629\u060c \u0648\u064a\u062a\u062d\u0643\u0645 \u0641\u064a \u0627\u0644\u0644\u0645\u0639\u0627\u0646 \u0648\u064a\u0647\u062f\u0626 \u0627\u0644\u0628\u0634\u0631\u0629 \u0641\u064a \u0627\u0644\u0646\u0647\u0627\u064a\u0629 \u0644\u062a\u062c\u0646\u0628 \u062a\u0623\u062b\u064a\u0631 \u0627\u0631\u062a\u062f\u0627\u062f \u0627\u0644\u062f\u0647\u0648\u0646.<\/p>\n<p>\u064a\u0635\u0628\u062d \u0627\u0644\u062c\u0644\u062f \u0644\u0627\u0645\u0639\u064b\u0627 \u0628\u0634\u0643\u0644 \u062f\u0627\u0626\u0645 \u0648\u064a\u0639\u0627\u062f \u062f\u0647\u0646\u0647 \u0628\u0633\u0631\u0639\u0629 \u0623\u0642\u0644. \u0625\u0646\u0647 \u0645\u0647\u062f\u0626 \u0648\u0645\u0646\u0642\u064a\u060c \u0648\u0627\u0644\u0645\u0633\u0627\u0645 \u063a\u064a\u0631 \u0645\u0633\u062f\u0648\u062f\u0629.<\/p>\n<p>\u0628\u0627\u0631\u0627\u0628\u064a\u0646 \u0645\u062c\u0627\u0646\u0627.<\/p>\n<\/div>\n<\/div>\n<\/div>\n<div>\n<div class=\"bloc_depliable\">\n<div class=\"titre_zone_desc bloc_depliable_zone_click\">\n<h2><strong>\u0627\u0633\u062a\u062e\u062f\u0627\u0645 \u0627\u0644\u0645\u0634\u0648\u0631\u0629:<\/strong><\/h2>\n<\/div>\n<div class=\"content_zone_desc bloc_depliable_cnt cnt_deplie tabcontent\">\n<div>\n<div id=\"type_info_prio_6_1\">\n<p>\u0636\u0639\u064a \u0637\u0628\u0642\u0629 \u0631\u0642\u064a\u0642\u0629 1-2 \u0645\u0631\u0627\u062a \u0641\u064a \u0627\u0644\u0623\u0633\u0628\u0648\u0639.<\/p>\n<p>\u0627\u062a\u0631\u0643\u064a\u0647 \u0644\u0645\u062f\u0629 5 \u062f\u0642\u0627\u0626\u0642 \u062b\u0645 \u0627\u0634\u0637\u0641\u064a\u0647 \u0628\u0627\u0644\u0645\u0627\u0621 \u0642\u0628\u0644 \u062a\u0637\u0628\u064a\u0642 \u0639\u0644\u0627\u062c Effaclar.<\/p>\n<\/div>\n<div class=\"description_indication\"><span class=\"bold\">\u0625\u0634\u0627\u0631\u0629<\/span>\u00a0:\u00a0<span id=\"type_info_prio_6_2_1\">\u064a\u0646\u0642\u064a \u0627\u0644\u0628\u0634\u0631\u0629 \u0648\u064a\u0646\u0638\u0641\u0647\u0627 \u0648\u064a\u0646\u0638\u0645 \u0625\u0646\u062a\u0627\u062c \u0627\u0644\u0632\u0647\u0645 \u0648\u064a\u0642\u0644\u0644 \u0645\u0646 \u0644\u0645\u0639\u0627\u0646\u0647\u0627.<\/span><\/div>\n<div><\/div>\n<\/div>\n<h2><strong>\u0627\u0644\u062a\u0631\u0643\u064a\u0628\u0629 :<\/strong><\/h2>\n<\/div>\n<\/div>\n<div class=\"bloc_depliable\">\n<div class=\"content_zone_desc bloc_depliable_cnt tabcontent cnt_deplie\">\n<div class=\"longcompo\">\n<p>\u0623\u0643\u0648\u0627 (\u0645\u0627\u0621)\u060c \u0643\u0627\u0648\u0644\u064a\u0646\u060c \u0623\u0631\u062c\u064a\u0644\u0627\u060c \u0633\u0644\u064a\u0643\u0627\u062a \u0627\u0644\u0623\u0644\u0648\u0645\u0646\u064a\u0648\u0645 \u0627\u0644\u0645\u063a\u0646\u064a\u0633\u064a\u0648\u0645\u060c \u0628\u0631\u0648\u0628\u0627\u0646\u062f\u064a\u0648\u0644\u060c \u0628\u0627\u0646\u062b\u064a\u0646\u0648\u0644\u060c \u062c\u0644\u064a\u0633\u0631\u064a\u0646\u060c \u0643\u0627\u0628\u0631\u064a\u0644\u064a\u0643\/\u0643\u0627\u0628\u0631\u064a\u0643 \u062b\u0644\u0627\u062b\u064a \u0627\u0644\u063a\u0644\u064a\u0633\u0631\u064a\u062f\u060c CI77891\/\u062b\u0627\u0646\u064a \u0623\u0643\u0633\u064a\u062f \u0627\u0644\u062a\u064a\u062a\u0627\u0646\u064a\u0648\u0645\u060c \u0643\u062d\u0648\u0644 \u0633\u064a\u062a\u0631\u064a\u0644\u060c \u0632\u064a \u0645\u064a\u0633 \u0646\u0634\u0627 \u0627\u0644\u0630\u0631\u0629\u060c \u0633\u0644\u064a\u0644\u0648\u0632\u060c \u0633\u064a\u062a\u064a\u0631\u062b 20\u060c \u0644\u064a\u0633\u064a\u062b\u064a\u0646\u060c \u0643\u0627\u0628\u0631\u064a\u0644\u064a\u0644 \u062c\u0644\u0627\u064a\u0643\u0648\u0644\u060c \u062d\u0645\u0636 \u0627\u0644\u0633\u062a\u0631\u064a\u0643. \u060c \u0635\u0645\u063a \u0627\u0644\u0632\u0627\u0646\u062b\u0627\u0646\u060c \u062a\u0648\u0643\u0648\u0641\u064a\u0631\u0648\u0644\u060c \u0641\u064a\u0646\u0648\u0643\u0633\u064a\u064a\u062b\u0627\u0646\u0648\u0644\u060c \u0639\u0637\u0631 (\u0639\u0637\u0631).<\/p>\n<\/div>\n<\/div>\n<\/div>\n<\/div>","protected":false},"excerpt":{"rendered":"<p>DESCRIPTION : La Roche-Posay Effaclar Masque S\u00e9bo-R\u00e9gulateur Purifiant D\u00e9sincrustant Anti-Brillance 100 ml aux argiles douces est un masque qui s&rsquo;utilise une \u00e0 deux fois par semaine pour purifier et d\u00e9sincruster la peau, r\u00e9guler la production de s\u00e9bum et r\u00e9duire les brillances. Recommand\u00e9 pour les peaux sensibles, grasses \u00e0 tendance acn\u00e9ique, ce masque \u00e9limine l&rsquo;exc\u00e8s de [&hellip;]<\/p>\n","protected":false},"featured_media":18206,"comment_status":"open","ping_status":"closed","template":"","meta":{"_acf_changed":false},"product_brand":[1406],"product_cat":[102,137],"product_tag":[919,923,920],"class_list":{"0":"post-18204","1":"product","2":"type-product","3":"status-publish","4":"has-post-thumbnail","6":"product_brand-la-roche-posay","7":"product_cat-soin-et-bien-etre","8":"product_cat-visage","9":"product_tag-Peauxgrasses","10":"product_tag-PeauxAcneiques","11":"product_tag-Peauxsensibles","13":"first","14":"instock","15":"sale","16":"taxable","17":"shipping-taxable","18":"purchasable","19":"product-type-simple"},"acf":[],"_links":{"self":[{"href":"https:\/\/pharmacima.com\/ar\/wp-json\/wp\/v2\/product\/18204","targetHints":{"allow":["GET"]}}],"collection":[{"href":"https:\/\/pharmacima.com\/ar\/wp-json\/wp\/v2\/product"}],"about":[{"href":"https:\/\/pharmacima.com\/ar\/wp-json\/wp\/v2\/types\/product"}],"replies":[{"embeddable":true,"href":"https:\/\/pharmacima.com\/ar\/wp-json\/wp\/v2\/comments?post=18204"}],"wp:featuredmedia":[{"embeddable":true,"href":"https:\/\/pharmacima.com\/ar\/wp-json\/wp\/v2\/media\/18206"}],"wp:attachment":[{"href":"https:\/\/pharmacima.com\/ar\/wp-json\/wp\/v2\/media?parent=18204"}],"wp:term":[{"taxonomy":"product_brand","embeddable":true,"href":"https:\/\/pharmacima.com\/ar\/wp-json\/wp\/v2\/product_brand?post=18204"},{"taxonomy":"product_cat","embeddable":true,"href":"https:\/\/pharmacima.com\/ar\/wp-json\/wp\/v2\/product_cat?post=18204"},{"taxonomy":"product_tag","embeddable":true,"href":"https:\/\/pharmacima.com\/ar\/wp-json\/wp\/v2\/product_tag?post=18204"}],"curies":[{"name":"wp","href":"https:\/\/api.w.org\/{rel}","templated":true}]}}