{"id":19625,"date":"2022-06-06T21:00:01","date_gmt":"2022-06-06T20:00:01","guid":{"rendered":"https:\/\/pharmacima.dz\/?post_type=product&#038;p=19625"},"modified":"2026-04-09T18:09:52","modified_gmt":"2026-04-09T17:09:52","slug":"lipikar-apm-baume-75-ml-la-roche-posay","status":"publish","type":"product","link":"https:\/\/pharmacima.com\/ar\/product\/lipikar-apm-baume-75-ml-la-roche-posay\/","title":{"rendered":"Lipikar AP+M Baume Relipidant 75 ml La Roche posay"},"content":{"rendered":"<div id=\"description\">\n<h1 class=\"titre_zone_desc\"><strong>\u0648\u0635\u0641 :<\/strong><\/h1>\n<div class=\"content_zone_desc tabcontent\">\n<div id=\"type_info_prio_11_1\">\n<h2>La Roche-Posay Lipikar AP+ M Baume Relipidant 75 ml est un soin \u00e0 triple r\u00e9paration : anti-grattage, anti-rechute et apaisement imm\u00e9diat pour les peaux \u00e0 tendance autopique.<\/h2>\n<p>Indiqu\u00e9 pour toute la famille (b\u00e9b\u00e9s, enfants, adultes), il permet d&rsquo;espacer les crises de s\u00e9cheresse s\u00e9v\u00e8re pour une efficacit\u00e9 anti-rechute.<\/p>\n<p>La peau est confortable pour la journ\u00e9e, Ce baume est d&rsquo;absorption rapide pour faciliter l&rsquo;application.<\/p>\n<p>\u0635\u0646\u0639 \u0641\u064a \u0641\u0631\u0646\u0633\u0627.<\/p>\n<\/div>\n<h2 class=\"texte_restriction\"><\/h2>\n<\/div>\n<\/div>\n<div>\n<div class=\"bloc_depliable\">\n<div class=\"titre_zone_desc bloc_depliable_zone_click\">\n<h2><strong>\u0627\u0633\u062a\u062e\u062f\u0627\u0645 \u0627\u0644\u0645\u0634\u0648\u0631\u0629:<\/strong><\/h2>\n<div class=\"div_arrow_desc\"><\/div>\n<\/div>\n<div class=\"content_zone_desc bloc_depliable_cnt cnt_deplie tabcontent\">\n<div>\n<div id=\"type_info_prio_6_1\">\n<p>\u062a\u0646\u0637\u0628\u0642 \u0645\u0631\u0629 \u0648\u0627\u062d\u062f\u0629 \u0641\u064a \u0627\u0644\u064a\u0648\u0645.<\/p>\n<\/div>\n<div class=\"description_indication\">\n<p><span class=\"bold\">\u0625\u0634\u0627\u0631\u0629<\/span>\u00a0:\u00a0<span id=\"type_info_prio_6_2_1\">Soin relipidant et apaisant visage et corps, Peaux s\u00e8ches \u00e0 tr\u00e8s s\u00e8ches sujettes aux d\u00e9mangeaisons.<\/span><\/p>\n<\/div>\n<\/div>\n<\/div>\n<\/div>\n<div class=\"bloc_depliable\">\n<div class=\"titre_zone_desc bloc_depliable_zone_click\">\n<h2><strong>\u0627\u0644\u062a\u0631\u0643\u064a\u0628\u0629 :<\/strong><\/h2>\n<div class=\"div_arrow_desc\"><\/div>\n<\/div>\n<div class=\"content_zone_desc bloc_depliable_cnt tabcontent cnt_deplie\">\n<div class=\"longcompo\">\n<p>Aqua\/Water, Butyrospermum Parkii Butter\/Shea Butter, Glycerin, Dimethicone, Niacinamide, Cetearyl Alcohol, Brassica Campestris Seed Oil\/Rapeseed Seed Oil, Glyceryl Stearate, Ammonium Polyacryloyldimethyl Taurate, PEG-100 Stearate, Propanediol, Ophiopogon Japonicus Root Extract, PEG-20 Methyl Glucose Sesquistearate,lipikar, Sorbitan Tristearate, Dimethiconol, Sodium Chloride, Mannose, Coco-Betaine, Disodium EDTA, Caprylyl Glycol, lIPIKAR?Vitreoscilla Ferment, Citric Acid, Maltodextrin, Xanthan Gum, Tocopherol, Pentaertythrityl Tetra-Di-T-Butyl Hydroxyhydrocinnamate. (Code F.I.L. BN237057\/1).<\/p>\n<\/div>\n<\/div>\n<\/div>\n<\/div>","protected":false},"excerpt":{"rendered":"<p>\u0645\u0636\u0627\u062f \u0644\u0644\u062d\u0643\u0629 \u0648\u0645\u0636\u0627\u062f \u0644\u0644\u0627\u0646\u062a\u0643\u0627\u0633 \u0648\u064a\u0645\u0646\u062d\u0643 \u0631\u0627\u062d\u0629 \u0641\u0648\u0631\u064a\u0629.<\/p>\n<p>75 \u0645\u0644.<\/p>","protected":false},"featured_media":19644,"comment_status":"open","ping_status":"closed","template":"","meta":{"_acf_changed":false},"product_brand":[1406],"product_cat":[102,139,137],"product_tag":[1199,922],"class_list":{"0":"post-19625","1":"product","2":"type-product","3":"status-publish","4":"has-post-thumbnail","6":"product_brand-la-roche-posay","7":"product_cat-soin-et-bien-etre","8":"product_cat-corps_","9":"product_cat-visage","10":"product_tag-nourrissant-bebe","11":"product_tag-PeauxSechesAtresSeches","13":"first","14":"instock","15":"taxable","16":"shipping-taxable","17":"purchasable","18":"product-type-simple"},"acf":[],"_links":{"self":[{"href":"https:\/\/pharmacima.com\/ar\/wp-json\/wp\/v2\/product\/19625","targetHints":{"allow":["GET"]}}],"collection":[{"href":"https:\/\/pharmacima.com\/ar\/wp-json\/wp\/v2\/product"}],"about":[{"href":"https:\/\/pharmacima.com\/ar\/wp-json\/wp\/v2\/types\/product"}],"replies":[{"embeddable":true,"href":"https:\/\/pharmacima.com\/ar\/wp-json\/wp\/v2\/comments?post=19625"}],"wp:featuredmedia":[{"embeddable":true,"href":"https:\/\/pharmacima.com\/ar\/wp-json\/wp\/v2\/media\/19644"}],"wp:attachment":[{"href":"https:\/\/pharmacima.com\/ar\/wp-json\/wp\/v2\/media?parent=19625"}],"wp:term":[{"taxonomy":"product_brand","embeddable":true,"href":"https:\/\/pharmacima.com\/ar\/wp-json\/wp\/v2\/product_brand?post=19625"},{"taxonomy":"product_cat","embeddable":true,"href":"https:\/\/pharmacima.com\/ar\/wp-json\/wp\/v2\/product_cat?post=19625"},{"taxonomy":"product_tag","embeddable":true,"href":"https:\/\/pharmacima.com\/ar\/wp-json\/wp\/v2\/product_tag?post=19625"}],"curies":[{"name":"wp","href":"https:\/\/api.w.org\/{rel}","templated":true}]}}