{"id":22083,"date":"2022-09-07T14:13:59","date_gmt":"2022-09-07T13:13:59","guid":{"rendered":"https:\/\/pharmacima.dz\/?post_type=product&#038;p=22083"},"modified":"2026-03-30T16:01:11","modified_gmt":"2026-03-30T15:01:11","slug":"gel-moussant-anti-imperfections-236ml","status":"publish","type":"product","link":"https:\/\/pharmacima.com\/ar\/product\/gel-moussant-anti-imperfections-236ml\/","title":{"rendered":"\u062c\u0644 \u0631\u063a\u0648\u064a \u0645\u0636\u0627\u062f \u0644\u0644\u0639\u064a\u0648\u0628 \u0628\u062d\u0645\u0636 \u0627\u0644\u0633\u0627\u0644\u064a\u0633\u064a\u0644\u064a\u0643 236 \u0645\u0644"},"content":{"rendered":"<div id=\"tabs-1\" class=\"ui-tabs-panel ui-widget-content ui-corner-bottom\" role=\"tabpanel\" aria-labelledby=\"ui-id-2\" aria-hidden=\"false\">\n<div class=\"row\">\n<div class=\"col-md-12\">\n<div id=\"tabs-3\" class=\"ui-tabs-panel ui-widget-content ui-corner-bottom\" role=\"tabpanel\" aria-labelledby=\"ui-id-1\" aria-hidden=\"false\">\n<div class=\"row\">\n<div id=\"tabs-2\" class=\"ui-tabs-panel ui-widget-content ui-corner-bottom\" role=\"tabpanel\" aria-labelledby=\"ui-id-3\" aria-hidden=\"false\">\n<div class=\"row\">\n<div class=\"col-md-12\">\n<h1><strong>\u00a0\u0648\u0635\u0641 : <\/strong><\/h1>\n<h2><strong>\u062c\u0644 \u0633\u064a\u0631\u0627\u0641\u064a \u0627\u0644\u0631\u063a\u0648\u064a \u0627\u0644\u0645\u0636\u0627\u062f \u0644\u0644\u0639\u064a\u0648\u0628 \u0647\u0648 \u0645\u0646\u062a\u062c \u0644\u0644\u0639\u0646\u0627\u064a\u0629 \u0628\u0627\u0644\u0628\u0634\u0631\u0629 \u062a\u0645 \u062a\u0637\u0648\u064a\u0631\u0647 \u0628\u0627\u0644\u062a\u0639\u0627\u0648\u0646 \u0645\u0639 \u0623\u0637\u0628\u0627\u0621 \u0627\u0644\u062c\u0644\u062f\u064a\u0629\u060c \u0648\u0645\u0635\u0645\u0645 \u062e\u0635\u064a\u0635\u064b\u0627 \u0644\u0644\u0628\u0634\u0631\u0629 \u0627\u0644\u0645\u0639\u0631\u0636\u0629 \u0644\u062d\u0628 \u0627\u0644\u0634\u0628\u0627\u0628. \u0639\u0646\u062f \u0627\u0644\u0627\u0633\u062a\u062e\u062f\u0627\u0645 \u0627\u0644\u0623\u0648\u0644\u060c \u064a\u0646\u0638\u0641 \u0627\u0644\u0628\u0634\u0631\u0629 \u0628\u0644\u0637\u0641\u060c \u0648\u064a\u0632\u064a\u0644 \u0627\u0644\u0632\u064a\u0648\u062a \u0627\u0644\u0632\u0627\u0626\u062f\u0629\u060c \u0648\u064a\u0641\u062a\u062d \u0627\u0644\u0645\u0633\u0627\u0645\u060c \u0648\u064a\u0642\u0636\u064a \u0639\u0644\u0649 \u0627\u0644\u0634\u0648\u0627\u0626\u0628. \u062a\u0631\u0643\u064a\u0628\u062a\u0647 \u0627\u0644\u0644\u0637\u064a\u0641\u0629 \u062a\u0647\u062f\u0626 \u0627\u0644\u0627\u062d\u0645\u0631\u0627\u0631\u060c \u0648\u062a\u0631\u0637\u0628 \u0627\u0644\u0628\u0634\u0631\u0629\u060c \u0648\u062a\u0639\u064a\u062f \u0628\u0646\u0627\u0621 \u062d\u0627\u062c\u0632\u0647\u0627 \u0627\u0644\u0637\u0628\u064a\u0639\u064a. <\/strong><\/h2>\n<p>\u062a\u0631\u0643\u064a\u0628\u062a\u0647\u060c \u0627\u0644\u062a\u064a \u062a\u062a\u0645\u064a\u0632 \u0628\u062a\u0642\u0646\u064a\u0629 \u0627\u0644\u062a\u062d\u0643\u0645 \u0641\u064a \u0625\u0641\u0631\u0627\u0632 \u0627\u0644\u062f\u0647\u0648\u0646 \u0648\u0627\u0644\u0645\u064f\u0639\u0632\u0632\u0629 \u0628\u062d\u0645\u0636 \u0627\u0644\u0633\u0627\u0644\u064a\u0633\u064a\u0644\u064a\u0643 \u0648\u0627\u0644\u0637\u064a\u0646 \u0627\u0644\u0623\u0628\u064a\u0636\u060c \u062a\u0639\u0645\u0644 \u0639\u0644\u0649 \u062a\u0646\u0639\u064a\u0645 \u0627\u0644\u0628\u0634\u0631\u0629 \u062f\u0648\u0646 \u062a\u0647\u064a\u062c\u0647\u0627\u060c \u0643\u0645\u0627 \u0623\u0646\u0647\u0627 \u062a\u0642\u0634\u0631\u0647\u0627 \u0648\u062a\u0646\u0638\u0641\u0647\u0627 \u0628\u0639\u0645\u0642.<\/p>\n<p>\u062a\u0631\u0643\u064a\u0628\u0629 \u062e\u0627\u0644\u064a\u0629 \u0645\u0646 \u0627\u0644\u0639\u0637\u0648\u0631 \u0648\u0627\u0644\u0635\u0627\u0628\u0648\u0646\u060c \u0644\u0627 \u062a\u0633\u0628\u0628 \u0627\u0644\u062d\u0633\u0627\u0633\u064a\u0629\u060c \u0644\u0627 \u062a\u0633\u062f \u0627\u0644\u0645\u0633\u0627\u0645\u060c \u0648\u0645\u062a\u0648\u0627\u0632\u0646\u0629 \u0627\u0644\u062d\u0645\u0648\u0636\u0629. \u0645\u0636\u0627\u062f\u0629 \u0644\u0644\u0639\u064a\u0648\u0628.\n\n\u0642\u0648\u0627\u0645 \u062c\u0644 \u0631\u063a\u0648\u064a. \u0645\u0646\u0627\u0633\u0628 \u0644\u0644\u0648\u062c\u0647 \u0648\u0627\u0644\u062c\u0633\u0645.<br \/>\n\u0642\u0648\u0627\u0645 \u0647\u0644\u0627\u0645\u064a \u0631\u063a\u0648\u064a. \u0635\u064a\u063a\u0629 \u0627\u0644\u0648\u062c\u0647 \u0648\u0627\u0644\u062c\u0633\u0645.<\/p>\n<h2><strong>\u00a0\u0627\u0633\u062a\u062e\u062f\u0627\u0645 \u0627\u0644\u0645\u0634\u0648\u0631\u0629:<\/strong><\/h2>\n<p style=\"text-align: left;\">\u00a0\u064a\u064f\u0633\u062a\u062e\u062f\u0645 \u064a\u0648\u0645\u064a\u0627\u064b\u060c \u0635\u0628\u0627\u062d\u0627\u064b \u0648\u0645\u0633\u0627\u0621\u064b.<\/p>\n<p style=\"text-align: left;\">\u064a\u0648\u0636\u0639 \u0639\u0644\u0649 \u0628\u0634\u0631\u0629 \u0631\u0637\u0628\u0629\u060c \u062b\u0645 \u064a\u064f\u0634\u0637\u0641 \u0648\u064a\u064f\u062c\u0641\u0641 \u0628\u0644\u0637\u0641 \u062f\u0648\u0646 \u0641\u0631\u0643. \u064a\u064f\u0634\u0637\u0641 \u0628\u0633\u0647\u0648\u0644\u0629.\n\u062a\u0631\u0643\u064a\u0628\u0629 \u0645\u0646\u0627\u0633\u0628\u0629 \u0644\u0644\u0648\u062c\u0647 \u0648\u0627\u0644\u062c\u0633\u0645\u060c \u0645\u062b\u0627\u0644\u064a\u0629 \u0644\u0644\u0628\u0634\u0631\u0629 \u0627\u0644\u0645\u0639\u0631\u0636\u0629 \u0644\u062d\u0628 \u0627\u0644\u0634\u0628\u0627\u0628.<br \/>\nFormule Visage et Corps, id\u00e9ale pour les peaux \u00e0 tendance acn\u00e9ique.<\/p>\n<p style=\"text-align: left;\">\u0645\u0646\u0627\u0633\u0628 \u0644\u0644\u0628\u0634\u0631\u0629 \u0627\u0644\u062d\u0633\u0627\u0633\u0629.<\/p>\n<p style=\"text-align: left;\">\u062a\u062c\u0646\u0628 \u0645\u0644\u0627\u0645\u0633\u0629 \u0627\u0644\u0639\u064a\u0646\u064a\u0646. \u0641\u064a \u062d\u0627\u0644\u0629 \u0645\u0644\u0627\u0645\u0633\u0629 \u0627\u0644\u0639\u064a\u0646\u064a\u0646\u060c \u0627\u0634\u0637\u0641\u0647\u0645\u0627 \u062c\u064a\u062f\u0627\u064b \u0628\u0627\u0644\u0645\u0627\u0621.<\/p>\n<h2><strong>\u00a0\u0627\u0644\u062a\u0631\u0643\u064a\u0628\u0629 : <\/strong><\/h2>\n<p>\u0623\u0643\u0648\u0627 \/ \u0645\u0627\u0621 \u2022 \u0633\u0627\u0631\u0643\u0648\u0633\u064a\u0646\u0627\u062a \u0644\u0648\u0631\u064a\u0644 \u0627\u0644\u0635\u0648\u062f\u064a\u0648\u0645 \u2022 \u0643\u0648\u0643\u0627\u0645\u064a\u062f\u0648\u0628\u0631\u0648\u0628\u064a\u0644 \u0647\u064a\u062f\u0631\u0648\u0643\u0633\u064a \u0633\u0648\u0644\u062a\u064a\u0646 \u2022 \u062c\u0644\u064a\u0633\u0631\u064a\u0646 \u2022 \u0646\u064a\u0627\u0633\u064a\u0646\u0627\u0645\u064a\u062f \u2022 \u062d\u0645\u0636 \u0627\u0644\u0633\u0627\u0644\u064a\u0633\u064a\u0644\u064a\u0643 \u2022 \u062c\u0644\u0648\u0643\u0648\u0646\u0648\u0644\u0627\u0643\u062a\u0648\u0646 \u2022 \u0645\u064a\u062b\u064a\u0644 \u0627\u0644\u0635\u0648\u062f\u064a\u0648\u0645 \u0643\u0648\u0643\u0648\u064a\u0644 \u062a\u0648\u0631\u0627\u062a \u2022 \u0631\u0628\u0637 150 \u0628\u0646\u062a\u0627\u064a\u0631\u062b\u0631\u064a\u062a\u064a\u0644 \u0631\u0628\u0627\u0639\u064a \u0633\u062a\u064a\u0631\u0627\u062a \u2022 \u0633\u064a\u0631\u0627\u0645\u064a\u062f np \u2022 \u0633\u064a\u0631\u0627\u0645\u064a\u062f ap \u2022 \u0633\u064a\u0631\u0627\u0645\u064a\u062f eop \u2022 \u0643\u0631\u0628\u0648\u0645\u064a\u0631 \u2022 \u063a\u0644\u0648\u0643\u0648\u0646\u0627\u062a \u0627\u0644\u0643\u0627\u0644\u0633\u064a\u0648\u0645 \u2022 \u0633\u064a\u062a\u0631\u0627\u062a \u062b\u0644\u0627\u062b\u064a \u0625\u064a\u062b\u064a\u0644 \u2022 \u0628\u0646\u0632\u0648\u0627\u062a \u0627\u0644\u0635\u0648\u062f\u064a\u0648\u0645 \u2022 \u0647\u064a\u062f\u0631\u0648\u0643\u0633\u064a\u062f \u0627\u0644\u0635\u0648\u062f\u064a\u0648\u0645 \u2022 \u0644\u0627\u0643\u062a\u064a\u0644\u0627\u062a \u0644\u0648\u0631\u064a\u0644 \u0627\u0644\u0635\u0648\u062f\u064a\u0648\u0645 \u2022 \u0627\u0644\u0643\u0648\u0644\u0633\u062a\u0631\u0648\u0644 \u2022 \u0631\u0628\u0627\u0639\u064a \u0627\u0644\u0635\u0648\u062f\u064a\u0648\u0645 edta \u2022 \u0643\u0627\u0628\u0631\u064a\u0644\u064a\u0644 \u062c\u0644\u0627\u064a\u0643\u0648\u0644 \u2022 \u062d\u0645\u0636 \u0627\u0644\u0647\u064a\u0627\u0644\u0648\u0631\u0648\u0646\u064a\u0643 \u0627\u0644\u0645\u062a\u062d\u0644\u0644 \u2022 \u062b\u0644\u0627\u062b\u064a \u0625\u064a\u062b\u064a\u0644\u064a\u0646 \u062b\u0646\u0627\u0626\u064a \u0623\u0645\u064a\u0646 \u0627\u0644\u0635\u0648\u062f\u064a\u0648\u0645 \u2022 \u0635\u0645\u063a \u0627\u0644\u0632\u0627\u0646\u062b\u0627\u0646 \u2022 \u0627\u0644\u0647\u0643\u062a\u0648\u0631\u064a\u062a \u2022 \u0641\u064a\u062a\u0648\u0633\u0641\u064a\u0646\u062c\u0648\u0632\u064a\u0646 \u2022 \u062d\u0645\u0636 \u0627\u0644\u0628\u0646\u0632\u0648\u064a\u0643 (fil c274845\/2)<\/p>\n<\/div>\n<\/div>\n<\/div>\n<\/div>\n<\/div>\n<\/div>\n<\/div>\n<\/div>","protected":false},"excerpt":{"rendered":"<h3 class=\"product-description\"><span style=\"color: #33cccc;\"><strong>\u0644\u0644\u0628\u0634\u0631\u0629 \u0627\u0644\u0645\u062a\u0636\u0631\u0631\u0629 \u0648\u0627\u0644\u0645\u0639\u0631\u0636\u0629 \u0644\u062d\u0628 \u0627\u0644\u0634\u0628\u0627\u0628.<br \/>\n<\/strong><\/span><\/h3>\n<p>\u0627\u0644\u0633\u0639\u0629: 236 \u0645\u0644<\/p>","protected":false},"featured_media":22334,"comment_status":"open","ping_status":"closed","template":"","meta":{"_acf_changed":false},"product_brand":[1403],"product_cat":[102,139,137],"product_tag":[],"class_list":{"0":"post-22083","1":"product","2":"type-product","3":"status-publish","4":"has-post-thumbnail","6":"product_brand-cerave","7":"product_cat-soin-et-bien-etre","8":"product_cat-corps_","9":"product_cat-visage","11":"first","12":"outofstock","13":"taxable","14":"shipping-taxable","15":"purchasable","16":"product-type-simple"},"acf":[],"_links":{"self":[{"href":"https:\/\/pharmacima.com\/ar\/wp-json\/wp\/v2\/product\/22083","targetHints":{"allow":["GET"]}}],"collection":[{"href":"https:\/\/pharmacima.com\/ar\/wp-json\/wp\/v2\/product"}],"about":[{"href":"https:\/\/pharmacima.com\/ar\/wp-json\/wp\/v2\/types\/product"}],"replies":[{"embeddable":true,"href":"https:\/\/pharmacima.com\/ar\/wp-json\/wp\/v2\/comments?post=22083"}],"wp:featuredmedia":[{"embeddable":true,"href":"https:\/\/pharmacima.com\/ar\/wp-json\/wp\/v2\/media\/22334"}],"wp:attachment":[{"href":"https:\/\/pharmacima.com\/ar\/wp-json\/wp\/v2\/media?parent=22083"}],"wp:term":[{"taxonomy":"product_brand","embeddable":true,"href":"https:\/\/pharmacima.com\/ar\/wp-json\/wp\/v2\/product_brand?post=22083"},{"taxonomy":"product_cat","embeddable":true,"href":"https:\/\/pharmacima.com\/ar\/wp-json\/wp\/v2\/product_cat?post=22083"},{"taxonomy":"product_tag","embeddable":true,"href":"https:\/\/pharmacima.com\/ar\/wp-json\/wp\/v2\/product_tag?post=22083"}],"curies":[{"name":"wp","href":"https:\/\/api.w.org\/{rel}","templated":true}]}}