{"id":22969,"date":"2022-10-05T16:26:54","date_gmt":"2022-10-05T15:26:54","guid":{"rendered":"https:\/\/pharmacima.dz\/?post_type=product&#038;p=22969"},"modified":"2026-04-26T12:03:26","modified_gmt":"2026-04-26T11:03:26","slug":"spray-nasal-anti-ronflement-15ml-quies","status":"publish","type":"product","link":"https:\/\/pharmacima.com\/ar\/product\/spray-nasal-anti-ronflement-15ml-quies\/","title":{"rendered":"\u0628\u062e\u0627\u062e \u0623\u0646\u0641\u064a \u0645\u0636\u0627\u062f \u0644\u0644\u0634\u062e\u064a\u0631 15 \u0645\u0644"},"content":{"rendered":"<h1><strong>\u0648\u0635\u0641 :\u00a0<\/strong><\/h1>\n<h2><strong>\u064a\u0633\u0627\u0639\u062f \u0632\u064a\u062a \u0627\u0644\u0623\u0648\u0643\u0627\u0644\u0628\u062a\u0648\u0633 \u0627\u0644\u0639\u0637\u0631\u064a \u0648\u0632\u064a\u062a \u0627\u0644\u0635\u0646\u0648\u0628\u0631 \u0627\u0644\u0639\u0637\u0631\u064a \u0639\u0644\u0649 \u062a\u0646\u0638\u064a\u0641 \u0627\u0644\u0645\u0633\u0627\u0644\u0643 \u0627\u0644\u0647\u0648\u0627\u0626\u064a\u0629 \u0627\u0644\u0645\u0632\u062f\u062d\u0645\u0629.<\/strong><\/h2>\n<h2>\u064a\u062a\u0645 \u0627\u0633\u062a\u0643\u0645\u0627\u0644 \u0647\u0630\u0627 \u0627\u0644\u0625\u062c\u0631\u0627\u0621 \u0628\u0645\u0633\u062a\u062e\u0644\u0635\u0627\u062a \u0646\u0628\u0627\u062a\u064a\u0629 \u0645\u0646 \u0628\u0646\u062f\u0642 \u0627\u0644\u0633\u0627\u062d\u0631\u0629 \u0648\u0627\u0644\u0647\u0648\u0644\u064a \u0648\u0643\u0633\u062a\u0646\u0627\u0621 \u0627\u0644\u062d\u0635\u0627\u0646 \u0627\u0644\u0645\u0639\u0631\u0648\u0641\u0629 \u0628\u062e\u0635\u0627\u0626\u0635\u0647\u0627 \u0627\u0644\u0645\u0636\u0627\u062f\u0629 \u0644\u0644\u0627\u062d\u062a\u0642\u0627\u0646.<\/h2>\n<p>\u0648\u0623\u062e\u064a\u0631\u0627\u060c \u064a\u0642\u0648\u0645 \u0635\u0645\u063a \u0627\u0644\u0632\u0627\u0646\u062b\u0627\u0646 \u0628\u062a\u0644\u064a\u064a\u0646 \u062c\u062f\u0631\u0627\u0646 \u0627\u0644\u0623\u0646\u0641.<\/p>\n<p>Ce produit anti-ronflement procure une sensation de plus ample respiration et poss\u00e8de une action imm\u00e9diate, En favorisant la respiration nasale, le spray nasal anti-ronflement de Quies \u00e9vite la respiration buccale toujours plus bruyante.<\/p>\n<h2><strong>\u0628\u0627\u0633\u062a\u062e\u062f\u0627\u0645 \u0627\u0644\u0646\u0635\u0627\u0626\u062d:\u00a0<\/strong><\/h2>\n<p>\u0639\u0646\u062f \u0627\u0644\u0646\u0648\u0645 \u064a\u062a\u0645 \u062a\u0637\u0628\u064a\u0642\u0647 \u0639\u0644\u0649 \u0627\u0644\u0646\u062d\u0648 \u0627\u0644\u062a\u0627\u0644\u064a:<\/p>\n<p>\u0627\u0646\u0641\u062e \u0623\u0646\u0641\u0643 \u0644\u062a\u0646\u0638\u064a\u0641 \u0627\u0644\u0645\u0645\u0631\u0627\u062a \u0627\u0644\u0623\u0646\u0641\u064a\u0629<\/p>\n<p>\u0647\u0632 \u0631\u0630\u0627\u0630 \u0627\u0644\u0623\u0646\u0641 \u0628\u0642\u0648\u0629<\/p>\n<p>\u0631\u0634 \u0645\u0631\u062a\u064a\u0646 \u0641\u064a \u0643\u0644 \u0641\u062a\u062d\u0629 \u0623\u0646\u0641 \u0645\u0639 \u0625\u0628\u0642\u0627\u0621 \u0627\u0644\u0631\u0623\u0633 \u0641\u064a \u0648\u0636\u0639 \u0645\u0633\u062a\u0642\u064a\u0645<\/p>\n<p>\u0643\u0631\u0631 \u0628\u064a\u0646 \u0639\u0634\u064a\u0629 \u0648\u0636\u062d\u0627\u0647\u0627 \u0625\u0630\u0627 \u0644\u0632\u0645 \u0627\u0644\u0623\u0645\u0631<\/p>\n<p>Rincer l\u2019embout \u00e0 l\u2019eau apr\u00e8s usage<\/p>\n<p>R\u00e9serv\u00e9 \u00e0 l\u2019adulte<\/p>\n<h2><strong>\u0627\u0644\u062a\u0631\u0643\u064a\u0628\u0629 :<\/strong><\/h2>\n<div id=\"tab-m-composition\" class=\"woocommerce-Tabs-panel woocommerce-Tabs-panel--composition panel entry-content wc-tab\" role=\"tabpanel\" aria-labelledby=\"tab-m-title-composition\">\n<p>Gomme xanthane, Quies, Extraits v\u00e9g\u00e9taux, Huiles essentielles (pin, eucalyptus), Eau d\u00e9min\u00e9ralis\u00e9e, Hydratant, Stabilisant, Conservateur.<\/p>\n<\/div>","protected":false},"excerpt":{"rendered":"<h3><em><strong>\u0627\u0644\u0633\u0639\u0629: 15 \u0645\u0644\u00a0<\/strong><\/em><\/h3>","protected":false},"featured_media":22970,"comment_status":"open","ping_status":"closed","template":"","meta":{"_acf_changed":false},"product_brand":[1422],"product_cat":[102],"product_tag":[841,1162,1161,785,918],"class_list":{"0":"post-22969","1":"product","2":"type-product","3":"status-publish","4":"has-post-thumbnail","6":"product_brand-quies","7":"product_cat-soin-et-bien-etre","8":"product_tag-Extraitdeplantes","9":"product_tag-Huiledepin","10":"product_tag-HuileEucalyptus","11":"product_tag-Hydratant","12":"product_tag-Spray","14":"first","15":"instock","16":"taxable","17":"shipping-taxable","18":"purchasable","19":"product-type-simple"},"acf":[],"_links":{"self":[{"href":"https:\/\/pharmacima.com\/ar\/wp-json\/wp\/v2\/product\/22969","targetHints":{"allow":["GET"]}}],"collection":[{"href":"https:\/\/pharmacima.com\/ar\/wp-json\/wp\/v2\/product"}],"about":[{"href":"https:\/\/pharmacima.com\/ar\/wp-json\/wp\/v2\/types\/product"}],"replies":[{"embeddable":true,"href":"https:\/\/pharmacima.com\/ar\/wp-json\/wp\/v2\/comments?post=22969"}],"wp:featuredmedia":[{"embeddable":true,"href":"https:\/\/pharmacima.com\/ar\/wp-json\/wp\/v2\/media\/22970"}],"wp:attachment":[{"href":"https:\/\/pharmacima.com\/ar\/wp-json\/wp\/v2\/media?parent=22969"}],"wp:term":[{"taxonomy":"product_brand","embeddable":true,"href":"https:\/\/pharmacima.com\/ar\/wp-json\/wp\/v2\/product_brand?post=22969"},{"taxonomy":"product_cat","embeddable":true,"href":"https:\/\/pharmacima.com\/ar\/wp-json\/wp\/v2\/product_cat?post=22969"},{"taxonomy":"product_tag","embeddable":true,"href":"https:\/\/pharmacima.com\/ar\/wp-json\/wp\/v2\/product_tag?post=22969"}],"curies":[{"name":"wp","href":"https:\/\/api.w.org\/{rel}","templated":true}]}}