{"id":23661,"date":"2022-10-30T16:51:16","date_gmt":"2022-10-30T15:51:16","guid":{"rendered":"https:\/\/pharmacima.dz\/?post_type=product&#038;p=23661"},"modified":"2026-05-06T18:03:42","modified_gmt":"2026-05-06T17:03:42","slug":"creme-secheresses-cutanees-250g-dexeryl","status":"publish","type":"product","link":"https:\/\/pharmacima.com\/ar\/product\/creme-secheresses-cutanees-250g-dexeryl\/","title":{"rendered":"Cr\u00e8me S\u00e9cheresses Cutan\u00e9es 250g Dexeryl"},"content":{"rendered":"<h2><strong>\u0648\u0635\u0641 :\u00a0<\/strong><\/h2>\n<div>\n<p>\u0643\u0631\u064a\u0645 \u062f\u064a\u0643\u0633\u064a\u0631\u064a\u0644 \u0644\u0644\u0628\u0634\u0631\u0629 \u0627\u0644\u062c\u0627\u0641\u0629 250 \u062c\u0631\u0627\u0645 \u0647\u0648 \u062c\u0647\u0627\u0632 \u0637\u0628\u064a \u064a\u0633\u062a\u062e\u062f\u0645 \u0644\u0639\u0644\u0627\u062c \u0627\u0644\u062c\u0644\u062f \u0627\u0644\u062c\u0627\u0641 \u0627\u0644\u0630\u064a \u064a\u0635\u0627\u062d\u0628 \u0628\u0639\u0636 \u0627\u0644\u0623\u0645\u0631\u0627\u0636 \u0627\u0644\u062c\u0644\u062f\u064a\u0629 \u0645\u062b\u0644 \u0627\u0644\u062a\u0647\u0627\u0628 \u0627\u0644\u062c\u0644\u062f \u0627\u0644\u062a\u0623\u062a\u0628\u064a.<\/p>\n<div>\u062a\u0631\u0643\u064a\u0628\u062a\u0647 \u0627\u0644\u0641\u0631\u064a\u062f\u0629 \u062a\u0639\u0627\u0644\u062c \u0623\u0639\u0631\u0627\u0636 \u062c\u0641\u0627\u0641 \u0627\u0644\u062c\u0644\u062f \u0648\u062a\u062e\u0644\u0642 \u0637\u0628\u0642\u0629 \u0648\u0627\u0642\u064a\u0629 \u062a\u0645\u0646\u0639 \u0627\u0644\u062c\u0641\u0627\u0641 \u0648\u062a\u0633\u0627\u0639\u062f \u0639\u0644\u0649 \u062d\u0645\u0627\u064a\u0629 \u0627\u0644\u0628\u0634\u0631\u0629 \u0645\u0646 \u0627\u0644\u0627\u0639\u062a\u062f\u0627\u0621\u0627\u062a \u0627\u0644\u062e\u0627\u0631\u062c\u064a\u0629.<\/div>\n<div><\/div>\n<div>\u062e\u0627\u0644\u064d \u0645\u0646 \u0627\u0644\u0639\u0637\u0648\u0631\u060c \u0641\u0647\u0648 \u064a\u0633\u0627\u0639\u062f \u0639\u0644\u0649 \u0627\u0644\u062d\u062f \u0645\u0646 \u0627\u0644\u062a\u0647\u064a\u062c \u0648\u0645\u0646\u0639\u0647.<\/div>\n<h3><strong>\u062f\u0648\u0627\u0639\u064a \u0627\u0644\u0625\u0633\u062a\u0639\u0645\u0627\u0644:<\/strong><\/h3>\n<p>\u0627\u0644\u062c\u0644\u062f \u0627\u0644\u062c\u0627\u0641 \u0645\u0639 \u0627\u0644\u0645\u064a\u0644 \u0627\u0644\u062a\u0623\u062a\u0628\u064a.<\/p>\n<p>\u0645\u0646\u0627\u0633\u0628 \u0644\u062c\u0645\u064a\u0639 \u0623\u0641\u0631\u0627\u062f \u0627\u0644\u0623\u0633\u0631\u0629 \u0648\u0627\u0644\u0623\u0637\u0641\u0627\u0644 \u0645\u0646 \u0639\u0645\u0631 \u0634\u0647\u0631 \u0648\u0627\u062d\u062f.<\/p>\n<h2><strong>\u0646\u0635\u0627\u0626\u062d \u0627\u0644\u0627\u0633\u062a\u0639\u0645\u0627\u0644 :<\/strong><\/h2>\n<ul>\n<li>\u0636\u0639\u064a \u0627\u0644\u0643\u0631\u064a\u0645 \u0628\u0639\u062f \u0627\u0644\u0627\u0633\u062a\u062d\u0645\u0627\u0645\u060c \u062d\u064a\u062b \u062a\u0643\u0648\u0646 \u0627\u0644\u062d\u0627\u062c\u0629 \u0625\u0644\u0649 \u0627\u0644\u062a\u0631\u0637\u064a\u0628 \u0623\u0643\u0628\u0631\u060c \u0639\u0644\u0649 \u0628\u0634\u0631\u0629 \u0646\u0638\u064a\u0641\u0629 \u0648\u062c\u0627\u0641\u0629.<\/li>\n<li>\u0636\u0639\u064a \u0643\u0631\u064a\u0645 \u062f\u064a\u0643\u0633\u064a\u0631\u064a\u0644 \u0641\u064a \u0637\u0628\u0642\u0629 \u0631\u0642\u064a\u0642\u0629 \u0639\u0644\u0649 \u0627\u0644\u0645\u0646\u0627\u0637\u0642 \u0627\u0644\u0645\u0631\u0627\u062f \u0639\u0644\u0627\u062c\u0647\u0627 \u0645\u0631\u0629 \u0623\u0648 \u0645\u0631\u062a\u064a\u0646 \u0641\u064a \u0627\u0644\u064a\u0648\u0645\u060c \u0623\u0648 \u0623\u0643\u062b\u0631 \u0625\u0630\u0627 \u0644\u0632\u0645 \u0627\u0644\u0623\u0645\u0631 (\u062d\u062a\u0649 6 \u0645\u0631\u0627\u062a \u0641\u064a \u0627\u0644\u064a\u0648\u0645)\u060c \u0628\u0627\u0633\u062a\u062e\u062f\u0627\u0645 \u062d\u0631\u0643\u0627\u062a \u062f\u0627\u0626\u0631\u064a\u0629 \u0648\u0627\u0633\u0639\u0629.<\/li>\n<li>\u0628\u0627\u0644\u0646\u0633\u0628\u0629 \u0644\u0644\u0623\u0637\u0641\u0627\u0644\u060c \u064a\u062c\u0628 \u0623\u0646 \u064a\u0643\u0648\u0646 \u062a\u0637\u0628\u064a\u0642 \u0627\u0644\u0645\u0631\u0637\u0628 \u0628\u0645\u062b\u0627\u0628\u0629 \u0644\u062d\u0638\u0629 \u0645\u0646 \u0627\u0644\u0645\u062a\u0639\u0629 \u0648\u0644\u064a\u0633 \u0628\u0645\u062b\u0627\u0628\u0629 \u0627\u0644\u062a\u0632\u0627\u0645! \u0644\u0627 \u062a\u062a\u0631\u062f\u062f\u064a \u0641\u064a \u0645\u0633\u0627\u0639\u062f\u062a\u0647\u0645 \u0648\u0625\u0634\u0631\u0627\u0643\u0647\u0645 \u0641\u064a \u062a\u0637\u0628\u064a\u0642 \u0627\u0644\u0643\u0631\u064a\u0645.<\/li>\n<\/ul>\n<h2><strong>\u0627\u0644\u062a\u0631\u0643\u064a\u0628\u0629 :<\/strong><\/h2>\n<p>\u0627\u0644\u062c\u0644\u0633\u0631\u064a\u0646\u060c \u0627\u0644\u0641\u0627\u0632\u0644\u064a\u0646\u060c \u0627\u0644\u0628\u0627\u0631\u0627\u0641\u064a\u0646 \u0627\u0644\u0633\u0627\u0626\u0644\u060c \u0623\u062d\u0627\u062f\u064a \u0633\u062a\u064a\u0627\u0631\u0627\u062a \u0627\u0644\u062c\u0644\u0633\u0631\u064a\u0646\u060c \u062d\u0627\u0645\u0636 \u062f\u0647\u0646\u064a\u060c \u062b\u0646\u0627\u0626\u064a \u0627\u0644\u0645\u064a\u062b\u064a\u0643\u0648\u0646\u060c \u0645\u0627\u0643\u0631\u0648\u063a\u0648\u0644 600\u060c \u062a\u0631\u0648\u0644\u0627\u0645\u064a\u0646\u060c \u0623\u0643\u0631\u064a\u0644\u0627\u0645\u064a\u062f \/ \u0623\u0643\u0631\u064a\u0644\u0648\u064a\u0644 \u062b\u0646\u0627\u0626\u064a \u0645\u064a\u062b\u064a\u0644 \u062a\u0648\u0631\u0627\u062a \u0643\u0648\u0628\u0648\u0644\u064a\u0645\u0631\u060c \u0625\u064a\u0632\u0648\u0647\u064a\u0643\u0633\u0627\u062f\u064a\u0643\u0627\u0646\u060c \u0628\u0648\u0644\u064a\u0633\u0648\u0631\u0628\u0627\u062a\u060c \u0628\u0646\u062a\u064a\u0644\u064a\u0646 \u062c\u0644\u064a\u0643\u0648\u0644\u060c \u0625\u064a\u062b\u064a\u0644 \u0647\u0643\u0633\u064a\u0644-\u062c\u0644\u064a\u0633\u0631\u064a\u0646\u060c \u0643\u0631\u0628\u0648\u0645\u064a\u0631\u060c \u0645\u0627\u0621 \u0646\u0642\u064a.<\/p>\n<\/div>\n<div><\/div>","protected":false},"excerpt":{"rendered":"<p>DESCRIPTION\u00a0 :\u00a0 La Dexeryl Cr\u00e8me S\u00e9cheresses Cutan\u00e9es 250g\u00a0\u00a0est un dispositif m\u00e9dical indiqu\u00e9 dans le traitement de la s\u00e9cheresse cutan\u00e9e qui accompagne certaines dermatoses telle que la dermatite atopique. Sa formule unique traite les sympt\u00f4mes de la peau s\u00e8che et cr\u00e9e un film protecteur qui \u00e9vite la d\u00e9shydratation et aide \u00e0 prot\u00e9ger la peau des agressions [&hellip;]<\/p>\n","protected":false},"featured_media":147843,"comment_status":"open","ping_status":"closed","template":"","meta":{"_acf_changed":false},"product_brand":[1421],"product_cat":[102,139,137],"product_tag":[921],"class_list":{"0":"post-23661","1":"product","2":"type-product","3":"status-publish","4":"has-post-thumbnail","6":"product_brand-dexeryl","7":"product_cat-soin-et-bien-etre","8":"product_cat-corps_","9":"product_cat-visage","10":"product_tag-Peauxseches","12":"first","13":"instock","14":"taxable","15":"shipping-taxable","16":"purchasable","17":"product-type-simple"},"acf":[],"_links":{"self":[{"href":"https:\/\/pharmacima.com\/ar\/wp-json\/wp\/v2\/product\/23661","targetHints":{"allow":["GET"]}}],"collection":[{"href":"https:\/\/pharmacima.com\/ar\/wp-json\/wp\/v2\/product"}],"about":[{"href":"https:\/\/pharmacima.com\/ar\/wp-json\/wp\/v2\/types\/product"}],"replies":[{"embeddable":true,"href":"https:\/\/pharmacima.com\/ar\/wp-json\/wp\/v2\/comments?post=23661"}],"wp:featuredmedia":[{"embeddable":true,"href":"https:\/\/pharmacima.com\/ar\/wp-json\/wp\/v2\/media\/147843"}],"wp:attachment":[{"href":"https:\/\/pharmacima.com\/ar\/wp-json\/wp\/v2\/media?parent=23661"}],"wp:term":[{"taxonomy":"product_brand","embeddable":true,"href":"https:\/\/pharmacima.com\/ar\/wp-json\/wp\/v2\/product_brand?post=23661"},{"taxonomy":"product_cat","embeddable":true,"href":"https:\/\/pharmacima.com\/ar\/wp-json\/wp\/v2\/product_cat?post=23661"},{"taxonomy":"product_tag","embeddable":true,"href":"https:\/\/pharmacima.com\/ar\/wp-json\/wp\/v2\/product_tag?post=23661"}],"curies":[{"name":"wp","href":"https:\/\/api.w.org\/{rel}","templated":true}]}}