{"id":23665,"date":"2022-10-30T17:32:06","date_gmt":"2022-10-30T16:32:06","guid":{"rendered":"https:\/\/pharmacima.dz\/?post_type=product&#038;p=23665"},"modified":"2024-02-02T17:50:59","modified_gmt":"2024-02-02T16:50:59","slug":"cicaplast-b5-lavant-200ml-la-roche-posay","status":"publish","type":"product","link":"https:\/\/pharmacima.com\/ar\/product\/cicaplast-b5-lavant-200ml-la-roche-posay\/","title":{"rendered":"\u0633\u064a\u0643\u0627\u0628\u0644\u0627\u0633\u062a \u06285 \u0645\u0646\u0638\u0641 200 \u0645\u0644 \u0644\u0627\u0631\u0648\u0634 \u0628\u0648\u0632\u0627\u064a"},"content":{"rendered":"<h2><strong>DESCRIPTION :\u00a0<\/strong><\/h2>\n<div id=\"action\" class=\"ctn_desc\">\n<p>Formule moussante ultra-douce qui apaise et nettoie sans dess\u00e9cher les zones cutan\u00e9es irrit\u00e9es ou fragilis\u00e9es par un \u00e9tat de s\u00e9cheresse chez l&rsquo;adulte, l&rsquo;enfant, et le nourrisson.<\/p>\n<\/div>\n<div class=\"ctn_format\">\n<p>Zones cutan\u00e9es irrit\u00e9es ou fragilis\u00e9es par un \u00e9tat de s\u00e9cheresse.<br \/>Pour contribuer \u00e0 une r\u00e9paration cutan\u00e9e de qualit\u00e9, CICAPLAST LAVANT B5 contient:<br \/>\u2022 Des agents antibact\u00e9riens\u00a0<strong>[Cuivre &#8211; Zinc &#8211; Mangan\u00e8se]<\/strong>\u00a0qui assainissent la peau sans alt\u00e9rer son \u00e9quilibre naturel.<br \/>\u2022 Du\u00a0<strong>[Panth\u00e9nol]<\/strong>\u00a0concentr\u00e9 \u00e0 5%, actif connu pour ses propri\u00e9t\u00e9s r\u00e9paratrices et apaisantes.<\/p>\n<p>pH physiologique. Ne pique pas les yeux. Sans parfum.<\/p>\n<\/div>\n<div>\n<h3><strong>EFFICACIT\u00c9<\/strong><\/h3>\n<\/div>\n<div>\n<p>Tol\u00e9rance optimale d\u00e9montr\u00e9e par des tests sur peaux sensibles sous contr\u00f4le dermatologique, p\u00e9diatrique, gyn\u00e9cologique et ophtalmologique.<\/p>\n<p>D\u00e8s la 1\u00e8re application:<\/p>\n<ul>\n<li>94<strong>%\u00a0<\/strong>d&rsquo;entre eux ont trouv\u00e9 sa texture tr\u00e8s douce.<\/li>\n<\/ul>\n<ul>\n<li>96<strong>%\u00a0<\/strong>ont \u00e9prouv\u00e9 une sensation d&rsquo;apaisement cutan\u00e9.<\/li>\n<\/ul>\n<ul>\n<li>92<strong>%\u00a0<\/strong>des parents ont observ\u00e9 une sensation d&rsquo;apaisement sur la peau de leur enfant.<\/li>\n<\/ul>\n<h2><strong>Conseil d&rsquo;utilisation :\u00a0<\/strong><\/h2>\n<p>1 \u00e0 2 fois par jour, faire mousser CICAPLAST LAVANT B5 au creux de la main avec de l&rsquo;eau et appliquer en douceur sur la zone fragilis\u00e9e ou irrit\u00e9e pour la nettoyer. Rincer abondamment et s\u00e9cher sans frotter.<\/p>\n<h2><strong>Composition :\u00a0<\/strong><\/h2>\n<div id=\"content-composition\" class=\"accordionProductDescription active\" data-qa-ta=\"contentComposition\">\n<div class=\"content\">\n<p>AQUA \/ WATER, SODIUM LAURETH SULFATE, PANTHENOL, PEG-200 HYDROGENATED GLYCERYL PALMATE, GLYCERIN, COCO-BETAINE, SODIUM CHLORIDE, POLYSORBATE 20, PEG-7 GLYCERYL COCOATE, CITRIC ACID, COCAMIDE MEA, COPPER GLUCONATE, MANGANESE GLUCONATE, PEG-55 PROPYLENE GLYCOL OLEATE, PEG-60 HYDROGENATED CASTOR OIL, POLYQUATERNIUM-11, PPG-5-CETETH-20, PROPYLENE GLYCOL, PRUNUS AMYGDALUS DULCIS OIL \/ SWEET ALMOND OIL, SODIUM BENZOATE, SODIUM HYDROXIDE, ZINC GLUCONATE.<\/p>\n<\/div>\n<\/div>\n<div id=\"content-professional-advice\" class=\"accordionProductDescription active\"><\/div>\n<\/div>\n","protected":false},"excerpt":{"rendered":"<ul class=\"usp-list\">\n<li class=\"usp-list__item\">\n<div class=\"usp-list__img\"><img decoding=\"async\" src=\"https:\/\/www.laroche-posay.me\/-\/media\/project\/loreal\/brand-sites\/lrp\/apac\/mena\/usp-images\/bottle.svg?cx=0&amp;cy=0&amp;cw=0&amp;ch=0&amp;hash=9F3275282CC6B58812CF8D42703134E43A3BC51B\" alt=\"bottle\" aria-hidden=\"true\" data-mce-src=\"https:\/\/www.laroche-posay.me\/-\/media\/project\/loreal\/brand-sites\/lrp\/apac\/mena\/usp-images\/bottle.svg?cx=0&amp;cy=0&amp;cw=0&amp;ch=0&amp;hash=9F3275282CC6B58812CF8D42703134E43A3BC51B\"><\/div>\n<div class=\"usp-list__text\">\u0645\u0636\u062e\u0629<\/div>\n<\/li>\n<li class=\"usp-list__item\">\n<div class=\"usp-list__img\"><img decoding=\"async\" src=\"https:\/\/www.laroche-posay.me\/-\/media\/project\/loreal\/brand-sites\/lrp\/shared\/baseline\/usp-images\/profile.svg?cx=0&amp;cy=0&amp;cw=0&amp;ch=0&amp;hash=25FED95A77C52EA36C33E333DE3762E3A01D74EB\" alt=\"\" aria-hidden=\"true\" data-mce-src=\"https:\/\/www.laroche-posay.me\/-\/media\/project\/loreal\/brand-sites\/lrp\/shared\/baseline\/usp-images\/profile.svg?cx=0&amp;cy=0&amp;cw=0&amp;ch=0&amp;hash=25FED95A77C52EA36C33E333DE3762E3A01D74EB\"><\/div>\n<div class=\"usp-list__text\">\u0627\u0644\u0631\u0636\u0639<br \/>\u0623\u0637\u0641\u0627\u0644<br \/>\u0627\u0644\u0643\u0628\u0627\u0631<\/div>\n<\/li>\n<li class=\"usp-list__item\">\n<div class=\"usp-list__img\"><img decoding=\"async\" src=\"https:\/\/www.laroche-posay.me\/-\/media\/project\/loreal\/brand-sites\/lrp\/shared\/baseline\/usp-images\/shoothing.svg?cx=0&amp;cy=0&amp;cw=0&amp;ch=0&amp;hash=84FDB7596D8C01B9B3D7CD6ACB967177637216F2\" alt=\"\" aria-hidden=\"true\" data-mce-src=\"https:\/\/www.laroche-posay.me\/-\/media\/project\/loreal\/brand-sites\/lrp\/shared\/baseline\/usp-images\/shoothing.svg?cx=0&amp;cy=0&amp;cw=0&amp;ch=0&amp;hash=84FDB7596D8C01B9B3D7CD6ACB967177637216F2\"><\/div>\n<div class=\"usp-list__text\">\u062a\u0646\u0642\u064a\u0629<br \/>\u0645\u0647\u062f\u0626<br \/>\u0645\u0631\u064a\u062d<\/div>\n<\/li>\n<li class=\"usp-list__item\">\n<div class=\"usp-list__img\"><img decoding=\"async\" src=\"https:\/\/www.laroche-posay.me\/-\/media\/project\/loreal\/brand-sites\/lrp\/shared\/baseline\/usp-images\/application.svg?cx=0&amp;cy=0&amp;cw=0&amp;ch=0&amp;hash=B1AB2294E30B0FB9AB7393F324E7C92EB4B8DC8B\" alt=\"\" aria-hidden=\"true\" data-mce-src=\"https:\/\/www.laroche-posay.me\/-\/media\/project\/loreal\/brand-sites\/lrp\/shared\/baseline\/usp-images\/application.svg?cx=0&amp;cy=0&amp;cw=0&amp;ch=0&amp;hash=B1AB2294E30B0FB9AB7393F324E7C92EB4B8DC8B\"><\/div>\n<div class=\"usp-list__text\">\u0648\u062c\u0647<br \/>\u0627\u0644\u062c\u0633\u0645<br \/>\u0641\u0631\u0648\u0629 \u0627\u0644\u0631\u0623\u0633<br \/>\u0627\u0644\u0645\u0646\u0627\u0637\u0642 \u0627\u0644\u062d\u0645\u064a\u0645\u0629<\/div>\n<\/li>\n<\/ul>","protected":false},"featured_media":23666,"comment_status":"open","ping_status":"closed","template":"","meta":{"_acf_changed":false},"product_brand":[],"product_cat":[102,139,137],"product_tag":[816,741,967,817,792,793,920,800,803,866,804,1033],"class_list":{"0":"post-23665","1":"product","2":"type-product","3":"status-publish","4":"has-post-thumbnail","6":"product_cat-soin-et-bien-etre","7":"product_cat-corps_","8":"product_cat-visage","9":"product_tag-Adultes","10":"product_tag-Antidessechement","11":"product_tag-CuirChevelure","12":"product_tag-Enfants","13":"product_tag-Nettoyant","14":"product_tag-Nourrissant","15":"product_tag-Peauxsensibles","16":"product_tag-Purifiant","17":"product_tag-Reparateur","18":"product_tag-Sansparfum","19":"product_tag-SoinApaisant","20":"product_tag-ZoneIntime","22":"first","23":"outofstock","24":"taxable","25":"shipping-taxable","26":"purchasable","27":"product-type-simple"},"acf":[],"_links":{"self":[{"href":"https:\/\/pharmacima.com\/ar\/wp-json\/wp\/v2\/product\/23665","targetHints":{"allow":["GET"]}}],"collection":[{"href":"https:\/\/pharmacima.com\/ar\/wp-json\/wp\/v2\/product"}],"about":[{"href":"https:\/\/pharmacima.com\/ar\/wp-json\/wp\/v2\/types\/product"}],"replies":[{"embeddable":true,"href":"https:\/\/pharmacima.com\/ar\/wp-json\/wp\/v2\/comments?post=23665"}],"wp:featuredmedia":[{"embeddable":true,"href":"https:\/\/pharmacima.com\/ar\/wp-json\/wp\/v2\/media\/23666"}],"wp:attachment":[{"href":"https:\/\/pharmacima.com\/ar\/wp-json\/wp\/v2\/media?parent=23665"}],"wp:term":[{"taxonomy":"product_brand","embeddable":true,"href":"https:\/\/pharmacima.com\/ar\/wp-json\/wp\/v2\/product_brand?post=23665"},{"taxonomy":"product_cat","embeddable":true,"href":"https:\/\/pharmacima.com\/ar\/wp-json\/wp\/v2\/product_cat?post=23665"},{"taxonomy":"product_tag","embeddable":true,"href":"https:\/\/pharmacima.com\/ar\/wp-json\/wp\/v2\/product_tag?post=23665"}],"curies":[{"name":"wp","href":"https:\/\/api.w.org\/{rel}","templated":true}]}}