{"id":23685,"date":"2022-10-31T13:02:30","date_gmt":"2022-10-31T12:02:30","guid":{"rendered":"https:\/\/pharmacima.dz\/?post_type=product&#038;p=23685"},"modified":"2026-04-04T21:50:02","modified_gmt":"2026-04-04T20:50:02","slug":"quies-cire-naturelle-anti-bruit","status":"publish","type":"product","link":"https:\/\/pharmacima.com\/ar\/product\/quies-cire-naturelle-anti-bruit\/","title":{"rendered":"\u0634\u0645\u0639 \u0637\u0628\u064a\u0639\u064a \u0645\u0636\u0627\u062f \u0644\u0644\u0636\u0648\u0636\u0627\u0621 \u0645\u0646 \u0643\u0648\u064a\u0632\u060c 24 \u0648\u062d\u062f\u0629"},"content":{"rendered":"<h1><strong>\u0648\u0635\u0641 :\u00a0<\/strong><\/h1>\n<h2>Pour passer des nuits tranquilles \u00e0 l&rsquo;aide d&rsquo;une solution naturelle, d\u00e9couvrez les bouchons d&rsquo;oreille en cire, des protections auditives mall\u00e9ables et convenant \u00e0 une utilisation longue dur\u00e9e.<\/h2>\n<p>Les\u00a0protections auditives en cire naturelle\u00a0vous prot\u00e8gent efficacement du bruit : elles permettent de r\u00e9duire l&rsquo;intensit\u00e9 des nuisances sonores\u00a0jusqu&rsquo;\u00e0 27 d\u00e9cibels\u00a0(en moyenne).<\/p>\n<p>Pratiques, les bouchons d&rsquo;oreille en cire Quies s&rsquo;adaptent parfaitement \u00e0 l&rsquo;anatomie de vos oreilles : il vous suffit de les r\u00e9chauffer entre vos mains avant de les introduire dans vos oreilles.<\/p>\n<p>Autre avantage des bouchons d&rsquo;oreille en cire Quies : ils prennent naturellement la\u00a0m\u00eame temp\u00e9rature que votre corps, et se font ainsi facilement oublier.<\/p>\n<h2><strong>\u0628\u0627\u0633\u062a\u062e\u062f\u0627\u0645 \u0627\u0644\u0646\u0635\u0627\u0626\u062d:\u00a0\u00a0<\/strong><\/h2>\n<p>Enlevez le coton et faites ramollir la boule Quies entre vos mains parfaitement propres, Adaptez-la \u00e0 la taille et \u00e0 la forme du conduit auditif, puis introduisez-la enti\u00e8rement dans l&rsquo;oreille et enfoncez l\u00e9g\u00e8rement.<\/p>\n<p>\u0627\u0633\u062d\u0628 \u0634\u062d\u0645\u0629 \u0627\u0644\u0623\u0630\u0646 \u0625\u0644\u0649 \u0627\u0644\u062e\u0644\u0641 \u0644\u062f\u0641\u0639 \u0627\u0644\u0647\u0648\u0627\u0621 \u062e\u0627\u0631\u062c \u0642\u0646\u0627\u0629 \u0627\u0644\u0623\u0630\u0646<\/p>\n<h2><strong>\u0627\u0644\u062a\u0631\u0643\u064a\u0628\u0629 :<\/strong><\/h2>\n<div id=\"container-tabs\" class=\"mt-2\">\n<div class=\"tab-content\">\n<div class=\"wrapper wysiwyg\">\n<div id=\"composition\" class=\"tab-pane active\" tabindex=\"0\">\n<div class=\"composition\">\n<p>\u0634\u0645\u0639 \u0639\u0644\u0649 \u0642\u0627\u0639\u062f\u0629 \u0642\u0637\u0646\u064a\u0629 100% \u0628\u062f\u0648\u0646 \u0643\u0644\u0648\u0631.<\/p>\n<\/div>\n<\/div>\n<\/div>\n<\/div>\n<\/div>\n<div id=\"avis\" class=\"wrapper\">\n<h2 class=\"blue\"><\/h2>\n<\/div>","protected":false},"excerpt":{"rendered":"<h3><span style=\"color: #ff6600;\"><strong>\u0634\u0645\u0639 \u0639\u0644\u0649 \u0642\u0627\u0639\u062f\u0629 \u0642\u0637\u0646\u064a\u0629 100% \u0628\u062f\u0648\u0646 \u0643\u0644\u0648\u0631.<\/strong><\/span><\/h3>\n<p><strong>24 \u0648\u062d\u062f\u0629\u00a0<\/strong><\/p>","protected":false},"featured_media":23688,"comment_status":"open","ping_status":"closed","template":"","meta":{"_acf_changed":false},"product_brand":[1422],"product_cat":[102],"product_tag":[],"class_list":{"0":"post-23685","1":"product","2":"type-product","3":"status-publish","4":"has-post-thumbnail","6":"product_brand-quies","7":"product_cat-soin-et-bien-etre","9":"first","10":"outofstock","11":"taxable","12":"shipping-taxable","13":"purchasable","14":"product-type-simple"},"acf":[],"_links":{"self":[{"href":"https:\/\/pharmacima.com\/ar\/wp-json\/wp\/v2\/product\/23685","targetHints":{"allow":["GET"]}}],"collection":[{"href":"https:\/\/pharmacima.com\/ar\/wp-json\/wp\/v2\/product"}],"about":[{"href":"https:\/\/pharmacima.com\/ar\/wp-json\/wp\/v2\/types\/product"}],"replies":[{"embeddable":true,"href":"https:\/\/pharmacima.com\/ar\/wp-json\/wp\/v2\/comments?post=23685"}],"wp:featuredmedia":[{"embeddable":true,"href":"https:\/\/pharmacima.com\/ar\/wp-json\/wp\/v2\/media\/23688"}],"wp:attachment":[{"href":"https:\/\/pharmacima.com\/ar\/wp-json\/wp\/v2\/media?parent=23685"}],"wp:term":[{"taxonomy":"product_brand","embeddable":true,"href":"https:\/\/pharmacima.com\/ar\/wp-json\/wp\/v2\/product_brand?post=23685"},{"taxonomy":"product_cat","embeddable":true,"href":"https:\/\/pharmacima.com\/ar\/wp-json\/wp\/v2\/product_cat?post=23685"},{"taxonomy":"product_tag","embeddable":true,"href":"https:\/\/pharmacima.com\/ar\/wp-json\/wp\/v2\/product_tag?post=23685"}],"curies":[{"name":"wp","href":"https:\/\/api.w.org\/{rel}","templated":true}]}}