{"id":23744,"date":"2022-11-02T11:52:08","date_gmt":"2022-11-02T10:52:08","guid":{"rendered":"https:\/\/pharmacima.dz\/?post_type=product&#038;p=23744"},"modified":"2026-04-19T12:39:23","modified_gmt":"2026-04-19T11:39:23","slug":"test-de-grossesse-detection-clearblue","status":"publish","type":"product","link":"https:\/\/pharmacima.com\/ar\/product\/test-de-grossesse-detection-clearblue\/","title":{"rendered":"\u0627\u062e\u062a\u0628\u0627\u0631 \u0627\u0644\u062d\u0645\u0644 Clearblue Ultra \u0644\u0644\u0643\u0634\u0641 \u0627\u0644\u0645\u0628\u0643\u0631"},"content":{"rendered":"<h2><strong>\u0648\u0635\u0641 :\u00a0<\/strong><\/h2>\n<div class=\"claim\">\n<div class=\"imgblock112\">\n<p class=\"color-dark-blue\"><strong>\u064a\u0633\u0645\u062d \u0644\u0643 \u0628\u0625\u062c\u0631\u0627\u0621 \u0627\u0644\u0627\u062e\u062a\u0628\u0627\u0631 \u0642\u0628\u0644 6 \u0623\u064a\u0627\u0645<\/strong><sup>1<\/sup><\/p>\n<p>Le Test de Grossesse Clearblue D\u00e9tection Pr\u00e9coce constitue notre test le plus sensible : cela signifie que vous pouvez effectuer un test jusqu&rsquo;\u00e0 6 jours avant la date de retard de vos r\u00e8gles (ce qui correspond \u00e0 5 jours avant la date pr\u00e9sum\u00e9e de vos r\u00e8gles).<sup>1<\/sup><\/p>\n<\/div>\n<\/div>\n<div class=\"claim\">\n<div class=\"imgblock112\">\n<p class=\"color-dark-blue\"><strong>\u0645\u0648\u062b\u0648\u0642 \u0628\u0647 \u0623\u0643\u062b\u0631 \u0645\u0646 99 %<\/strong><sup>2<\/sup><\/p>\n<p>\u0645\u0646 \u0627\u0644\u0645\u0648\u0639\u062f \u0627\u0644\u0645\u062a\u0648\u0642\u0639 \u0644\u0644\u062f\u0648\u0631\u0629 \u0627\u0644\u0634\u0647\u0631\u064a\u0629.<\/p>\n<\/div>\n<\/div>\n<div class=\"claim\">\n<div class=\"imgblock112\">\n<p class=\"color-dark-blue\"><b>\u0633\u0647\u0644\u0629 \u0627\u0644\u0627\u0633\u062a\u062e\u062f\u0627\u0645<\/b><\/p>\n<p>Clearblue propose un design sp\u00e9cifique, avec notamment un b\u00e2tonnet plus long et incurv\u00e9, et une tige contr\u00f4le large et changeant de couleur.<\/p>\n<\/div>\n<\/div>\n<div class=\"claim\">\n<div class=\"imgblock112\">\n<p class=\"color-dark-blue\"><strong>Technologie Floodguard&#x2122; (anti-d\u00e9bordement) unique<\/strong><\/p>\n<p>\u0627\u0644\u062a\u0643\u0646\u0648\u0644\u0648\u062c\u064a\u0627 \u0644\u062f\u064a\u0646\u0627\u00a0<span class=\"s1\">Floodguard&#x2122;\u00a0<\/span>\u0641\u0631\u064a\u062f\u0629 \u0645\u0646 \u0646\u0648\u0639\u0647\u0627 \u062a\u0633\u0645\u062d \u0628\u062a\u0642\u0644\u064a\u0644 \u0627\u0644\u0633\u0628\u0628 \u0627\u0644\u0631\u0626\u064a\u0633\u064a \u0644\u062e\u0637\u0623 \u0627\u0644\u0645\u0633\u062a\u062e\u062f\u0645\u060c \u0648\u0628\u0627\u0644\u062a\u0627\u0644\u064a \u062a\u0633\u0647\u064a\u0644 \u0625\u062c\u0631\u0627\u0621 \u0627\u0644\u0627\u062e\u062a\u0628\u0627\u0631.<sup>3<\/sup><\/p>\n<div class=\"imgblock112\">\n<h2 class=\"color-dark-blue\"><strong>\u0645\u0646 \u0627\u0644\u0633\u0647\u0644 \u0642\u0631\u0627\u0621\u0629 \u0627\u0644\u0646\u062a\u0627\u0626\u062c<\/strong><\/h2>\n<p>\u0639\u0631\u0636 \u0648\u0627\u0636\u062d \u0648\u0628\u0633\u064a\u0637 \u0644\u0644\u0646\u062a\u064a\u062c\u0629\u061b \u0633\u0637\u0631\u064a\u0646 \u0625\u0630\u0627 \u0643\u0646\u062a\u0650 \u062d\u0627\u0645\u0644\u0627\u064b\u060c \u0648\u062e\u0637 \u0648\u0627\u062d\u062f \u0625\u0630\u0627 \u0644\u0645 \u062a\u0643\u0648\u0646\u064a \u062d\u0627\u0645\u0644\u0627\u064b.<sup>4<\/sup><\/p>\n<\/div>\n<\/div>\n<\/div>","protected":false},"excerpt":{"rendered":"<h3><span style=\"color: #3366ff;\"><strong>\u0642\u0645 \u0628\u0625\u062c\u0631\u0627\u0621 \u0627\u062e\u062a\u0628\u0627\u0631 \u0644\u0645\u062f\u0629 \u062a\u0635\u0644 \u0625\u0644\u0649 6 \u0623\u064a\u0627\u0645 \u0642\u0628\u0644 \u0645\u0648\u0639\u062f \u0627\u0644\u062f\u0648\u0631\u0629 \u0627\u0644\u0634\u0647\u0631\u064a\u0629.<\/strong><\/span><\/h3>","protected":false},"featured_media":147972,"comment_status":"open","ping_status":"closed","template":"","meta":{"_acf_changed":false},"product_brand":[1404],"product_cat":[30],"product_tag":[],"class_list":{"0":"post-23744","1":"product","2":"type-product","3":"status-publish","4":"has-post-thumbnail","6":"product_brand-clearblue","7":"product_cat-diagnostic","9":"first","10":"outofstock","11":"taxable","12":"shipping-taxable","13":"purchasable","14":"product-type-simple"},"acf":[],"_links":{"self":[{"href":"https:\/\/pharmacima.com\/ar\/wp-json\/wp\/v2\/product\/23744","targetHints":{"allow":["GET"]}}],"collection":[{"href":"https:\/\/pharmacima.com\/ar\/wp-json\/wp\/v2\/product"}],"about":[{"href":"https:\/\/pharmacima.com\/ar\/wp-json\/wp\/v2\/types\/product"}],"replies":[{"embeddable":true,"href":"https:\/\/pharmacima.com\/ar\/wp-json\/wp\/v2\/comments?post=23744"}],"wp:featuredmedia":[{"embeddable":true,"href":"https:\/\/pharmacima.com\/ar\/wp-json\/wp\/v2\/media\/147972"}],"wp:attachment":[{"href":"https:\/\/pharmacima.com\/ar\/wp-json\/wp\/v2\/media?parent=23744"}],"wp:term":[{"taxonomy":"product_brand","embeddable":true,"href":"https:\/\/pharmacima.com\/ar\/wp-json\/wp\/v2\/product_brand?post=23744"},{"taxonomy":"product_cat","embeddable":true,"href":"https:\/\/pharmacima.com\/ar\/wp-json\/wp\/v2\/product_cat?post=23744"},{"taxonomy":"product_tag","embeddable":true,"href":"https:\/\/pharmacima.com\/ar\/wp-json\/wp\/v2\/product_tag?post=23744"}],"curies":[{"name":"wp","href":"https:\/\/api.w.org\/{rel}","templated":true}]}}