{"id":24000,"date":"2022-11-09T15:37:46","date_gmt":"2022-11-09T14:37:46","guid":{"rendered":"https:\/\/pharmacima.dz\/?post_type=product&#038;p=24000"},"modified":"2026-02-18T20:21:10","modified_gmt":"2026-02-18T19:21:10","slug":"gel-fortifiant-cils-et-sourcils-ecrinal","status":"publish","type":"product","link":"https:\/\/pharmacima.com\/ar\/product\/gel-fortifiant-cils-et-sourcils-ecrinal\/","title":{"rendered":"\u062c\u0644 Anp2+ \u0644\u062a\u0642\u0648\u064a\u0629 \u0627\u0644\u0631\u0645\u0648\u0634 \u0648\u0627\u0644\u062d\u0648\u0627\u062c\u0628 9 \u0645\u0644 \u0625\u0643\u0631\u064a\u0646\u0627\u0644"},"content":{"rendered":"<h2><strong>\u0648\u0635\u0641 :\u00a0<\/strong><\/h2>\n<p>Ecrinal Le Gel Fortifiant \u00e0 l&rsquo;A.N.P2+ est destin\u00e9 aux cils et sourcils trop courts ou d\u00e9ficients.<br \/>\n\u064a\u062d\u0645\u064a \u0648\u064a\u0642\u0648\u064a \u0627\u0644\u062c\u0630\u0639 \u0627\u0644\u0647\u062f\u0628\u064a.<br \/>\n\u0642\u0648\u0627\u0645\u0647 \u063a\u064a\u0631 \u062f\u0647\u0646\u064a \u0648\u063a\u064a\u0631 \u0645\u0631\u0626\u064a \u062a\u0645\u0627\u0645\u0627 \u0639\u0644\u0649 \u0627\u0644\u0631\u0645\u0648\u0634.<br \/>\n\u064a\u062c\u0639\u0644 \u0645\u0646 \u0627\u0644\u0633\u0647\u0644 \u062d\u0645\u0644 \u0627\u0644\u0645\u0627\u0633\u0643\u0627\u0631\u0627.<br \/>\n\u064a\u062d\u062f \u0647\u0630\u0627 \u0627\u0644\u0645\u0646\u062a\u062c \u0645\u0646 \u0641\u0642\u062f\u0627\u0646 \u0627\u0644\u0631\u0645\u0648\u0634 \u0648\u0627\u0644\u062d\u0648\u0627\u062c\u0628 \u0648\u064a\u0633\u0627\u0639\u062f \u0639\u0644\u0649 \u062a\u062d\u0641\u064a\u0632 \u0625\u0639\u0627\u062f\u0629 \u0646\u0645\u0648\u0647\u0627.<br \/>\n\u062a\u0631\u0643\u064a\u0628\u062a\u0647 \u062d\u0635\u0631\u064a\u0629\u060c \u0641\u0647\u064a \u062a\u062c\u0645\u0639 \u0628\u064a\u0646 \u0627\u0644\u0645\u0643\u0648\u0646\u0627\u062a \u0627\u0644\u0646\u0634\u0637\u0629 \u0627\u0644\u0645\u0642\u0648\u064a\u0629 \u0648\u062a\u062d\u0641\u0632 \u0646\u0645\u0648 \u0627\u0644\u0631\u0645\u0648\u0634 (ANP2+: \u0628\u0631\u0627\u0621\u0629 \u0627\u062e\u062a\u0631\u0627\u0639 ASEPTA\u060c \u062b\u0644\u0627\u062b\u064a \u0627\u0644\u0628\u0628\u062a\u064a\u062f \u0648\u0628\u0631\u0648\u0641\u064a\u062a\u0627\u0645\u064a\u0646 B5).<\/p>\n<p>\u0627\u0644\u062c\u0644 \u0645\u0646\u0627\u0633\u0628 \u0644\u0644\u0639\u064a\u0648\u0646 \u0627\u0644\u062d\u0633\u0627\u0633\u0629 \u0648\u0645\u0631\u062a\u062f\u064a \u0627\u0644\u0639\u062f\u0633\u0627\u062a \u0627\u0644\u0644\u0627\u0635\u0642\u0629.<\/p>\n<h2><strong>\u0627\u0633\u062a\u062e\u062f\u0627\u0645 \u0627\u0644\u0645\u0634\u0648\u0631\u0629:\u00a0<\/strong><\/h2>\n<p>\u064a\u0633\u062a\u062e\u062f\u0645 \u0641\u064a \u0627\u0644\u0645\u0633\u0627\u0621 \u0643\u0639\u0644\u0627\u062c \u0644\u0645\u062f\u0629 \u0634\u0647\u0631\u064a\u0646 \u0625\u0644\u0649 \u062b\u0644\u0627\u062b\u0629 \u0623\u0634\u0647\u0631 \u0645\u062a\u062a\u0627\u0644\u064a\u0629.<br \/>\n- \u0636\u0639\u064a\u0647 \u0628\u0627\u0633\u062a\u062e\u062f\u0627\u0645 \u0641\u0631\u0634\u0627\u0629 \u062a\u0648\u0632\u064a\u0639 \u0627\u0644\u0645\u0643\u064a\u0627\u062c \u0639\u0644\u0649 \u0627\u0644\u0631\u0645\u0648\u0634 \u0648\u0627\u0644\u062d\u0648\u0627\u062c\u0628 \u0627\u0644\u0646\u0638\u064a\u0641\u0629 \u062a\u0645\u0627\u0645\u064b\u0627\u060c \u0645\u0639 \u0625\u064a\u0644\u0627\u0621 \u0627\u0647\u062a\u0645\u0627\u0645 \u062e\u0627\u0635 \u0644\u0644\u062c\u0630\u0648\u0631.<br \/>\n- \u0641\u064a \u0627\u0644\u0635\u0628\u0627\u062d\u060c \u0642\u0648\u0645\u064a \u0628\u0625\u0632\u0627\u0644\u0629 \u0628\u0627\u0642\u064a \u0627\u0644\u0645\u0646\u062a\u062c \u0628\u0627\u0633\u062a\u062e\u062f\u0627\u0645 \u0645\u0632\u064a\u0644 \u0627\u0644\u0645\u0643\u064a\u0627\u062c \u0642\u0628\u0644 \u0648\u0636\u0639 \u0627\u0644\u0645\u0643\u064a\u0627\u062c.<br \/>\n\u2013 \u064a\u0645\u0643\u0646\u0643 \u0628\u0639\u062f \u0630\u0644\u0643 \u0648\u0636\u0639 \u0627\u0644\u0645\u0627\u0633\u0643\u0627\u0631\u0627 \u0627\u0644\u062e\u0627\u0635\u0629 \u0628\u0643 \u0645\u0645\u0627 \u064a\u0633\u0647\u0644 \u0639\u0644\u064a\u0643 \u0625\u0645\u0633\u0627\u0643\u0647\u0627<\/p>\n<h2><strong>\u0627\u0644\u062a\u0631\u0643\u064a\u0628\u0629 :\u00a0<\/strong><\/h2>\n<p>Aqua (water), glycerin, macadamia ternifolia seed oil, panthenol, camelina sativa seed oil, polyacrylamide, polysorbate 20, isopropyl palmitate, c13-14 isoparaffin, vitis vinifera (grape) seed oil, phenoxyeethanol, ethylhexylglycerin, isopropyl myristate, laureth-7, parfum (fragrance),ecrinal, polyaminopropyl biguanide, silk amino acids, peg-20, tocopherol, capryloyl methionine\/silk amino acids methyl esthers, glycinesoja (soybean) oil,ecrinal, biotinoul tripeptide-1, helinathus annuus (sunflower) seed oil, citric acid<\/p>","protected":false},"excerpt":{"rendered":"<p><strong>\u062a\u0642\u0648\u064a\u0629 \u0627\u0644\u0631\u0645\u0648\u0634 \u0648\u0627\u0644\u062d\u0648\u0627\u062c\u0628<\/strong><br \/>\n<strong>ANP2+ \u062c\u0644 \u0639\u062f\u064a\u0645 \u0627\u0644\u0644\u0648\u0646<\/strong><br \/>\n<strong>\u064a\u062d\u0641\u0632 \u0627\u0644\u0646\u0645\u0648<\/strong><br \/>\n<strong>\u064a\u0637\u0648\u0644 \u0648\u064a\u0643\u062b\u0641 \u0627\u0644\u0631\u0645\u0648\u0634<\/strong><br \/>\n<strong>\u0645\u0646\u0627\u0633\u0628\u0629 \u0644\u0644\u0639\u064a\u0648\u0646 \u0627\u0644\u062d\u0633\u0627\u0633\u0629 \u0648\u064a\u0636\u0639\u0648\u0646 \u0627\u0644\u0639\u062f\u0633\u0627\u062a \u0627\u0644\u0644\u0627\u0635\u0642\u0629.<\/strong><\/p>","protected":false},"featured_media":144794,"comment_status":"open","ping_status":"closed","template":"","meta":{"_acf_changed":false},"product_brand":[1418],"product_cat":[102,141],"product_tag":[],"class_list":{"0":"post-24000","1":"product","2":"type-product","3":"status-publish","4":"has-post-thumbnail","6":"product_brand-ecrinal","7":"product_cat-soin-et-bien-etre","8":"product_cat-yeux","10":"first","11":"outofstock","12":"taxable","13":"shipping-taxable","14":"purchasable","15":"product-type-simple"},"acf":[],"_links":{"self":[{"href":"https:\/\/pharmacima.com\/ar\/wp-json\/wp\/v2\/product\/24000","targetHints":{"allow":["GET"]}}],"collection":[{"href":"https:\/\/pharmacima.com\/ar\/wp-json\/wp\/v2\/product"}],"about":[{"href":"https:\/\/pharmacima.com\/ar\/wp-json\/wp\/v2\/types\/product"}],"replies":[{"embeddable":true,"href":"https:\/\/pharmacima.com\/ar\/wp-json\/wp\/v2\/comments?post=24000"}],"wp:featuredmedia":[{"embeddable":true,"href":"https:\/\/pharmacima.com\/ar\/wp-json\/wp\/v2\/media\/144794"}],"wp:attachment":[{"href":"https:\/\/pharmacima.com\/ar\/wp-json\/wp\/v2\/media?parent=24000"}],"wp:term":[{"taxonomy":"product_brand","embeddable":true,"href":"https:\/\/pharmacima.com\/ar\/wp-json\/wp\/v2\/product_brand?post=24000"},{"taxonomy":"product_cat","embeddable":true,"href":"https:\/\/pharmacima.com\/ar\/wp-json\/wp\/v2\/product_cat?post=24000"},{"taxonomy":"product_tag","embeddable":true,"href":"https:\/\/pharmacima.com\/ar\/wp-json\/wp\/v2\/product_tag?post=24000"}],"curies":[{"name":"wp","href":"https:\/\/api.w.org\/{rel}","templated":true}]}}