{"id":24128,"date":"2022-11-13T11:46:46","date_gmt":"2022-11-13T10:46:46","guid":{"rendered":"https:\/\/pharmacima.dz\/?post_type=product&#038;p=24128"},"modified":"2025-12-01T09:54:00","modified_gmt":"2025-12-01T08:54:00","slug":"gel-lubrifiant-crazy-cherry-100ml-durex","status":"publish","type":"product","link":"https:\/\/pharmacima.com\/ar\/product\/gel-lubrifiant-crazy-cherry-100ml-durex\/","title":{"rendered":"\u062c\u0644 \u062a\u0634\u062d\u064a\u0645 \u0643\u0631\u064a\u0632\u064a \u0634\u064a\u0631\u064a 100 \u0645\u0644 \u062f\u064a\u0648\u0631\u0643\u0633"},"content":{"rendered":"<h2><strong>\u0648\u0635\u0641 :\u00a0<\/strong><\/h2>\n<ul>\n<li>\u0643\u0644 \u0631\u0627\u0626\u062d\u0629 \u0648\u0631\u0627\u0626\u062d\u0629 \u0627\u0644\u0643\u0631\u0632<\/li>\n<li>\u0628\u062f\u0648\u0646 \u0633\u0643\u0631*<\/li>\n<li>\u064a\u0645\u0643\u0646\u0643 \u0627\u0644\u062a\u062e\u0644\u0635 \u0645\u0646\u0647\u0627 \u0628\u0633\u0647\u0648\u0644\u0629 \u0639\u0646\u062f \u0627\u0644\u0627\u0646\u062a\u0647\u0627\u0621<\/li>\n<\/ul>\n<p>\u0647\u0644 \u0644\u062f\u064a\u0643 \u0627\u0644\u0642\u0644\u064a\u0644 \u0645\u0646 \u0627\u0644\u0631\u063a\u0628\u0629 \u0627\u0644\u0630\u0648\u0627\u0642\u0629\u061f \u0644\u0642\u062f \u0642\u0645\u0646\u0627 \u0628\u062a\u0642\u0644\u064a\u062f \u0646\u0643\u0647\u0629 \u0627\u0644\u0643\u0631\u0632 \u0627\u0644\u0637\u0627\u0632\u062c\u0629 \u0648\u0627\u0644\u062d\u0644\u0648\u0629 \u0641\u064a Durex Crazy Cherry. \u0645\u0639 \u0631\u0627\u0626\u062d\u0629 \u0627\u0644\u0643\u0631\u0632\u060c \u0641\u0647\u0648 \u0645\u0646\u0627\u0633\u0628 \u0644\u0644\u062c\u0645\u0627\u0639 \u0627\u0644\u0641\u0645\u0648\u064a \u0648\u0627\u0644\u0645\u0647\u0628\u0644\u064a \u0648\u0627\u0644\u0634\u0631\u062c\u064a. \u0648\u0644\u0623\u0646\u0647 \u062e\u0627\u0644\u064a \u0645\u0646 \u0627\u0644\u0633\u0643\u0631\u060c \u0641\u0644\u0627 \u062a\u062a\u0631\u062f\u062f \u0641\u064a \u0627\u0644\u0625\u0641\u0631\u0627\u0637 \u0641\u064a \u062a\u0646\u0627\u0648\u0644\u0647.<\/p>\n<ul>\n<li>\u062c\u0644 \u0630\u0648 \u0623\u0633\u0627\u0633 \u0645\u0627\u0626\u064a\u060c \u0639\u062f\u064a\u0645 \u0627\u0644\u0644\u0648\u0646\u060c \u063a\u064a\u0631 \u062f\u0647\u0646\u064a \u0648\u0635\u0627\u0644\u062d \u0644\u0644\u0623\u0643\u0644<\/li>\n<li>\u0645\u0646\u0627\u0633\u0628\u0629 \u0644\u0644\u062c\u0645\u0627\u0639 \u0639\u0646 \u0637\u0631\u064a\u0642 \u0627\u0644\u0641\u0645 \u0648\u0627\u0644\u0645\u0647\u0628\u0644 \u0648\u0627\u0644\u0634\u0631\u062c<\/li>\n<li>\u0645\u062a\u0648\u0627\u0641\u0642 \u0645\u0639 \u0627\u0644\u0648\u0627\u0642\u064a \u0627\u0644\u0630\u0643\u0631\u064a \u062f\u064a\u0648\u0631\u0643\u0633<\/li>\n<\/ul>\n<h2><strong>\u0627\u0633\u062a\u062e\u062f\u0627\u0645 \u0627\u0644\u0645\u0634\u0648\u0631\u0629:\u00a0<\/strong><\/h2>\n<p>\u0644\u0644\u0641\u062a\u062d\u060c \u0642\u0645 \u0628\u0625\u0632\u0627\u0644\u0629 \u0627\u0644\u063a\u0637\u0627\u0621 \u0648\u0623\u062f\u0631 \u0627\u0644\u0645\u0636\u062e\u0629. \u0628\u0636\u063a\u0637\u0629 \u0628\u0633\u064a\u0637\u0629 \u0639\u0644\u0649 \u0645\u0636\u062e\u0629 \u0627\u0644\u062c\u0631\u0639\u0627\u062a\u060c \u0642\u0645 \u0628\u062a\u062c\u0645\u064a\u0639 \u062c\u0631\u0639\u0629 \u0645\u0646 \u0627\u0644\u062c\u0644 \u0639\u0644\u0649 \u0623\u0635\u0627\u0628\u0639\u0643 \u0648\u062a\u0637\u0628\u064a\u0642\u0647\u0627 \u0639\u0644\u0649 \u0627\u0644\u0645\u0646\u0627\u0637\u0642 \u0627\u0644\u0645\u062b\u064a\u0631\u0629 \u0644\u0644\u0634\u0647\u0648\u0629 \u0627\u0644\u062c\u0646\u0633\u064a\u0629 \u0644\u062f\u064a\u0643. \u064a\u0645\u0643\u0646\u0643 \u062a\u0643\u0631\u0627\u0631 \u0627\u0644\u062a\u0637\u0628\u064a\u0642 \u0639\u062f\u0629 \u0645\u0631\u0627\u062a \u0643\u0645\u0627 \u062a\u0631\u064a\u062f.<\/p>\n<h2><strong>\u0627\u0644\u062a\u0631\u0643\u064a\u0628\u0629 :\u00a0<\/strong><\/h2>\n<p>\u062c\u0644\u064a\u0633\u0631\u064a\u0646\u060c \u0645\u0627\u0621\u060c \u0628\u0631\u0648\u0628\u064a\u0644\u064a\u0646 \u062c\u0644\u064a\u0643\u0648\u0644\u060c \u0647\u064a\u062f\u0631\u0648\u0643\u0633\u064a \u0625\u064a\u062b\u064a\u0644 \u0633\u0644\u0648\u0644\u0648\u0632\u060c \u062d\u0645\u0636 \u0627\u0644\u0628\u0646\u0632\u0648\u064a\u0643\u060c \u0631\u0627\u0626\u062d\u0629\u060c \u0633\u0643\u0627\u0631\u064a\u0646 \u0627\u0644\u0635\u0648\u062f\u064a\u0648\u0645\u060c \u0647\u064a\u062f\u0631\u0648\u0643\u0633\u064a\u062f \u0627\u0644\u0635\u0648\u062f\u064a\u0648\u0645\u060c \u0627\u0644\u0623\u0648\u062c\u064a\u0646\u0648\u0644.<\/p>","protected":false},"excerpt":{"rendered":"<p>DESCRIPTION :\u00a0 Tout l\u2019ar\u00f4me et le parfum des cerises Sans sucre* S\u2019\u00e9limine facilement quand vous avez termin\u00e9 Vous avez une petite envie gourmande ? Nous avons reproduit la saveur fra\u00eeche et douce des cerises dans notre Durex Crazy Cherry. A l\u2019ar\u00f4me de cerise, il convient pour les rapports oraux, vaginaux et anaux. Parce qu\u2019il est [&hellip;]<\/p>\n","protected":false},"featured_media":99149,"comment_status":"open","ping_status":"closed","template":"","meta":{"_acf_changed":false},"product_brand":[1407],"product_cat":[102,139],"product_tag":[],"class_list":{"0":"post-24128","1":"product","2":"type-product","3":"status-publish","4":"has-post-thumbnail","6":"product_brand-durex","7":"product_cat-soin-et-bien-etre","8":"product_cat-corps_","10":"first","11":"outofstock","12":"taxable","13":"shipping-taxable","14":"purchasable","15":"product-type-simple"},"acf":[],"_links":{"self":[{"href":"https:\/\/pharmacima.com\/ar\/wp-json\/wp\/v2\/product\/24128","targetHints":{"allow":["GET"]}}],"collection":[{"href":"https:\/\/pharmacima.com\/ar\/wp-json\/wp\/v2\/product"}],"about":[{"href":"https:\/\/pharmacima.com\/ar\/wp-json\/wp\/v2\/types\/product"}],"replies":[{"embeddable":true,"href":"https:\/\/pharmacima.com\/ar\/wp-json\/wp\/v2\/comments?post=24128"}],"wp:featuredmedia":[{"embeddable":true,"href":"https:\/\/pharmacima.com\/ar\/wp-json\/wp\/v2\/media\/99149"}],"wp:attachment":[{"href":"https:\/\/pharmacima.com\/ar\/wp-json\/wp\/v2\/media?parent=24128"}],"wp:term":[{"taxonomy":"product_brand","embeddable":true,"href":"https:\/\/pharmacima.com\/ar\/wp-json\/wp\/v2\/product_brand?post=24128"},{"taxonomy":"product_cat","embeddable":true,"href":"https:\/\/pharmacima.com\/ar\/wp-json\/wp\/v2\/product_cat?post=24128"},{"taxonomy":"product_tag","embeddable":true,"href":"https:\/\/pharmacima.com\/ar\/wp-json\/wp\/v2\/product_tag?post=24128"}],"curies":[{"name":"wp","href":"https:\/\/api.w.org\/{rel}","templated":true}]}}