{"id":2492,"date":"2020-08-12T14:17:55","date_gmt":"2020-08-12T13:17:55","guid":{"rendered":"https:\/\/pharmacima.dz\/?post_type=product&#038;p=2492"},"modified":"2026-03-03T12:50:51","modified_gmt":"2026-03-03T11:50:51","slug":"acm-depiwhite-s-soin-photo-protecteur-spf50","status":"publish","type":"product","link":"https:\/\/pharmacima.com\/ar\/product\/acm-depiwhite-s-soin-photo-protecteur-spf50\/","title":{"rendered":"D\u00e9piwhite .S SPF50+ 50ml ACM"},"content":{"rendered":"<div class=\"product-tabs\">\n<h1 class=\"tabs-title\">DESCRIPTION :<\/h1>\n<h2>D\u00e9piwhite .S SPF50+ Soin photo-protecteur \u00e9claircissant 50ml ACM<\/h2>\n<div class=\"std new-std\">\n<h2><strong>CETTE CR\u00c8ME PROT\u00c8GE DES UVA ET DES UVB LES PEAUX PR\u00c9SENTANT DES TACHES BRUNES LOCALIS\u00c9ES OU \u00c9TENDUES.<\/strong><\/h2>\n<h2>Cr\u00e8me solaire de tr\u00e8s haute protection pour le visage, le d\u00e9collet\u00e9\u00a0et les mains, elle s\u2019utilise aussi avant et apr\u00e8s les soins dermatologiques pour prot\u00e9ger la peau fragilis\u00e9e.<\/h2>\n<p>Gr\u00e2ce \u00e0 son association de filtres organiques et de filtres min\u00e9raux, le soin D\u00c9PIWHITE S SPF 50+ permet une protection solaire maximale sur l\u2019ensemble du spectre UVA\/UVB. Ce soin poss\u00e8de aussi une action d\u00e9pigmentante compl\u00e9mentaire gr\u00e2ce \u00e0 une association d\u2019actifs v\u00e9g\u00e9taux qui permet de freiner la surproduction de m\u00e9lanine et d\u2019att\u00e9nuer les taches pigmentaires ou de limiter leur r\u00e9apparition.<\/p>\n<p>Sa texture fluide et l\u00e9g\u00e8re, non parfum\u00e9e, invisible \u00e0 l\u2019application, r\u00e9siste \u00e0 l\u2019eau pour une protection optimale.<\/p>\n<\/div>\n<\/div>\n<div class=\"product-tabs\">\n<hr \/>\n<h2 class=\"tabs-title\"><span style=\"color: #000000;\"><strong>Conseils d&rsquo;utilisation :<\/strong><\/span><\/h2>\n<div class=\"std new-std\">\n<p>Utilisez votre\u00a0\u00e9cran solaire\u00a030 minutes avant toute\u00a0exposition. Renouvelez l&rsquo;application aussi souvent que necessaire.<\/p>\n<p>Rappel : il est d\u00e9conseill\u00e9 de s&rsquo;exposer trop longtemps au\u00a0soleil.<\/p>\n<\/div>\n<\/div>\n<div class=\"product-tabs\">\n<hr \/>\n<h2 class=\"tabs-title\"><span style=\"color: #000000;\">Composition :<\/span><\/h2>\n<div class=\"std new-std\">\n<p>Formule INCI :\u00a0Aqua (Water), Dicaprylyl Carbonate, Ethylhexyl Methoxycinnamate, Octocrylene, Dipropylene Glycol, Butyl Methoxydibenzoylmethane, Isodecyl Neopentanoate, Steareth-21, C12-15 Alkyl Benzoate, Glyceryl Stearate, Bis-Ethylhexyloxyphenol Methoxyphenyl Triazine, Titanium Dioxide [Nano], Ethylhexyl Triazone, Pearl Powder, Reseda Luteola Extract, Arctostaphylos Uva Ursi Leaf Extract, Carum Petroselinum (Parsley) Extract, VP\/Eicosene Copolymer, Polyacrylamide, C13-14 Isoparaffin, Aluminum Hydroxide, Stearic Acid, Xanthan Gum, Laureth-7, Propylene Glycol, Phenoxyethanol, Chlorphenesin, BHT, Citric Acid, Potassium Sorbate, Disodium EDTA.<\/p>\n<\/div>\n<\/div>\n<p>&nbsp;<\/p>\n<p>ACM<\/p>\n","protected":false},"excerpt":{"rendered":"<h3><span style=\"color: #cf1386;\"><strong>Soin photo-protecteur \u00e9claircissant ACM<\/strong><\/span><\/h3>\n<p>\u064a\u0645\u0646\u0639 \u0638\u0647\u0648\u0631 \u0627\u0644\u0628\u0642\u0639 \u0627\u0644\u0628\u0646\u064a\u0629<br \/>\n\u0642\u0637\u0639 \u0623\u064a\u062f\u064a \u0627\u0644\u0648\u062c\u0647<\/p>\n<p><em><strong>\u0633\u0639\u0629<\/strong><\/em>: 50 \u0645\u0644<\/p>","protected":false},"featured_media":149594,"comment_status":"open","ping_status":"closed","template":"","meta":{"_acf_changed":false},"product_brand":[1567],"product_cat":[102,136,137],"product_tag":[],"class_list":{"0":"post-2492","1":"product","2":"type-product","3":"status-publish","4":"has-post-thumbnail","6":"product_brand-acm","7":"product_cat-soin-et-bien-etre","8":"product_cat-protection-solaire","9":"product_cat-visage","11":"first","12":"outofstock","13":"taxable","14":"shipping-taxable","15":"purchasable","16":"product-type-simple"},"acf":[],"_links":{"self":[{"href":"https:\/\/pharmacima.com\/ar\/wp-json\/wp\/v2\/product\/2492","targetHints":{"allow":["GET"]}}],"collection":[{"href":"https:\/\/pharmacima.com\/ar\/wp-json\/wp\/v2\/product"}],"about":[{"href":"https:\/\/pharmacima.com\/ar\/wp-json\/wp\/v2\/types\/product"}],"replies":[{"embeddable":true,"href":"https:\/\/pharmacima.com\/ar\/wp-json\/wp\/v2\/comments?post=2492"}],"wp:featuredmedia":[{"embeddable":true,"href":"https:\/\/pharmacima.com\/ar\/wp-json\/wp\/v2\/media\/149594"}],"wp:attachment":[{"href":"https:\/\/pharmacima.com\/ar\/wp-json\/wp\/v2\/media?parent=2492"}],"wp:term":[{"taxonomy":"product_brand","embeddable":true,"href":"https:\/\/pharmacima.com\/ar\/wp-json\/wp\/v2\/product_brand?post=2492"},{"taxonomy":"product_cat","embeddable":true,"href":"https:\/\/pharmacima.com\/ar\/wp-json\/wp\/v2\/product_cat?post=2492"},{"taxonomy":"product_tag","embeddable":true,"href":"https:\/\/pharmacima.com\/ar\/wp-json\/wp\/v2\/product_tag?post=2492"}],"curies":[{"name":"wp","href":"https:\/\/api.w.org\/{rel}","templated":true}]}}